{"id":1040,"date":"2025-08-26T12:05:05","date_gmt":"2025-08-26T12:05:05","guid":{"rendered":"https:\/\/kuod-bayani.com\/?page_id=1040"},"modified":"2025-08-26T12:13:53","modified_gmt":"2025-08-26T12:13:53","slug":"certifikat-ucenje-orientalskega-plesa","status":"publish","type":"page","link":"https:\/\/kuod-bayani.com\/index.php\/tecaji\/certifikat-ucenje-orientalskega-plesa\/","title":{"rendered":"CERTIFIKAT: U\u010cENJE ORIENTALSKEGA PLESA"},"content":{"rendered":"\n\n\n\n\n<div class=\"wp-block-columns is-layout-flex wp-container-core-columns-is-layout-9d6595d7 wp-block-columns-is-layout-flex\">\n<div class=\"wp-block-column is-layout-flow wp-block-column-is-layout-flow\" style=\"flex-basis:18.75%\"><\/div>\n\n\n\n<div class=\"wp-block-column is-layout-flow wp-block-column-is-layout-flow\" style=\"flex-basis:37.5%\"><h1 style=\"font-size: 27px;letter-spacing: 0px;text-transform: None;, sans-serif;font-weight: Normal;line-height: 40px\" class=\"ub_advanced_heading wp-block-ub-advanced-heading\" id=\"ub-advanced-heading-6e3779e4-dff4-4023-8f11-98fc7f0c8ae8\" data-blockid=\"6e3779e4-dff4-4023-8f11-98fc7f0c8ae8\">Bayani orient akademija vabi: pridru\u017ei se skupini vedo\u017eeljnih plesalk in plesalcev pri izobra\u017eevanju za pedagoga\/-injo plesa, kjer se bomo skupaj poglabljali v zakladnico orientalskega plesnega sveta, se dru\u017eili, ustvarjali, u\u010dili in vse skupaj za\u010dinili s certifikatom za u\u010ditelja\/-ico orientalskega plesa.<\/h1>\n\n\n<div class=\"wp-block-columns is-layout-flex wp-container-core-columns-is-layout-9d6595d7 wp-block-columns-is-layout-flex\">\n<div class=\"wp-block-column is-layout-flow wp-block-column-is-layout-flow\"><\/div>\n\n\n\n<div class=\"wp-block-column is-layout-flow wp-block-column-is-layout-flow\"><\/div>\n\n\n\n<div class=\"wp-block-column is-layout-flow wp-block-column-is-layout-flow\"><\/div>\n\n\n\n<div class=\"wp-block-column is-layout-flow wp-block-column-is-layout-flow\"><\/div>\n\n\n\n<div class=\"wp-block-column is-layout-flow wp-block-column-is-layout-flow\"><\/div>\n<\/div>\n<\/div>\n\n\n\n<div class=\"wp-block-column is-layout-flow wp-block-column-is-layout-flow\" style=\"flex-basis:18.75%\">\n<figure class=\"wp-block-image size-large\"><img fetchpriority=\"high\" decoding=\"async\" width=\"1024\" height=\"820\" src=\"https:\/\/kuod-bayani.com\/wp-content\/uploads\/2025\/08\/20231125_142057-1024x820.jpg\" alt=\"\" class=\"wp-image-1041\" srcset=\"https:\/\/kuod-bayani.com\/wp-content\/uploads\/2025\/08\/20231125_142057-1024x820.jpg 1024w, https:\/\/kuod-bayani.com\/wp-content\/uploads\/2025\/08\/20231125_142057-300x240.jpg 300w, https:\/\/kuod-bayani.com\/wp-content\/uploads\/2025\/08\/20231125_142057-768x615.jpg 768w, https:\/\/kuod-bayani.com\/wp-content\/uploads\/2025\/08\/20231125_142057-1536x1230.jpg 1536w, https:\/\/kuod-bayani.com\/wp-content\/uploads\/2025\/08\/20231125_142057.jpg 1789w\" sizes=\"(max-width: 1024px) 100vw, 1024px\" \/><figcaption class=\"wp-element-caption\">Bayani orient akademija, letnik 2023<\/figcaption><\/figure>\n<\/div>\n\n\n\n<div class=\"wp-block-column is-layout-flow wp-block-column-is-layout-flow\" style=\"flex-basis:25%\"><\/div>\n<\/div>\n\n\n\n<div class=\"wp-block-columns is-layout-flex wp-container-core-columns-is-layout-9d6595d7 wp-block-columns-is-layout-flex\">\n<div class=\"wp-block-column is-layout-flow wp-block-column-is-layout-flow\" style=\"flex-basis:20%\"><\/div>\n\n\n\n<div class=\"wp-block-column is-layout-flow wp-block-column-is-layout-flow\" style=\"flex-basis:20%\">\n<div class=\"wp-block-group\"><div class=\"wp-block-group__inner-container is-layout-constrained wp-block-group-is-layout-constrained\">\n<p><strong><u>Teme, ki jih bomo obdelali:<\/u><\/strong> <\/p>\n\n\n\n<p>* osnovna plesna tehnika po modelu <strong>1001 gib orientalskega plesa:<\/strong> sistemizacija gibov, urjenje, didaktika pou\u010devanja, priprava koreografije;<\/p>\n\n\n\n<p>* nadgradnja osnovne plesne tehnike, urjenje novih gibov, korakov in kombinacij;<\/p>\n\n\n\n<p>*poznavanje <strong>osnovnih treh plesnih rekvizitov<\/strong> (tan\u010dica, palica, \u010dinelice) in gibov z njimi;<\/p>\n\n\n\n<p>*stilizacije; osnove arabskih folklor; <strong>shaabi; baladi<\/strong>;<\/p>\n\n\n\n<p>*<strong>osnovni arabski ritmi<\/strong>, osnovno poznavanje raznolike arabske glasbe, analiza glasbe, <strong>muzikalnost<\/strong>, melodi\u010dnost, glasbila, glasbeniki;<\/p>\n\n\n\n<p>*<strong>zgodovina orientalskega plesa<\/strong> vse do danes;<\/p>\n\n\n\n<p>*<strong>didaktika<\/strong>, didakti\u010dni pripomo\u010dki, metodologija pou\u010devanja in osnove andragogike.<\/p>\n<\/div><\/div>\n<\/div>\n\n\n\n<div class=\"wp-block-column is-layout-flow wp-block-column-is-layout-flow\" style=\"flex-basis:20%\">\n<p><strong><u>Delo bo potekalo na razli\u010dne na\u010dine:<\/u><\/strong><\/p>\n\n\n\n<div class=\"wp-block-group\"><div class=\"wp-block-group__inner-container is-layout-constrained wp-block-group-is-layout-constrained\">\n<p>*klasi\u010dna in kreativna plesne vadbe,<\/p>\n\n\n\n<p>*urjenje gibov, korakov, kombinacij,<\/p>\n\n\n\n<p>*kratke koreografije,<\/p>\n\n\n\n<p>*predavanja,<\/p>\n\n\n\n<p>*diskusije,<\/p>\n\n\n\n<p>*predstavitve,<\/p>\n\n\n\n<p>*doma\u010de naloge,<\/p>\n\n\n\n<p>*individualno delo (vsaka udele\u017eenka bo znotraj izobra\u017eevanja dele\u017ena tudi individualne obravnave).<\/p>\n<\/div><\/div>\n<\/div>\n\n\n\n<div class=\"wp-block-column is-layout-flow wp-block-column-is-layout-flow\" style=\"flex-basis:20%\">\n<p><strong><u>Po koncu izobra\u017eevanja boste pridobili:<\/u><\/strong><\/p>\n\n\n\n<p>*<strong>certifikat;<\/strong><\/p>\n\n\n\n<p>*poglobljeno in nadgrajeno znanje o plesni tehniki;<\/p>\n\n\n\n<p>*poglobljeno poznavanje orientalskega plesa in MENATH folklor;<\/p>\n\n\n\n<p>*globlje poznavanje kulture, ki stoji za plesom;<\/p>\n\n\n\n<p>*u\u010dni material in spletno podporo, ki vam bo pomagala pri u\u010denju in pri va\u0161em nadaljnjem ustvarjanju;<\/p>\n\n\n\n<p>*pedago\u0161ko-andrago\u0161ko znanje.<\/p>\n<\/div>\n\n\n\n<div class=\"wp-block-column is-layout-flow wp-block-column-is-layout-flow\" style=\"flex-basis:20%\"><\/div>\n<\/div>\n\n\n\n<div class=\"wp-block-columns is-layout-flex wp-container-core-columns-is-layout-9d6595d7 wp-block-columns-is-layout-flex\">\n<div class=\"wp-block-column is-layout-flow wp-block-column-is-layout-flow\" style=\"flex-basis:25%\"><\/div>\n\n\n\n<div class=\"wp-block-column is-layout-flow wp-block-column-is-layout-flow\" style=\"flex-basis:50%\">\n<p><strong>Izobra\u017eevanje bo potekalo v obliki \u0161estih sre\u010danj od 4. oktobra do 19. aprila<\/strong>. Vsako sre\u010danje bo potekalo 6 ur, med vikendom: ob sobotah med 16.00 in 19.00, in ob nedeljah med 10.00 in 13.00. Va\u0161a mentorica bo <a href=\"https:\/\/kuod-bayani.com\/index.php\/ekipa\/natasa-kocar\/\" data-type=\"page\" data-id=\"667\">Nata\u0161a Ko\u010dar<\/a>, mednarodno priznana plesalka in pedagoginja orientalskega plesa. <\/p>\n\n\n\n<p><\/p>\n\n\n<div style=\"background-color: #f8f8f8; border-width: 2px; border-color: #ECECEC; \" class=\"ub_call_to_action wp-block-ub-call-to-action-block\" id=\"ub_call_to_action_1211198c-5721-400b-a450-cdd53a3034c9\">\n\t\t\t<div class=\"ub_call_to_action_headline\">\n\t\t\t\t<p class=\"ub_call_to_action_headline_text\" style=\"font-size: 30px; text-align: center; \"><u>Izobra\u017eevanje je razdeljeno v dva modula:<\/u><br><strong><em>JESENSKO-ZIMSKI MODUL<\/em><\/strong> <br>(oktober \u2013januar) <br><br><strong><em>SPOMLADANSKI MODUL<\/em><\/strong> <br>(marec-april)<\/p>\n\t\t\t<\/div>\n\t\t\t<div class=\"ub_call_to_action_content\">\n\t\t\t\t<p class=\"ub_cta_content_text\" style=\"font-size: 15px; text-align: center; \">Vmesni \u010das (februar) bo namenjen individualnemu delu in spletnemu \u0161tudiju.<\/p>\n\t\t\t<\/div>\n\t\t\t<div class=\"ub_call_to_action_button\">\n\t\t\t\t<a href=\"https:\/\/kuod-bayani.com\/index.php\/kontakt\/\" target=\"_blank\" rel=\"noopener noreferrer\" class=\"ub_cta_button\" style=\"background-color: #fcb900; width: 500px; \">\n\t\t\t\t\t<p class=\"ub_cta_button_text\" style=\"font-size: 26px; \"><strong><u>Datum izobra\u017eevanj za sezono 2025\/2026<\/u><\/strong> : <br>4.\/5.10., 8.\/9.11., 6.\/7.12., 10.\/11.1., 28.\/29.3., 18.\/19.4.<\/p>\n\t\t\t\t<\/a>\n\t\t\t<\/div>\n\t\t<\/div>\n\n\n<p><strong>Pogoji za priklju\u010ditev k programu:<\/strong><\/p>\n\n\n\n<p>+ <strong><em>obvezno \u010dlanstvo v skupini U\u010diteljski koti\u010dek<\/em><\/strong> v <a href=\"https:\/\/kuod-bayani.com\/index.php\/tecaji\/spletna-ucilnica-natase-kocar\/\" data-type=\"page\" data-id=\"569\">spletni u\u010dilnici Patreon<\/a> ves \u010das trajanja programa (oktober &#8211; april),<\/p>\n\n\n\n<p>+ vsaj 3 leta izku\u0161enj z rednim tedenskim plesom orientalskega plesa.<\/p>\n\n\n\n<div class=\"wp-block-columns is-layout-flex wp-container-core-columns-is-layout-9d6595d7 wp-block-columns-is-layout-flex\">\n<div class=\"wp-block-column is-layout-flow wp-block-column-is-layout-flow\"><\/div>\n\n\n\n<div class=\"wp-block-column is-layout-flow wp-block-column-is-layout-flow\"><\/div>\n\n\n\n<div class=\"wp-block-column is-layout-flow wp-block-column-is-layout-flow\"><\/div>\n\n\n\n<div class=\"wp-block-column is-layout-flow wp-block-column-is-layout-flow\"><\/div>\n\n\n\n<div class=\"wp-block-column is-layout-flow wp-block-column-is-layout-flow\"><\/div>\n<\/div>\n<\/div>\n\n\n\n<div class=\"wp-block-column is-layout-flow wp-block-column-is-layout-flow\" style=\"flex-basis:25%\"><\/div>\n<\/div>\n\n\n<div style=\"gap: 20px;\" class=\"align-button-center ub-buttons orientation-button-row ub-flex-wrap wp-block-ub-button\" id=\"ub-button-4bb51c02-0838-41e2-b718-86b90946fa7d\"><div class=\"ub-button-container\">\n\t\t\t<a href=\"mailto:%20natasa.kocar@gmail.com\" target=\"_blank\" rel=\"noopener noreferrer  \" class=\"ub-button-block-main ub-button-large   ub-button-flex-large\" role=\"button\" style=\"--ub-button-background-color: transparent; --ub-button-color: #fcb900; --ub-button-border: 3px solid #fcb900; --ub-button-hover-color: #313131; --ub-button-hover-border: 3px solid #313131; border-top-left-radius: 10px;; border-top-right-radius: 10px;; border-bottom-left-radius: 10px;; border-bottom-right-radius: 10px;; \">\n\t\t\t\t<div class=\"ub-button-content-holder\" style=\"flex-direction: row\">\n\t\t\t\t\t<span class=\"ub-button-block-btn\">Ve\u010d podrobnosti o datumih sre\u010danj, pogojih priklju\u010ditve, prijavi in ceni<\/span>\n\t\t\t\t<\/div>\n\t\t\t<\/a>\n\t\t<\/div><\/div>\n\n\n<div class=\"wp-block-columns is-layout-flex wp-container-core-columns-is-layout-9d6595d7 wp-block-columns-is-layout-flex\">\n<div class=\"wp-block-column is-layout-flow wp-block-column-is-layout-flow\" style=\"flex-basis:33.34%\"><\/div>\n\n\n\n<div class=\"wp-block-column is-layout-flow wp-block-column-is-layout-flow\" style=\"flex-basis:33.34%\">\n<figure class=\"wp-block-embed is-type-video is-provider-youtube wp-block-embed-youtube wp-embed-aspect-16-9 wp-has-aspect-ratio\"><div class=\"wp-block-embed__wrapper\">\n<div class='embed-responsive embed-responsive-16by9'><iframe class=\"embed-responsive-item\" title=\"1001 ORIENTAL DANCE TIPS &amp; HINTS - knee shimmy\" width=\"660\" height=\"371\" src=\"https:\/\/www.youtube.com\/embed\/khXvY4BfFBk?feature=oembed&#038;modestbranding=1&#038;showinfo=0&#038;rel=0\"  allow=\"accelerometer; autoplay; clipboard-write; encrypted-media; gyroscope; picture-in-picture; web-share\" referrerpolicy=\"strict-origin-when-cross-origin\" allowfullscreen><\/iframe><\/div>\n<\/div><\/figure>\n<\/div>\n\n\n\n<div class=\"wp-block-column is-layout-flow wp-block-column-is-layout-flow\" style=\"flex-basis:33.33%\"><\/div>\n<\/div>\n","protected":false},"excerpt":{"rendered":"<p>Teme, ki jih bomo obdelali: * osnovna plesna tehnika po modelu 1001 gib orientalskega plesa: sistemizacija gibov, urjenje, didaktika pou\u010devanja, priprava koreografije; * nadgradnja osnovne plesne tehnike, urjenje novih gibov, korakov in kombinacij; *poznavanje osnovnih treh plesnih rekvizitov (tan\u010dica, palica, \u010dinelice) in gibov z njimi; *stilizacije; osnove arabskih folklor; shaabi; baladi; *osnovni arabski ritmi, osnovno poznavanje raznolike arabske glasbe, analiza [&hellip;]<\/p>\n","protected":false},"author":1,"featured_media":0,"parent":531,"menu_order":5,"comment_status":"closed","ping_status":"closed","template":"","meta":{"ub_ctt_via":"","footnotes":""},"class_list":["post-1040","page","type-page","status-publish","hentry"],"featured_image_src":null,"_links":{"self":[{"href":"https:\/\/kuod-bayani.com\/index.php\/wp-json\/wp\/v2\/pages\/1040","targetHints":{"allow":["GET"]}}],"collection":[{"href":"https:\/\/kuod-bayani.com\/index.php\/wp-json\/wp\/v2\/pages"}],"about":[{"href":"https:\/\/kuod-bayani.com\/index.php\/wp-json\/wp\/v2\/types\/page"}],"author":[{"embeddable":true,"href":"https:\/\/kuod-bayani.com\/index.php\/wp-json\/wp\/v2\/users\/1"}],"replies":[{"embeddable":true,"href":"https:\/\/kuod-bayani.com\/index.php\/wp-json\/wp\/v2\/comments?post=1040"}],"version-history":[{"count":7,"href":"https:\/\/kuod-bayani.com\/index.php\/wp-json\/wp\/v2\/pages\/1040\/revisions"}],"predecessor-version":[{"id":1050,"href":"https:\/\/kuod-bayani.com\/index.php\/wp-json\/wp\/v2\/pages\/1040\/revisions\/1050"}],"up":[{"embeddable":true,"href":"https:\/\/kuod-bayani.com\/index.php\/wp-json\/wp\/v2\/pages\/531"}],"wp:attachment":[{"href":"https:\/\/kuod-bayani.com\/index.php\/wp-json\/wp\/v2\/media?parent=1040"}],"curies":[{"name":"wp","href":"https:\/\/api.w.org\/{rel}","templated":true}]}}