{"id":228,"date":"2025-07-10T13:17:24","date_gmt":"2025-07-10T13:17:24","guid":{"rendered":"https:\/\/kuod-bayani.com\/?page_id=228"},"modified":"2025-08-08T09:41:45","modified_gmt":"2025-08-08T09:41:45","slug":"kdo-smo-bayani","status":"publish","type":"page","link":"https:\/\/kuod-bayani.com\/index.php\/kdo-smo-bayani\/","title":{"rendered":"KDO SMO BAYANI?"},"content":{"rendered":"\n<div class=\"wp-block-columns is-layout-flex wp-container-core-columns-is-layout-9d6595d7 wp-block-columns-is-layout-flex\">\n<div class=\"wp-block-column is-layout-flow wp-block-column-is-layout-flow\" style=\"flex-basis:20%\"><\/div>\n\n\n\n<div class=\"wp-block-column is-layout-flow wp-block-column-is-layout-flow\" style=\"flex-basis:15%\">\n<figure class=\"wp-block-image size-full is-style-default\"><img fetchpriority=\"high\" decoding=\"async\" width=\"1920\" height=\"1280\" src=\"https:\/\/kuod-bayani.com\/wp-content\/uploads\/2025\/08\/2024_06_08-bayani-20-let-5690.jpg\" alt=\"\" class=\"wp-image-746\" srcset=\"https:\/\/kuod-bayani.com\/wp-content\/uploads\/2025\/08\/2024_06_08-bayani-20-let-5690.jpg 1920w, https:\/\/kuod-bayani.com\/wp-content\/uploads\/2025\/08\/2024_06_08-bayani-20-let-5690-300x200.jpg 300w, https:\/\/kuod-bayani.com\/wp-content\/uploads\/2025\/08\/2024_06_08-bayani-20-let-5690-1024x683.jpg 1024w, https:\/\/kuod-bayani.com\/wp-content\/uploads\/2025\/08\/2024_06_08-bayani-20-let-5690-768x512.jpg 768w, https:\/\/kuod-bayani.com\/wp-content\/uploads\/2025\/08\/2024_06_08-bayani-20-let-5690-1536x1024.jpg 1536w\" sizes=\"(max-width: 1920px) 100vw, 1920px\" \/><\/figure>\n<\/div>\n\n\n\n<div class=\"wp-block-column is-layout-flow wp-block-column-is-layout-flow\" style=\"flex-basis:30%\">\n<p class=\"has-drop-cap\">Bayani smo dru\u0161tvo plesalk, ki jih <strong>\u017ee ve\u010d kot 20 let zdru\u017euje strast do orientalskega plesa<\/strong> v naj\u0161ir\u0161em pomenu, do njegovih folklornih in modernih interpretacij. Cilj dru\u0161tva je skozi vsa leta obstoja postaviti to plesno zvrst kot odrsko umetnost, enakovredno drugim plesnim stilom.<\/p>\n\n\n\n<p>Dru\u0161tvo skozi svoje delovanje izobra\u017euje, vadi in u\u010di <strong>folklore kultur MENATH, moderne orientalske plese, tribal fusion stil, format FCBL<\/strong> in s tem zaobjame kar najve\u010d stilov, ki jih lahko uvrstimo v pojem \u201corientalski ples\u201d (ang. <em>belly dance<\/em>). Prvih petnajst let delovanja smo se intenzivno posve\u010dale tudi klasi\u010dnemu indijskemu plesu <em>Kathak in modernem indijskem stilu &#8211; Bollywood<\/em>.<\/p>\n\n\n\n<p>V dru\u0161tvu organiziramo vsakoletne redne plesne te\u010daje orientalskega plesa, tribal fusion te\u010daj in te\u010daje jin joge. Od leta 2010 organiziramo tudi plesne po\u010ditnice (najpogosteje Egipt, ve\u010dkrat Tur\u010dija, na za\u010detku Indija), kjer se ve\u010d dni izobra\u017eujemo o lokalni kulturi, obiskujemo predstave in se u\u010dimo od lokalnih plesalk.<\/p>\n\n\n\n<p>Vsako leto na\u0161e delo predstavimo na zaklju\u010dni plesni predstavi v maju ali juniju, kjer se predstavijo vse plesne skupine z ob\u010dasnimi gosti. Redno pa nas lahko vidite na gostujo\u010dih predstavah in festivalih skozi celo leto. Za ve\u010d informacij se prijavite na <a href=\"https:\/\/docs.google.com\/forms\/d\/e\/1FAIpQLSeNTtjm3qHm4G40v3pNv1oocNrChdj2-zUGJyhfqHAlqsSsgg\/viewform?usp=header\">na\u0161 novi\u010dnik<\/a>.<\/p>\n<\/div>\n\n\n\n<div class=\"wp-block-column is-layout-flow wp-block-column-is-layout-flow\" style=\"flex-basis:15%\">\n<figure class=\"wp-block-image size-large\"><img decoding=\"async\" width=\"1024\" height=\"683\" src=\"https:\/\/kuod-bayani.com\/wp-content\/uploads\/2025\/07\/2025_05_31-bayani-produkcija-4187-1024x683.jpg\" alt=\"\" class=\"wp-image-483\" srcset=\"https:\/\/kuod-bayani.com\/wp-content\/uploads\/2025\/07\/2025_05_31-bayani-produkcija-4187-1024x683.jpg 1024w, https:\/\/kuod-bayani.com\/wp-content\/uploads\/2025\/07\/2025_05_31-bayani-produkcija-4187-300x200.jpg 300w, https:\/\/kuod-bayani.com\/wp-content\/uploads\/2025\/07\/2025_05_31-bayani-produkcija-4187-768x512.jpg 768w, https:\/\/kuod-bayani.com\/wp-content\/uploads\/2025\/07\/2025_05_31-bayani-produkcija-4187-1536x1024.jpg 1536w, https:\/\/kuod-bayani.com\/wp-content\/uploads\/2025\/07\/2025_05_31-bayani-produkcija-4187-2048x1365.jpg 2048w\" sizes=\"(max-width: 1024px) 100vw, 1024px\" \/><\/figure>\n<\/div>\n\n\n\n<div class=\"wp-block-column is-layout-flow wp-block-column-is-layout-flow\" style=\"flex-basis:20%\"><\/div>\n<\/div>\n\n\n\n<p><\/p>\n\n\n\n<hr class=\"wp-block-separator has-alpha-channel-opacity\"\/>\n\n\n\n<h1 class=\"wp-block-heading has-text-align-right\"><mark style=\"background-color:rgba(0, 0, 0, 0)\" class=\"has-inline-color has-cyan-bluish-gray-color\">POT DO SEDAJ<\/mark><\/h1>\n\n\n\n<div class=\"wp-block-columns is-layout-flex wp-container-core-columns-is-layout-9d6595d7 wp-block-columns-is-layout-flex\">\n<div class=\"wp-block-column is-layout-flow wp-block-column-is-layout-flow\" style=\"flex-basis:20%\"><\/div>\n\n\n\n<div class=\"wp-block-column is-layout-flow wp-block-column-is-layout-flow\" style=\"flex-basis:20%\">\n<p>Skupina Bayani se je formirala leta 2004 in se prvi\u010d uradno predstavila na prvem festivalu Kamfest v Kamniku. <em>Julia Tom\u0161i\u010d, Tanja Poto\u010dnik in Nata\u0161a Ko\u010dar<\/em> so jeseni 2004 za\u010dele pou\u010devati in nastopati orientalski ples v obliki neformalnega zdru\u017eenja Bayani. Leta 2005 zdru\u017eenje postane pravno formalno in odtlej nosi ime <strong>Kulturno umetni\u0161ko orientalsko dru\u0161tvo (KUOD) Bayani.<\/strong> Istega leta se je skupini pridru\u017eila <em>Manca Pavli<\/em>, ki nekaj let v Bayaniju pou\u010duje tribal fusion stil, preden ustanovi lastno dru\u0161tvo (KUD Tarab iz Dom\u017eal). Skupaj jih je povezala ljubezen do orientalskega plesa in bli\u017enjevzhodnih folklor, glasbe, pa tudi kulture in plesa nasploh.<\/p>\n<\/div>\n\n\n\n<div class=\"wp-block-column is-layout-flow wp-block-column-is-layout-flow\" style=\"flex-basis:20%\">\n<p>Leta 2008 se je dru\u0161tvu KUOD Bayani pridru\u017eila izku\u0161ena mlada plesalka in koreografinja <em>Sylvia Valentine<\/em>, ki je skupaj z Nata\u0161o Ko\u010dar v dru\u0161tvu vzpostavila sekcijo za indijski ples <strong>Shakti<\/strong>. Sylvia in Nata\u0161a sta bili \u017ee pred tem vrsto let plesni kolegici v skupini Nataraj, kjer sta plesali klasi\u010dni indijski ples bharat natyam. V dru\u0161tvu KUOD Bayani so plesalke pod vodstvom u\u010diteljice iz tujine Mayale Brache za\u010dele s klasi\u010dnim indijskim plesom kathak, Bollywoodom in indijskimi folklornimi plesi.<\/p>\n<\/div>\n\n\n\n<div class=\"wp-block-column is-layout-flow wp-block-column-is-layout-flow\" style=\"flex-basis:20%\">\n<p>Leta 2012 nadaljuje s pou\u010devanjem (tribal) fusion stila <em>Ur\u0161a Per\u010di\u010d<\/em>, \u010dlanica KUOD Bayani z najdalj\u0161im \u010dlanstvom. Ustanovi Arina tribe, naslednje leto odpre tudi ATS (FCBD) skupino. Leta 2014 za\u010dne s prvimi te\u010daji burleske, ki se kmalu razcvetijo v Glam Squad Burlesque dru\u0161tvo. Od leta 2018 to dru\u0161tvo postane samostojno in se preseli v Ljubljano.<\/p>\n<\/div>\n\n\n\n<div class=\"wp-block-column is-layout-flow wp-block-column-is-layout-flow\" style=\"flex-basis:20%\"><\/div>\n<\/div>\n\n\n\n<div class=\"wp-block-columns is-layout-flex wp-container-core-columns-is-layout-9d6595d7 wp-block-columns-is-layout-flex\">\n<div class=\"wp-block-column is-layout-flow wp-block-column-is-layout-flow\" style=\"flex-basis:33.34%\"><\/div>\n\n\n\n<div class=\"wp-block-column is-layout-flow wp-block-column-is-layout-flow\" style=\"flex-basis:33.34%\">\n<figure class=\"wp-block-embed is-type-video is-provider-youtube wp-block-embed-youtube wp-embed-aspect-16-9 wp-has-aspect-ratio\"><div class=\"wp-block-embed__wrapper\">\n<div class='embed-responsive embed-responsive-16by9'><iframe class=\"embed-responsive-item\" title=\"KUOD Bayani - na\u0161ih prvih 10 let \/ Our first 10 years\" width=\"660\" height=\"371\" src=\"https:\/\/www.youtube.com\/embed\/cLOIzuCfj94?feature=oembed&#038;modestbranding=1&#038;showinfo=0&#038;rel=0\"  allow=\"accelerometer; autoplay; clipboard-write; encrypted-media; gyroscope; picture-in-picture; web-share\" referrerpolicy=\"strict-origin-when-cross-origin\" allowfullscreen><\/iframe><\/div>\n<\/div><\/figure>\n<\/div>\n\n\n\n<div class=\"wp-block-column is-layout-flow wp-block-column-is-layout-flow\" style=\"flex-basis:33.33%\"><\/div>\n<\/div>\n\n\n\n<div class=\"wp-block-columns is-layout-flex wp-container-core-columns-is-layout-9d6595d7 wp-block-columns-is-layout-flex\">\n<div class=\"wp-block-column is-layout-flow wp-block-column-is-layout-flow\" style=\"flex-basis:20%\"><\/div>\n\n\n\n<div class=\"wp-block-column is-layout-flow wp-block-column-is-layout-flow\" style=\"flex-basis:20%\">\n<p>Ob 15. obletnici dru\u0161tva se sekcija za indijski ples zapre, ustanoviteljica dru\u0161tva, Nata\u0161a Ko\u010dar, pa se poglobi predvsem v egip\u010danski stil orientalskega plesa. Pri tem prednja\u010di raziskovanje korenin, predvsem folklor in razvoja Shaabija, po \u010demer Nata\u0161a postaja tudi izredno prepoznavna. Potovanja in raziskovanja v Egiptu od leta 2015 naprej postanejo njena stalnica. Na teh potovanjih pa se ji ve\u010dkrat pridru\u017eijo \u010dlanice dru\u0161tva.&nbsp;<\/p>\n<\/div>\n\n\n\n<div class=\"wp-block-column is-layout-flow wp-block-column-is-layout-flow\" style=\"flex-basis:20%\">\n<figure class=\"wp-block-embed is-type-video is-provider-youtube wp-block-embed-youtube wp-embed-aspect-16-9 wp-has-aspect-ratio\"><div class=\"wp-block-embed__wrapper\">\n<div class='embed-responsive embed-responsive-16by9'><iframe class=\"embed-responsive-item\" title=\"1001 ORIENTAL DANCE MOVES - ABOUT THE BOOK\" width=\"660\" height=\"371\" src=\"https:\/\/www.youtube.com\/embed\/hgj3WbRIx60?feature=oembed&#038;modestbranding=1&#038;showinfo=0&#038;rel=0\"  allow=\"accelerometer; autoplay; clipboard-write; encrypted-media; gyroscope; picture-in-picture; web-share\" referrerpolicy=\"strict-origin-when-cross-origin\" allowfullscreen><\/iframe><\/div>\n<\/div><\/figure>\n<\/div>\n\n\n\n<div class=\"wp-block-column is-layout-flow wp-block-column-is-layout-flow\" style=\"flex-basis:20%\">\n<p>Leta 2020 Nata\u0161a napi\u0161e prvo knjigo o pou\u010devanju orientalskega plesa, z naslovom <strong>1001 gib orientalskega plesa<\/strong>, ki izide v sloven\u0161\u010dini in angle\u0161\u010dini. Knjiga je do\u017eivela tudi mednarodno priznanje. Po epidemiji se Nata\u0161a odlo\u010di podpreti svoje raziskovanje plesne didaktike tudi s spletno u\u010dilnico. Leta <strong>2022<\/strong> <a href=\"https:\/\/kuod-bayani.com\/index.php\/tecaji\/spletna-ucilnica-natase-kocar\/\" data-type=\"page\" data-id=\"569\">postavi prvo slovensko &#8211; angle\u0161ko spletno u\u010dilnico za u\u010denje in pou\u010devanje orientalskega plesa na spletni platformi Patreon.com<\/a>.<\/p>\n<\/div>\n\n\n\n<div class=\"wp-block-column is-layout-flow wp-block-column-is-layout-flow\" style=\"flex-basis:20%\"><\/div>\n<\/div>\n\n\n\n<div style=\"height:43px\" aria-hidden=\"true\" class=\"wp-block-spacer\"><\/div>\n\n\n\n<div class=\"wp-block-columns is-layout-flex wp-container-core-columns-is-layout-9d6595d7 wp-block-columns-is-layout-flex\">\n<div class=\"wp-block-column is-layout-flow wp-block-column-is-layout-flow\" style=\"flex-basis:20%\"><\/div>\n\n\n\n<div class=\"wp-block-column is-layout-flow wp-block-column-is-layout-flow\" style=\"flex-basis:20%\">\n<p>Z letom 2022 \u0161tafeto tribal fusiona prevzame <em>Nerlisa Osmi\u010devi\u0107<\/em> s Silima skupino, z letom 2023 pa za\u010dne orientalski ples poleg Nata\u0161e pou\u010devati tudi njena dolgoletna u\u010denka in mojstrica plesa, <em>Nike Sekulo<\/em>.<\/p>\n<\/div>\n\n\n\n<div class=\"wp-block-column is-layout-flow wp-block-column-is-layout-flow\" style=\"flex-basis:20%\">\n<figure class=\"wp-block-image size-large\"><img decoding=\"async\" width=\"683\" height=\"1024\" src=\"https:\/\/kuod-bayani.com\/wp-content\/uploads\/2025\/07\/2024_06_08-bayani-20-let-4639-683x1024.jpg\" alt=\"\" class=\"wp-image-389\" srcset=\"https:\/\/kuod-bayani.com\/wp-content\/uploads\/2025\/07\/2024_06_08-bayani-20-let-4639-683x1024.jpg 683w, https:\/\/kuod-bayani.com\/wp-content\/uploads\/2025\/07\/2024_06_08-bayani-20-let-4639-200x300.jpg 200w, https:\/\/kuod-bayani.com\/wp-content\/uploads\/2025\/07\/2024_06_08-bayani-20-let-4639-768x1152.jpg 768w, https:\/\/kuod-bayani.com\/wp-content\/uploads\/2025\/07\/2024_06_08-bayani-20-let-4639-1024x1536.jpg 1024w, https:\/\/kuod-bayani.com\/wp-content\/uploads\/2025\/07\/2024_06_08-bayani-20-let-4639.jpg 1280w\" sizes=\"(max-width: 683px) 100vw, 683px\" \/><\/figure>\n<\/div>\n\n\n\n<div class=\"wp-block-column is-layout-flow wp-block-column-is-layout-flow\" style=\"flex-basis:20%\">\n<p>Leta 2024 obele\u017eimo <strong>prvih dvajset let delovanja dru\u0161tva s predstavo ORIENTALSKE PLESNE ZGODBE<\/strong>, ki je bila 8. 6. 2024 uprizorjena na odru Doma kulture Kamnik. 12. novembra istega leta, pa smo ta pomembni jubilej obele\u017eile \u0161e v Egiptu, v kraju Luksor, kamor \u017ee ve\u010d kot deset let hodimo nabirat znanje in navdih in kjer smo odplesale predstavo z egip\u010danskim bandom v \u017eivo.<\/p>\n<\/div>\n\n\n\n<div class=\"wp-block-column is-layout-flow wp-block-column-is-layout-flow\" style=\"flex-basis:20%\"><\/div>\n<\/div>\n\n\n\n<hr class=\"wp-block-separator has-alpha-channel-opacity is-style-wide\"\/>\n\n\n\n<div class=\"wp-block-columns is-layout-flex wp-container-core-columns-is-layout-9d6595d7 wp-block-columns-is-layout-flex\">\n<div class=\"wp-block-column is-layout-flow wp-block-column-is-layout-flow\" style=\"flex-basis:10%\"><\/div>\n\n\n\n<div class=\"wp-block-column is-layout-flow wp-block-column-is-layout-flow\" style=\"flex-basis:30%\">\n<p>V dvajsetih letih od prvega nastopa skupine Bayani se lahko KUOD Bayani pohvali s \u0161tevilnimi nastopi na prireditvah in predstavah doma in v tujini, z rednimi letnimi produkcijskimi predstavami plesne \u0161ole, ki deluje znotraj dru\u0161tva, ter <strong>enajstimi plesnimi<\/strong> predstavami. Do sedaj najbolj uspe\u0161na predstava, <strong>Hamsa (in kro\u017ena postavitev Hamsa Krog)<\/strong>, ki sta do\u017eiveli skupaj kar <strong>devet ponovitev<\/strong>, med drugim dvakratno v Lalish teatru na Dunaju in dvakratno v \u0160tihovi dvorani Cankarjevega doma. Dru\u0161tvo tudi redno sodeluje z Arabskim dru\u0161tvom iz Ljubljane na ve\u010derih arabske kuhinje ter z Arabskim kulturnim dru\u0161tvom Rozana iz Maribora.<\/p>\n<\/div>\n\n\n\n<div class=\"wp-block-column is-layout-flow wp-block-column-is-layout-flow\" style=\"flex-basis:20%\">\n<ul style=\"font-style:normal;font-weight:400;letter-spacing:1.4px;text-decoration:underline;text-transform:capitalize\" class=\"wp-block-list has-blush-bordeaux-gradient-background has-background has-medium-font-size\">\n<li>2005 Kasbah<\/li>\n\n\n\n<li>2006 Jalla jalla<\/li>\n\n\n\n<li>2007 Zaghareet<\/li>\n\n\n\n<li>2009 Hayeti<\/li>\n\n\n\n<li>2010 Kundalini<\/li>\n\n\n\n<li>2011 Zeina, tista druga \u017eenska<\/li>\n\n\n\n<li>2013 Om Shakti<\/li>\n\n\n\n<li>2015 Hamsa, 5 elementov orientalskega plesa<\/li>\n\n\n\n<li>2017 Hamsa Krog<\/li>\n\n\n\n<li>2018 Ankh<\/li>\n\n\n\n<li>2020 Banat Hewa<\/li>\n<\/ul>\n<\/div>\n\n\n\n<div class=\"wp-block-column is-layout-flow wp-block-column-is-layout-flow\" style=\"flex-basis:20%\">\n<figure class=\"wp-block-embed is-type-video is-provider-youtube wp-block-embed-youtube wp-embed-aspect-16-9 wp-has-aspect-ratio\"><div class=\"wp-block-embed__wrapper\">\n<div class='embed-responsive embed-responsive-16by9'><iframe class=\"embed-responsive-item\" title=\"HAMSA:KROG\/HAMSA:CIRCLE\" width=\"660\" height=\"371\" src=\"https:\/\/www.youtube.com\/embed\/ZtOgipLEhgo?feature=oembed&#038;modestbranding=1&#038;showinfo=0&#038;rel=0\"  allow=\"accelerometer; autoplay; clipboard-write; encrypted-media; gyroscope; picture-in-picture; web-share\" referrerpolicy=\"strict-origin-when-cross-origin\" allowfullscreen><\/iframe><\/div>\n<\/div><\/figure>\n<\/div>\n\n\n\n<div class=\"wp-block-column is-layout-flow wp-block-column-is-layout-flow\" style=\"flex-basis:10%\"><\/div>\n<\/div>\n\n\n\n<div class=\"wp-block-columns is-layout-flex wp-container-core-columns-is-layout-9d6595d7 wp-block-columns-is-layout-flex\">\n<div class=\"wp-block-column is-layout-flow wp-block-column-is-layout-flow\" style=\"flex-basis:20%\"><\/div>\n\n\n\n<div class=\"wp-block-column is-layout-flow wp-block-column-is-layout-flow\" style=\"flex-basis:60%\">\n<blockquote class=\"wp-block-quote is-layout-flow wp-block-quote-is-layout-flow\">\n<p style=\"letter-spacing:3px;text-transform:none\"><strong>Na\u0161e poslanstvo je gojiti orientalski, indijski in tribal fusion ples kot odrsko umetnost, navdu\u0161evati nove generacije plesalk, prena\u0161ati znanje o teh zvrsteh plesa \u0161ir\u0161i publiki ter ostati zvesti izvornemu izro\u010dilu teh plesov in jih isto\u010dasno pravi\u010dno vklju\u010devati v moderne aspekte gledali\u0161kega giba.<\/strong><\/p>\n<\/blockquote>\n<\/div>\n\n\n\n<div class=\"wp-block-column is-layout-flow wp-block-column-is-layout-flow\" style=\"flex-basis:20%\"><\/div>\n<\/div>\n\n\n\n<div class=\"wp-block-columns is-layout-flex wp-container-core-columns-is-layout-9d6595d7 wp-block-columns-is-layout-flex\">\n<div class=\"wp-block-column is-layout-flow wp-block-column-is-layout-flow\" style=\"flex-basis:20%\"><\/div>\n\n\n\n<div class=\"wp-block-column is-layout-flow wp-block-column-is-layout-flow\" style=\"flex-basis:60%\">\n<figure class=\"wp-block-image size-large\"><img loading=\"lazy\" decoding=\"async\" width=\"1024\" height=\"1024\" src=\"https:\/\/kuod-bayani.com\/wp-content\/uploads\/2025\/07\/Gray-Minimalist-Collage-Instagram-Post-1024x1024.png\" alt=\"\" class=\"wp-image-529\" srcset=\"https:\/\/kuod-bayani.com\/wp-content\/uploads\/2025\/07\/Gray-Minimalist-Collage-Instagram-Post-1024x1024.png 1024w, https:\/\/kuod-bayani.com\/wp-content\/uploads\/2025\/07\/Gray-Minimalist-Collage-Instagram-Post-300x300.png 300w, https:\/\/kuod-bayani.com\/wp-content\/uploads\/2025\/07\/Gray-Minimalist-Collage-Instagram-Post-150x150.png 150w, https:\/\/kuod-bayani.com\/wp-content\/uploads\/2025\/07\/Gray-Minimalist-Collage-Instagram-Post-768x768.png 768w, https:\/\/kuod-bayani.com\/wp-content\/uploads\/2025\/07\/Gray-Minimalist-Collage-Instagram-Post.png 1080w\" sizes=\"(max-width: 1024px) 100vw, 1024px\" \/><\/figure>\n<\/div>\n\n\n\n<div class=\"wp-block-column is-layout-flow wp-block-column-is-layout-flow\" style=\"flex-basis:20%\"><\/div>\n<\/div>\n","protected":false},"excerpt":{"rendered":"<p>Bayani smo dru\u0161tvo plesalk, ki jih \u017ee ve\u010d kot 20 let zdru\u017euje strast do orientalskega plesa v naj\u0161ir\u0161em pomenu, do njegovih folklornih in modernih interpretacij. Cilj dru\u0161tva je skozi vsa leta obstoja postaviti to plesno zvrst kot odrsko umetnost, enakovredno drugim plesnim stilom. Dru\u0161tvo skozi svoje delovanje izobra\u017euje, vadi in u\u010di folklore kultur MENATH, moderne orientalske plese, tribal fusion stil, [&hellip;]<\/p>\n","protected":false},"author":1,"featured_media":0,"parent":0,"menu_order":0,"comment_status":"closed","ping_status":"closed","template":"","meta":{"ub_ctt_via":"","footnotes":""},"class_list":["post-228","page","type-page","status-publish","hentry"],"featured_image_src":null,"_links":{"self":[{"href":"https:\/\/kuod-bayani.com\/index.php\/wp-json\/wp\/v2\/pages\/228","targetHints":{"allow":["GET"]}}],"collection":[{"href":"https:\/\/kuod-bayani.com\/index.php\/wp-json\/wp\/v2\/pages"}],"about":[{"href":"https:\/\/kuod-bayani.com\/index.php\/wp-json\/wp\/v2\/types\/page"}],"author":[{"embeddable":true,"href":"https:\/\/kuod-bayani.com\/index.php\/wp-json\/wp\/v2\/users\/1"}],"replies":[{"embeddable":true,"href":"https:\/\/kuod-bayani.com\/index.php\/wp-json\/wp\/v2\/comments?post=228"}],"version-history":[{"count":28,"href":"https:\/\/kuod-bayani.com\/index.php\/wp-json\/wp\/v2\/pages\/228\/revisions"}],"predecessor-version":[{"id":939,"href":"https:\/\/kuod-bayani.com\/index.php\/wp-json\/wp\/v2\/pages\/228\/revisions\/939"}],"wp:attachment":[{"href":"https:\/\/kuod-bayani.com\/index.php\/wp-json\/wp\/v2\/media?parent=228"}],"curies":[{"name":"wp","href":"https:\/\/api.w.org\/{rel}","templated":true}]}}