{"id":531,"date":"2025-07-24T11:55:55","date_gmt":"2025-07-24T11:55:55","guid":{"rendered":"https:\/\/kuod-bayani.com\/?page_id=531"},"modified":"2025-07-31T15:52:32","modified_gmt":"2025-07-31T15:52:32","slug":"tecaji","status":"publish","type":"page","link":"https:\/\/kuod-bayani.com\/index.php\/tecaji\/","title":{"rendered":"TE\u010cAJI"},"content":{"rendered":"\n<div class=\"wp-block-columns is-layout-flex wp-container-core-columns-is-layout-9d6595d7 wp-block-columns-is-layout-flex\">\n<div class=\"wp-block-column is-layout-flow wp-block-column-is-layout-flow\" style=\"flex-basis:20%\"><\/div>\n\n\n\n<div class=\"wp-block-column is-layout-flow wp-block-column-is-layout-flow\" style=\"flex-basis:50%\"><div id=\"ccchildpages-1\" class=\"ccchildpages threecol simple ccclearfix\"><div class=\"ccchildpage  ccfirst ccodd ccpage-count-1 ccpage-id-533 ccpage-orientalski-ples ccpage-has-parent ccpage-pid-531 ccpage-parent-tecaji\"><h3>ORIENTALSKI PLES<\/h3><div class=\"ccpages_excerpt\">Orientalski ples je eden najbolj priljubljenih plesov, primeren za \u017eenske vseh postav in starosti, saj ne zahteva predhodnega znanja ali posebne telesne pripravljenosti, le ljubezen do giba in \u017eeljo po raziskovanju bogatega plesnega stila. Ta ples, ki ima svoje korenine v bogati folklorni tradiciji arabskih dr\u017eav in Bli\u017enjega vzhoda, zdru\u017euje eleganco, senzualnost in \u017eensko mo\u010d....<\/div><p class=\"ccpages_more\"><a href=\"https:\/\/kuod-bayani.com\/index.php\/tecaji\/orientalski-ples\/\"  title=\"Read more ...\">Read more ...<\/a><\/p><\/div><div class=\"ccchildpage  cceven ccpage-count-2 ccpage-id-534 ccpage-tribal-fusion ccpage-has-parent ccpage-pid-531 ccpage-parent-tecaji\"><h3>TRIBAL FUSION<\/h3><div class=\"ccpages_excerpt\">Kaj je tribal fusion? Zelo poenostavljeno: gre za sodobno obliko orientalskega plesa, ki zdru\u017euje razli\u010dne plesne stile \u2013 od flamenka, sodobnega plesa do breakdanca in plesa s pripomo\u010dki (tudi ognjenimi!). Najbolj prepoznaven je po mo\u010dnih izolacijah razli\u010dnih delov telesa, t.i. ka\u010djem gibanju ter sploh v zadnjih letih mo\u010dnem poudarjanju gibov z rokami. Ples izvira iz...<\/div><p class=\"ccpages_more\"><a href=\"https:\/\/kuod-bayani.com\/index.php\/tecaji\/tribal-fusion\/\"  title=\"Read more ...\">Read more ...<\/a><\/p><\/div><div class=\"ccchildpage  cclast ccodd ccpage-count-3 ccpage-id-564 ccpage-jin-joga ccpage-has-parent ccpage-pid-531 ccpage-parent-tecaji\"><h3>JIN JOGA<\/h3><div class=\"ccpages_excerpt\">Jin jogo pogosto imenujemo tudi joga za sklepe in notranji mir. Gre za ne\u017eno, a globoko prakso, ki nas spodbuja k upo\u010dasnitvi, sprostitvi in poglobljenemu zaznavanju telesa. Asane (jogijski polo\u017eaji) v jin jogi izvajamo dlje \u010dasa kot pri bolj dinami\u010dnih oblikah joge \u2013 obi\u010dajno ostanemo v vsakem polo\u017eaju nekaj minut. To omogo\u010da, da se raztezajo...<\/div><p class=\"ccpages_more\"><a href=\"https:\/\/kuod-bayani.com\/index.php\/tecaji\/jin-joga\/\"  title=\"Read more ...\">Read more ...<\/a><\/p><\/div><div class=\"ccchildpage  ccfirst cceven ccpage-count-4 ccpage-id-569 ccpage-spletna-ucilnica-natase-kocar ccpage-has-parent ccpage-pid-531 ccpage-parent-tecaji\"><h3>SPLETNA U\u010cILNICA<\/h3><div class=\"ccpages_excerpt\">Spletna u\u010dilnica Nata\u0161e Ko\u010dar je namenjena vsem, ki si \u017eelijo poglobiti svoje orientalsko plesno znanje, osve\u017eiti osnove ali preprosto ostati povezane s plesom \u2013 kjerkoli in kadarkoli. Ne glede na to, ali si za\u010detnica, izku\u0161ena plesalka ali u\u010diteljica, bo\u0161 tu na\u0161la vsebine, ki te bodo navdihnile in podprle na tvoji poti. Kaj najde\u0161 v u\u010dilnici?<\/div><p class=\"ccpages_more\"><a href=\"https:\/\/kuod-bayani.com\/index.php\/tecaji\/spletna-ucilnica-natase-kocar\/\"  title=\"Read more ...\">Read more ...<\/a><\/p><\/div><div class=\"ccchildpage  ccodd ccpage-count-5 ccpage-id-1040 ccpage-certifikat-ucenje-orientalskega-plesa ccpage-has-parent ccpage-pid-531 ccpage-parent-tecaji\"><h3>CERTIFIKAT: U\u010cENJE ORIENTALSKEGA PLESA<\/h3><div class=\"ccpages_excerpt\">Bayani orient akademija, letnik 2023 Teme, ki jih bomo obdelali: * osnovna plesna tehnika po modelu 1001 gib orientalskega plesa: sistemizacija gibov, urjenje, didaktika pou\u010devanja, priprava koreografije; * nadgradnja osnovne plesne tehnike, urjenje novih gibov, korakov in kombinacij; *poznavanje osnovnih treh plesnih rekvizitov (tan\u010dica, palica, \u010dinelice) in gibov z njimi; *stilizacije; osnove arabskih folklor; shaabi;...<\/div><p class=\"ccpages_more\"><a href=\"https:\/\/kuod-bayani.com\/index.php\/tecaji\/certifikat-ucenje-orientalskega-plesa\/\"  title=\"Read more ...\">Read more ...<\/a><\/p><\/div><\/div>\n<\/div>\n\n\n\n<div class=\"wp-block-column is-layout-flow wp-block-column-is-layout-flow\" style=\"flex-basis:20%\"><\/div>\n<\/div>\n","protected":false},"excerpt":{"rendered":"Bayani orient akademija, letnik 2023 Teme, ki jih bomo obdelali: * osnovna plesna tehnika po modelu 1001 gib orientalskega plesa: sistemizacija gibov, urjenje, didaktika pou\u010devanja, priprava koreografije; * nadgradnja osnovne plesne tehnike, urjenje novih gibov, korakov in kombinacij; *poznavanje osnovnih treh plesnih rekvizitov (tan\u010dica, palica, \u010dinelice) in gibov z njimi; *stilizacije; osnove arabskih folklor; shaabi; baladi; *osnovni arabski ritmi, osnovno [...]","protected":false},"author":1,"featured_media":0,"parent":0,"menu_order":0,"comment_status":"closed","ping_status":"closed","template":"","meta":{"ub_ctt_via":"","footnotes":""},"class_list":["post-531","page","type-page","status-publish","hentry"],"featured_image_src":null,"_links":{"self":[{"href":"https:\/\/kuod-bayani.com\/index.php\/wp-json\/wp\/v2\/pages\/531","targetHints":{"allow":["GET"]}}],"collection":[{"href":"https:\/\/kuod-bayani.com\/index.php\/wp-json\/wp\/v2\/pages"}],"about":[{"href":"https:\/\/kuod-bayani.com\/index.php\/wp-json\/wp\/v2\/types\/page"}],"author":[{"embeddable":true,"href":"https:\/\/kuod-bayani.com\/index.php\/wp-json\/wp\/v2\/users\/1"}],"replies":[{"embeddable":true,"href":"https:\/\/kuod-bayani.com\/index.php\/wp-json\/wp\/v2\/comments?post=531"}],"version-history":[{"count":6,"href":"https:\/\/kuod-bayani.com\/index.php\/wp-json\/wp\/v2\/pages\/531\/revisions"}],"predecessor-version":[{"id":720,"href":"https:\/\/kuod-bayani.com\/index.php\/wp-json\/wp\/v2\/pages\/531\/revisions\/720"}],"wp:attachment":[{"href":"https:\/\/kuod-bayani.com\/index.php\/wp-json\/wp\/v2\/media?parent=531"}],"curies":[{"name":"wp","href":"https:\/\/api.w.org\/{rel}","templated":true}]}}