{"id":533,"date":"2025-07-24T12:58:33","date_gmt":"2025-07-24T12:58:33","guid":{"rendered":"https:\/\/kuod-bayani.com\/?page_id=533"},"modified":"2025-08-11T19:54:44","modified_gmt":"2025-08-11T19:54:44","slug":"orientalski-ples","status":"publish","type":"page","link":"https:\/\/kuod-bayani.com\/index.php\/tecaji\/orientalski-ples\/","title":{"rendered":"ORIENTALSKI PLES"},"content":{"rendered":"\n<div class=\"wp-block-columns is-layout-flex wp-container-core-columns-is-layout-9d6595d7 wp-block-columns-is-layout-flex\">\n<div class=\"wp-block-column is-layout-flow wp-block-column-is-layout-flow\" style=\"flex-basis:20%\"><\/div>\n\n\n\n<div class=\"wp-block-column is-layout-flow wp-block-column-is-layout-flow\" style=\"flex-basis:20%\">\n<p class=\"has-drop-cap has-medium-font-size\" style=\"font-style:normal;font-weight:400\">Orientalski ples je <strong>eden najbolj priljubljenih plesov<\/strong>, primeren za \u017eenske vseh postav in starosti, saj ne zahteva predhodnega znanja ali posebne telesne pripravljenosti, le ljubezen do giba in \u017eeljo po raziskovanju bogatega plesnega stila. <\/p>\n<\/div>\n\n\n\n<div class=\"wp-block-column is-layout-flow wp-block-column-is-layout-flow\" style=\"flex-basis:20%\">\n<p class=\"has-medium-font-size\" style=\"font-style:normal;font-weight:400\">Ta ples, ki ima svoje korenine v bogati folklorni tradiciji arabskih dr\u017eav in Bli\u017enjega vzhoda, zdru\u017euje eleganco, senzualnost in \u017eensko mo\u010d. Mehki, teko\u010di gibi se prepletajo z jasnimi, energi\u010dnimi gibi \u2013 ples skozi vadbo pa spodbuja <strong>dobro dr\u017eo, krepi telo in spro\u0161\u010da duha<\/strong>.&nbsp;<\/p>\n\n\n\n<p class=\"has-medium-font-size\" style=\"font-style:normal;font-weight:400\"><\/p>\n<\/div>\n\n\n\n<div class=\"wp-block-column is-layout-flow wp-block-column-is-layout-flow\" style=\"flex-basis:20%\">\n<p class=\"has-medium-font-size\">Na te\u010dajih se u\u010dimo <strong>osnovnih gibov in dr\u017ee<\/strong>, postopoma pa znanje nadgrajujemo z bolj zahtevnimi tehnikami, <strong>razli\u010dnimi stili<\/strong> in uporabo <strong>plesnih rekvizitov<\/strong> (tan\u010dice, palice, prstne \u010dinele \u2026). Spoznamo tudi bogat svet orientalskih folklornih plesov in njihov kulturni pomen.<\/p>\n\n\n\n<p class=\"has-medium-font-size\">Orientalski ples pou\u010dujeta <strong><a href=\"https:\/\/kuod-bayani.com\/index.php\/ekipa\/natasa-kocar\/\" data-type=\"page\" data-id=\"667\">Nata\u0161a Ko\u010dar<\/a><\/strong> in <strong><a href=\"https:\/\/kuod-bayani.com\/index.php\/ekipa\/nike-sekulo\/\" data-type=\"page\" data-id=\"728\">Nike Sekulo<\/a><\/strong>.<\/p>\n<\/div>\n\n\n\n<div class=\"wp-block-column is-layout-flow wp-block-column-is-layout-flow\" style=\"flex-basis:20%\"><\/div>\n<\/div>\n\n\n<div style=\"gap: 20px;\" class=\"align-button-center ub-buttons orientation-button-row ub-flex-wrap wp-block-ub-button\" id=\"ub-button-67e8204c-fe73-4918-a57a-7d21e4c1b0f6\"><div class=\"ub-button-container\">\n\t\t\t<a href=\"https:\/\/kuod-bayani.com\/index.php\/tecaji-2025-2026\/\" target=\"_blank\" rel=\"noopener noreferrer  nofollow \" class=\"ub-button-block-main ub-button-medium   ub-button-flex-medium\" role=\"button\" style=\"--ub-button-background-color: #ab0c0c; --ub-button-color: #ffffff; --ub-button-border: none; --ub-button-hover-background-color: #313131; --ub-button-hover-color: #ffffff; --ub-button-hover-border: none; border-top-left-radius: 99px;; border-top-right-radius: 99px;; border-bottom-left-radius: 99px;; border-bottom-right-radius: 99px;; \">\n\t\t\t\t<div class=\"ub-button-content-holder\" style=\"flex-direction: row\">\n\t\t\t\t\t<span class=\"ub-button-icon-holder\">\n\t\t\t\t<svg xmlns=\"http:\/\/www.w3.org\/2000\/svg\" height=\"30\" width=\"30\" viewbox=\"0 0 448 512\">\n\t\t\t\t\t<path fill=\"currentColor\" d=\"M128 0c17.7 0 32 14.3 32 32V64H288V32c0-17.7 14.3-32 32-32s32 14.3 32 32V64h48c26.5 0 48 21.5 48 48v48H0V112C0 85.5 21.5 64 48 64H96V32c0-17.7 14.3-32 32-32zM0 192H448V464c0 26.5-21.5 48-48 48H48c-26.5 0-48-21.5-48-48V192zm64 80v32c0 8.8 7.2 16 16 16h32c8.8 0 16-7.2 16-16V272c0-8.8-7.2-16-16-16H80c-8.8 0-16 7.2-16 16zm128 0v32c0 8.8 7.2 16 16 16h32c8.8 0 16-7.2 16-16V272c0-8.8-7.2-16-16-16H208c-8.8 0-16 7.2-16 16zm144-16c-8.8 0-16 7.2-16 16v32c0 8.8 7.2 16 16 16h32c8.8 0 16-7.2 16-16V272c0-8.8-7.2-16-16-16H336zM64 400v32c0 8.8 7.2 16 16 16h32c8.8 0 16-7.2 16-16V400c0-8.8-7.2-16-16-16H80c-8.8 0-16 7.2-16 16zm144-16c-8.8 0-16 7.2-16 16v32c0 8.8 7.2 16 16 16h32c8.8 0 16-7.2 16-16V400c0-8.8-7.2-16-16-16H208zm112 16v32c0 8.8 7.2 16 16 16h32c8.8 0 16-7.2 16-16V400c0-8.8-7.2-16-16-16H336c-8.8 0-16 7.2-16 16z\">\n\t\t\t\t<\/path><\/svg>\n\t\t\t<\/span><span class=\"ub-button-block-btn\"> Urnik treningov<\/span>\n\t\t\t\t<\/div>\n\t\t\t<\/a>\n\t\t<\/div><\/div>\n\n\n<div class=\"wp-block-columns is-layout-flex wp-container-core-columns-is-layout-9d6595d7 wp-block-columns-is-layout-flex\">\n<div class=\"wp-block-column is-layout-flow wp-block-column-is-layout-flow\" style=\"flex-basis:33.34%\">\n<p class=\"has-medium-font-size\" style=\"font-style:normal;font-weight:400\"><\/p>\n<\/div>\n\n\n\n<div class=\"wp-block-column is-layout-flow wp-block-column-is-layout-flow\" style=\"flex-basis:33.34%\"><\/div>\n\n\n\n<div class=\"wp-block-column is-layout-flow wp-block-column-is-layout-flow\" style=\"flex-basis:33.33%\"><\/div>\n<\/div>\n\n\n\n<div class=\"wp-block-columns is-layout-flex wp-container-core-columns-is-layout-9d6595d7 wp-block-columns-is-layout-flex\">\n<div class=\"wp-block-column is-layout-flow wp-block-column-is-layout-flow\" style=\"flex-basis:33.34%\"><\/div>\n\n\n\n<div class=\"wp-block-column is-layout-flow wp-block-column-is-layout-flow\" style=\"flex-basis:33.34%\">\n<figure class=\"wp-block-video\"><video height=\"1080\" style=\"aspect-ratio: 1920 \/ 1080;\" width=\"1920\" autoplay controls loop muted src=\"https:\/\/kuod-bayani.com\/wp-content\/uploads\/2025\/07\/Orientalski-ples_galerija.mp4\"><\/video><\/figure>\n<\/div>\n\n\n\n<div class=\"wp-block-column is-layout-flow wp-block-column-is-layout-flow\" style=\"flex-basis:33.33%\"><\/div>\n<\/div>\n\n\n\n<div class=\"wp-block-columns is-layout-flex wp-container-core-columns-is-layout-9d6595d7 wp-block-columns-is-layout-flex\">\n<div class=\"wp-block-column is-layout-flow wp-block-column-is-layout-flow\" style=\"flex-basis:10%\"><\/div>\n\n\n\n<div class=\"wp-block-column is-layout-flow wp-block-column-is-layout-flow\" style=\"flex-basis:40%\">\n<figure class=\"wp-block-embed is-type-video is-provider-youtube wp-block-embed-youtube wp-embed-aspect-4-3 wp-has-aspect-ratio\"><div class=\"wp-block-embed__wrapper\">\n<div class='embed-responsive embed-responsive-16by9'><iframe class=\"embed-responsive-item\" title=\"Basic Rhythms workshop\" width=\"660\" height=\"495\" src=\"https:\/\/www.youtube.com\/embed\/wlXwJ6Zg8OA?feature=oembed&#038;modestbranding=1&#038;showinfo=0&#038;rel=0\"  allow=\"accelerometer; autoplay; clipboard-write; encrypted-media; gyroscope; picture-in-picture; web-share\" referrerpolicy=\"strict-origin-when-cross-origin\" allowfullscreen><\/iframe><\/div>\n<\/div><\/figure>\n<\/div>\n\n\n\n<div class=\"wp-block-column is-layout-flow wp-block-column-is-layout-flow\" style=\"flex-basis:40%\">\n<figure class=\"wp-block-embed is-type-video is-provider-youtube wp-block-embed-youtube wp-embed-aspect-16-9 wp-has-aspect-ratio\"><div class=\"wp-block-embed__wrapper\">\n<div class='embed-responsive embed-responsive-16by9'><iframe class=\"embed-responsive-item\" title=\"SHAABI TIME, by KUOD Bayani\" width=\"660\" height=\"371\" src=\"https:\/\/www.youtube.com\/embed\/U217KZz1lxc?feature=oembed&#038;modestbranding=1&#038;showinfo=0&#038;rel=0\"  allow=\"accelerometer; autoplay; clipboard-write; encrypted-media; gyroscope; picture-in-picture; web-share\" referrerpolicy=\"strict-origin-when-cross-origin\" allowfullscreen><\/iframe><\/div>\n<\/div><\/figure>\n<\/div>\n\n\n\n<div class=\"wp-block-column is-layout-flow wp-block-column-is-layout-flow\" style=\"flex-basis:10%\"><\/div>\n<\/div>\n\n\n\n<p><\/p>\n","protected":false},"excerpt":{"rendered":"<p>Orientalski ples je eden najbolj priljubljenih plesov, primeren za \u017eenske vseh postav in starosti, saj ne zahteva predhodnega znanja ali posebne telesne pripravljenosti, le ljubezen do giba in \u017eeljo po raziskovanju bogatega plesnega stila. Ta ples, ki ima svoje korenine v bogati folklorni tradiciji arabskih dr\u017eav in Bli\u017enjega vzhoda, zdru\u017euje eleganco, senzualnost in \u017eensko mo\u010d. Mehki, teko\u010di gibi se prepletajo [&hellip;]<\/p>\n","protected":false},"author":1,"featured_media":494,"parent":531,"menu_order":0,"comment_status":"closed","ping_status":"closed","template":"","meta":{"ub_ctt_via":"","footnotes":""},"class_list":["post-533","page","type-page","status-publish","has-post-thumbnail","hentry"],"featured_image_src":"https:\/\/kuod-bayani.com\/wp-content\/uploads\/2025\/07\/2025_05_31-bayani-produkcija-3592-scaled.jpg","_links":{"self":[{"href":"https:\/\/kuod-bayani.com\/index.php\/wp-json\/wp\/v2\/pages\/533","targetHints":{"allow":["GET"]}}],"collection":[{"href":"https:\/\/kuod-bayani.com\/index.php\/wp-json\/wp\/v2\/pages"}],"about":[{"href":"https:\/\/kuod-bayani.com\/index.php\/wp-json\/wp\/v2\/types\/page"}],"author":[{"embeddable":true,"href":"https:\/\/kuod-bayani.com\/index.php\/wp-json\/wp\/v2\/users\/1"}],"replies":[{"embeddable":true,"href":"https:\/\/kuod-bayani.com\/index.php\/wp-json\/wp\/v2\/comments?post=533"}],"version-history":[{"count":10,"href":"https:\/\/kuod-bayani.com\/index.php\/wp-json\/wp\/v2\/pages\/533\/revisions"}],"predecessor-version":[{"id":1012,"href":"https:\/\/kuod-bayani.com\/index.php\/wp-json\/wp\/v2\/pages\/533\/revisions\/1012"}],"up":[{"embeddable":true,"href":"https:\/\/kuod-bayani.com\/index.php\/wp-json\/wp\/v2\/pages\/531"}],"wp:featuredmedia":[{"embeddable":true,"href":"https:\/\/kuod-bayani.com\/index.php\/wp-json\/wp\/v2\/media\/494"}],"wp:attachment":[{"href":"https:\/\/kuod-bayani.com\/index.php\/wp-json\/wp\/v2\/media?parent=533"}],"curies":[{"name":"wp","href":"https:\/\/api.w.org\/{rel}","templated":true}]}}