{"id":534,"date":"2025-07-24T19:38:00","date_gmt":"2025-07-24T19:38:00","guid":{"rendered":"https:\/\/kuod-bayani.com\/?page_id=534"},"modified":"2025-09-12T12:27:35","modified_gmt":"2025-09-12T12:27:35","slug":"tribal-fusion","status":"publish","type":"page","link":"https:\/\/kuod-bayani.com\/index.php\/tecaji\/tribal-fusion\/","title":{"rendered":"TRIBAL FUSION"},"content":{"rendered":"\n<div class=\"wp-block-columns is-layout-flex wp-container-core-columns-is-layout-9d6595d7 wp-block-columns-is-layout-flex\">\n<div class=\"wp-block-column is-layout-flow wp-block-column-is-layout-flow\" style=\"flex-basis:20%\"><\/div>\n\n\n\n<div class=\"wp-block-column is-vertically-aligned-stretch is-layout-flow wp-block-column-is-layout-flow\" style=\"flex-basis:20%\">\n<p>Te\u010daji tribal fusion plesa potekajo <strong>vsak teden ob sredah<\/strong>. Termin me\u0161anega nivoja skupine <em>Silima<\/em> traja 90 minut, <em>za\u010detna skupina<\/em> Silima pa ple\u0161e 70 minut.<\/p>\n<\/div>\n\n\n\n<div class=\"wp-block-column is-vertically-aligned-stretch is-layout-flow wp-block-column-is-layout-flow\" style=\"flex-basis:20%\">\n<p>Vsako sre\u010danje za\u010dnemo s skrbnim ogrevanjem, pri katerem se osredoto\u010dimo na mi\u0161i\u010dne skupine, ki jih bomo med vajami najbolj uporabljali. Nato se lotimo t.i. <em>drillinga<\/em> \u2013 ponavljajo\u010dih vaj, s katerimi prebujamo tribal fusion telo in mo\u017egane ter pilimo plesno tehniko tribal fusiona.<\/p>\n<\/div>\n\n\n\n<div class=\"wp-block-column is-vertically-aligned-stretch is-layout-flow wp-block-column-is-layout-flow\" style=\"flex-basis:20%\">\n<p>Del treninga vsako leto namenimo tudi <strong>ustvarjanju koreografije<\/strong> \u2013 obi\u010dajno ene letno, da imamo dovolj \u010dasa za raziskovanje in poglabljanje tehnike. Koreografije pove\u017eemo v tematske projekte, kot so <em>Inta Omri<\/em>, <em>Tribal fusion zgodovina<\/em>, ali <em>Vodna bitja<\/em>.<\/p>\n\n\n\n<p>Tribal fusion te\u010daje vodi <a href=\"https:\/\/kuod-bayani.com\/index.php\/ekipa\/nerlisa-osmicevic\/\" data-type=\"page\" data-id=\"763\">Nerlisa Osmi\u010devi\u0107<\/a>.<\/p>\n<\/div>\n\n\n\n<div class=\"wp-block-column is-layout-flow wp-block-column-is-layout-flow\" style=\"flex-basis:20%\"><\/div>\n<\/div>\n\n\n<div style=\"gap: 20px;\" class=\"align-button-center ub-buttons orientation-button-row ub-flex-wrap wp-block-ub-button\" id=\"ub-button-f688b6e5-6638-4fac-a9f7-dfa7a8ba201c\"><div class=\"ub-button-container\">\n\t\t\t<a href=\"https:\/\/kuod-bayani.com\/index.php\/tecaji-2025-2026\/\" target=\"_blank\" rel=\"noopener noreferrer  \" class=\"ub-button-block-main ub-button-medium   ub-button-flex-medium\" role=\"button\" style=\"--ub-button-background-color: #ab0c0c; --ub-button-color: #ffffff; --ub-button-border: none; --ub-button-hover-background-color: #313131; --ub-button-hover-color: #ffffff; --ub-button-hover-border: none; border-top-left-radius: 10px;; border-top-right-radius: 10px;; border-bottom-left-radius: 10px;; border-bottom-right-radius: 10px;; \">\n\t\t\t\t<div class=\"ub-button-content-holder\" style=\"flex-direction: row\">\n\t\t\t\t\t<span class=\"ub-button-icon-holder\">\n\t\t\t\t<svg xmlns=\"http:\/\/www.w3.org\/2000\/svg\" height=\"30\" width=\"30\" viewbox=\"0 0 448 512\">\n\t\t\t\t\t<path fill=\"currentColor\" d=\"M128 0c17.7 0 32 14.3 32 32V64H288V32c0-17.7 14.3-32 32-32s32 14.3 32 32V64h48c26.5 0 48 21.5 48 48v48H0V112C0 85.5 21.5 64 48 64H96V32c0-17.7 14.3-32 32-32zM0 192H448V464c0 26.5-21.5 48-48 48H48c-26.5 0-48-21.5-48-48V192zm64 80v32c0 8.8 7.2 16 16 16h32c8.8 0 16-7.2 16-16V272c0-8.8-7.2-16-16-16H80c-8.8 0-16 7.2-16 16zm128 0v32c0 8.8 7.2 16 16 16h32c8.8 0 16-7.2 16-16V272c0-8.8-7.2-16-16-16H208c-8.8 0-16 7.2-16 16zm144-16c-8.8 0-16 7.2-16 16v32c0 8.8 7.2 16 16 16h32c8.8 0 16-7.2 16-16V272c0-8.8-7.2-16-16-16H336zM64 400v32c0 8.8 7.2 16 16 16h32c8.8 0 16-7.2 16-16V400c0-8.8-7.2-16-16-16H80c-8.8 0-16 7.2-16 16zm144-16c-8.8 0-16 7.2-16 16v32c0 8.8 7.2 16 16 16h32c8.8 0 16-7.2 16-16V400c0-8.8-7.2-16-16-16H208zm112 16v32c0 8.8 7.2 16 16 16h32c8.8 0 16-7.2 16-16V400c0-8.8-7.2-16-16-16H336c-8.8 0-16 7.2-16 16z\">\n\t\t\t\t<\/path><\/svg>\n\t\t\t<\/span><span class=\"ub-button-block-btn\">Urnik treningov<\/span>\n\t\t\t\t<\/div>\n\t\t\t<\/a>\n\t\t<\/div><\/div>\n\n\n<div class=\"wp-block-columns are-vertically-aligned-top is-not-stacked-on-mobile is-layout-flex wp-container-core-columns-is-layout-9d6595d7 wp-block-columns-is-layout-flex\">\n<div class=\"wp-block-column is-vertically-aligned-top is-layout-flow wp-block-column-is-layout-flow\" style=\"flex-basis:20%\"><\/div>\n\n\n\n<div class=\"wp-block-column is-vertically-aligned-top is-layout-flow wp-block-column-is-layout-flow\" style=\"flex-basis:40%\"><div style=\"width: 100%; \" class=\"ub-advanced-video-container wp-block-ub-advanced-video\" id=\"ub-advanced-video-b882cd23-144a-44b8-b82f-d817ba65a71c\"><div class=\"ub-advanced-video-embed\" style=\"box-shadow: 0px -0px 0px 0px rgba(0, 0, 0, 1); border-top: 0px solid ; border-left: 0px solid ; border-right: 0px solid ; border-bottom: 0px solid ; border-top-left-radius: 0px; border-top-right-radius: 0px; border-bottom-left-radius: 0px; border-bottom-right-radius: 0px; \"><video autoplay controls width=\"1000\" height=\"1500\"><source src=\"https:\/\/kuod-bayani.com\/wp-content\/uploads\/2025\/07\/Tribal-short-20-let-Bayani-fusion-Pinterest-Pin.mp4\"><\/source><\/video><\/div><\/div><\/div>\n\n\n\n<div class=\"wp-block-column is-vertically-aligned-top is-layout-flow wp-block-column-is-layout-flow\" style=\"flex-basis:20%\"><\/div>\n<\/div>\n\n\n\n<h2 class=\"wp-block-heading has-text-align-center\" id=\"0-kaj-je-tribal-fusion\">Kaj je tribal fusion?<\/h2>\n\n\n\n<div class=\"wp-block-columns is-layout-flex wp-container-core-columns-is-layout-9d6595d7 wp-block-columns-is-layout-flex\">\n<div class=\"wp-block-column is-layout-flow wp-block-column-is-layout-flow\" style=\"flex-basis:20%\"><\/div>\n\n\n\n<div class=\"wp-block-column is-vertically-aligned-stretch is-layout-flow wp-block-column-is-layout-flow\" style=\"flex-basis:20%\">\n<p>Zelo poenostavljeno: gre za <strong>sodobno obliko orientalskega plesa<\/strong>, ki zdru\u017euje razli\u010dne plesne stile \u2013 od flamenka, sodobnega plesa do breakdanca in plesa s pripomo\u010dki (tudi ognjenimi!). Najbolj prepoznaven je po mo\u010dnih izolacijah razli\u010dnih delov telesa, t.i. ka\u010djem gibanju ter sploh v zadnjih letih mo\u010dnem poudarjanju gibov z rokami.<br><\/p>\n<\/div>\n\n\n\n<div class=\"wp-block-column is-vertically-aligned-stretch is-layout-flow wp-block-column-is-layout-flow\" style=\"flex-basis:20%\">\n<p>Ples izvira iz ZDA in se, priljubljen kot je po celem svetu, \u0161e vedno razvija. Ker gre za fuzijo razli\u010dnih gibanj, ponuja izjemno svobodo izra\u017eanja in interpretacije. Ple\u0161e se ga lahko na klasi\u010dno glasbo, orientalsko glasbo, trap, metal, rock, tehno in vse vmes &#8211; v svobodni interpretaciji je tudi kostumografija, kjer se plesalke igrajo na \u0161irokem spektru, od sodobnega minimalizma do prakti\u010dno cosplay kostumografije likov na odru. <\/p>\n<\/div>\n\n\n\n<div class=\"wp-block-column is-vertically-aligned-stretch is-layout-flow wp-block-column-is-layout-flow\" style=\"flex-basis:20%\">\n<p><strong>Na te\u010dajih Bayani fusion raziskujemo tako gib kot zgodbo<\/strong>. Vsaj en termin na leto namenimo tudi predavanju o izvoru in razvoju stila. Na\u0161 koreografski projekt pa vedno odra\u017ea bogastvo tribal fusiona \u2013 z raznolikimi gibi, tehnikami in glasbo.<\/p>\n<\/div>\n\n\n\n<div class=\"wp-block-column is-layout-flow wp-block-column-is-layout-flow\" style=\"flex-basis:20%\"><\/div>\n<\/div>\n\n\n\n<div class=\"wp-block-columns is-layout-flex wp-container-core-columns-is-layout-9d6595d7 wp-block-columns-is-layout-flex\">\n<div class=\"wp-block-column is-layout-flow wp-block-column-is-layout-flow\" style=\"flex-basis:20%\"><\/div>\n\n\n\n<div class=\"wp-block-column is-layout-flow wp-block-column-is-layout-flow\" style=\"flex-basis:40%\"><div style=\"width: 100%; \" class=\"ub-advanced-video-container wp-block-ub-advanced-video\" id=\"ub-advanced-video-1376c67e-1c15-4438-8d28-3cb6d3567cbe\"><div class=\"ub-advanced-video-embed\" style=\"box-shadow: 0px -0px 0px 0px rgba(0, 0, 0, 1); border-top: 0px solid ; border-left: 0px solid ; border-right: 0px solid ; border-bottom: 0px solid ; border-top-left-radius: 0px; border-top-right-radius: 0px; border-bottom-left-radius: 0px; border-bottom-right-radius: 0px; \"><video controls width=\"1000\" height=\"1500\"><source src=\"https:\/\/kuod-bayani.com\/wp-content\/uploads\/2025\/07\/Rowdy-project-reel-introduction-Pinterest-Pin.mp4\"><\/source><\/video><\/div><\/div><\/div>\n\n\n\n<div class=\"wp-block-column is-layout-flow wp-block-column-is-layout-flow\" style=\"flex-basis:20%\"><\/div>\n<\/div>\n\n\n\n<div class=\"wp-block-columns is-layout-flex wp-container-core-columns-is-layout-9d6595d7 wp-block-columns-is-layout-flex\">\n<div class=\"wp-block-column is-layout-flow wp-block-column-is-layout-flow\" style=\"flex-basis:20%\"><\/div>\n\n\n\n<div class=\"wp-block-column is-layout-flow wp-block-column-is-layout-flow\" style=\"flex-basis:40%\"><div style=\"width: 100%; \" class=\"ub-advanced-video-container wp-block-ub-advanced-video\" id=\"ub-advanced-video-5ce56f6d-4fb2-4f5a-bf7e-79c204fe1db7\"><div class=\"ub-advanced-video-embed\" style=\"box-shadow: 0px -0px 0px 0px rgba(0, 0, 0, 1); border-top: 0px solid ; border-left: 0px solid ; border-right: 0px solid ; border-bottom: 0px solid ; border-top-left-radius: 0px; border-top-right-radius: 0px; border-bottom-left-radius: 0px; border-bottom-right-radius: 0px; \"><video controls width=\"1280\" height=\"720\"><source src=\"https:\/\/kuod-bayani.com\/wp-content\/uploads\/2025\/07\/Tribal-fusion_galerija.mp4\"><\/source><\/video><\/div><\/div><\/div>\n\n\n\n<div class=\"wp-block-column is-layout-flow wp-block-column-is-layout-flow\" style=\"flex-basis:20%\"><\/div>\n<\/div>\n\n\n\n<p><\/p>\n","protected":false},"excerpt":{"rendered":"<p>Kaj je tribal fusion? Zelo poenostavljeno: gre za sodobno obliko orientalskega plesa, ki zdru\u017euje razli\u010dne plesne stile \u2013 od flamenka, sodobnega plesa do breakdanca in plesa s pripomo\u010dki (tudi ognjenimi!). Najbolj prepoznaven je po mo\u010dnih izolacijah razli\u010dnih delov telesa, t.i. ka\u010djem gibanju ter sploh v zadnjih letih mo\u010dnem poudarjanju gibov z rokami. Ples izvira iz ZDA in se, priljubljen kot [&hellip;]<\/p>\n","protected":false},"author":1,"featured_media":0,"parent":531,"menu_order":0,"comment_status":"closed","ping_status":"closed","template":"","meta":{"ub_ctt_via":"","footnotes":""},"class_list":["post-534","page","type-page","status-publish","hentry"],"featured_image_src":null,"_links":{"self":[{"href":"https:\/\/kuod-bayani.com\/index.php\/wp-json\/wp\/v2\/pages\/534","targetHints":{"allow":["GET"]}}],"collection":[{"href":"https:\/\/kuod-bayani.com\/index.php\/wp-json\/wp\/v2\/pages"}],"about":[{"href":"https:\/\/kuod-bayani.com\/index.php\/wp-json\/wp\/v2\/types\/page"}],"author":[{"embeddable":true,"href":"https:\/\/kuod-bayani.com\/index.php\/wp-json\/wp\/v2\/users\/1"}],"replies":[{"embeddable":true,"href":"https:\/\/kuod-bayani.com\/index.php\/wp-json\/wp\/v2\/comments?post=534"}],"version-history":[{"count":15,"href":"https:\/\/kuod-bayani.com\/index.php\/wp-json\/wp\/v2\/pages\/534\/revisions"}],"predecessor-version":[{"id":1091,"href":"https:\/\/kuod-bayani.com\/index.php\/wp-json\/wp\/v2\/pages\/534\/revisions\/1091"}],"up":[{"embeddable":true,"href":"https:\/\/kuod-bayani.com\/index.php\/wp-json\/wp\/v2\/pages\/531"}],"wp:attachment":[{"href":"https:\/\/kuod-bayani.com\/index.php\/wp-json\/wp\/v2\/media?parent=534"}],"curies":[{"name":"wp","href":"https:\/\/api.w.org\/{rel}","templated":true}]}}