{"id":569,"date":"2025-07-26T09:46:20","date_gmt":"2025-07-26T09:46:20","guid":{"rendered":"https:\/\/kuod-bayani.com\/?page_id=569"},"modified":"2025-08-11T19:59:10","modified_gmt":"2025-08-11T19:59:10","slug":"spletna-ucilnica-natase-kocar","status":"publish","type":"page","link":"https:\/\/kuod-bayani.com\/index.php\/tecaji\/spletna-ucilnica-natase-kocar\/","title":{"rendered":"SPLETNA U\u010cILNICA"},"content":{"rendered":"\n<div class=\"wp-block-columns is-layout-flex wp-container-core-columns-is-layout-9d6595d7 wp-block-columns-is-layout-flex\">\n<div class=\"wp-block-column is-layout-flow wp-block-column-is-layout-flow\" style=\"flex-basis:33.33%\"><\/div>\n\n\n\n<div class=\"wp-block-column is-layout-flow wp-block-column-is-layout-flow\" style=\"flex-basis:33.33%\">\n<p>Spletna u\u010dilnica <a href=\"https:\/\/kuod-bayani.com\/index.php\/ekipa\/natasa-kocar\/\" data-type=\"page\" data-id=\"667\">Nata\u0161e Ko\u010dar<\/a> je namenjena vsem, ki si \u017eelijo poglobiti svoje orientalsko plesno znanje, osve\u017eiti osnove ali preprosto ostati povezane s plesom \u2013 <strong>kjerkoli in kadarkoli<\/strong>. Ne glede na to, ali si za\u010detnica, izku\u0161ena plesalka ali u\u010diteljica, bo\u0161 tu na\u0161la vsebine, ki te bodo navdihnile in podprle na tvoji poti.<\/p>\n\n\n\n<figure class=\"wp-block-image size-full\"><a href=\"https:\/\/www.patreon.com\/user?u=55031203\" target=\"_blank\" rel=\" noreferrer noopener\"><img fetchpriority=\"high\" decoding=\"async\" width=\"1912\" height=\"822\" src=\"https:\/\/kuod-bayani.com\/wp-content\/uploads\/2025\/07\/Natasa-Patreon.png\" alt=\"\" class=\"wp-image-585\" srcset=\"https:\/\/kuod-bayani.com\/wp-content\/uploads\/2025\/07\/Natasa-Patreon.png 1912w, https:\/\/kuod-bayani.com\/wp-content\/uploads\/2025\/07\/Natasa-Patreon-300x129.png 300w, https:\/\/kuod-bayani.com\/wp-content\/uploads\/2025\/07\/Natasa-Patreon-1024x440.png 1024w, https:\/\/kuod-bayani.com\/wp-content\/uploads\/2025\/07\/Natasa-Patreon-768x330.png 768w, https:\/\/kuod-bayani.com\/wp-content\/uploads\/2025\/07\/Natasa-Patreon-1536x660.png 1536w\" sizes=\"(max-width: 1912px) 100vw, 1912px\" \/><\/a><\/figure>\n<\/div>\n\n\n\n<div class=\"wp-block-column is-layout-flow wp-block-column-is-layout-flow\" style=\"flex-basis:33.33%\"><\/div>\n<\/div>\n\n\n\n<div class=\"wp-block-columns is-layout-flex wp-container-core-columns-is-layout-9d6595d7 wp-block-columns-is-layout-flex\">\n<div class=\"wp-block-column is-layout-flow wp-block-column-is-layout-flow\" style=\"flex-basis:33.33%\"><\/div>\n\n\n\n<div class=\"wp-block-column is-layout-flow wp-block-column-is-layout-flow\" style=\"flex-basis:33.33%\">\n<h2 class=\"wp-block-heading\">Kaj najde\u0161 v u\u010dilnici?<\/h2>\n<\/div>\n\n\n\n<div class=\"wp-block-column is-layout-flow wp-block-column-is-layout-flow\" style=\"flex-basis:33.33%\"><\/div>\n<\/div>\n\n\n\n<div class=\"wp-block-columns is-layout-flex wp-container-core-columns-is-layout-9d6595d7 wp-block-columns-is-layout-flex\">\n<div class=\"wp-block-column is-layout-flow wp-block-column-is-layout-flow\"><\/div>\n\n\n\n<div class=\"wp-block-column is-layout-flow wp-block-column-is-layout-flow\"><ul style=\"padding-left: 1.1em; text-align: left; --ub-list-item-icon-top: 3px;; --ub-list-item-icon-size: 0.9em; --ub-list-item-background-image: url('data:image\/svg+xml;utf8,&lt;svg xmlns=&quot;http:\/\/www.w3.org\/2000\/svg&quot; viewBox=&quot;0 0 512 512&quot;&gt;&lt;path fill=&quot;%23000000&quot; d=&quot;M470.6 105.4c12.5 12.5 12.5 32.8 0 45.3l-256 256c-12.5 12.5-32.8 12.5-45.3 0l-128-128c-12.5-12.5-12.5-32.8 0-45.3s32.8-12.5 45.3 0L192 338.7 425.4 105.4c12.5-12.5 32.8-12.5 45.3 0z&quot;&gt;&lt;\/path&gt;&lt;\/svg&gt;'); --ub-list-item-fa-li-top: 3px; --ub-list-item-spacing: 0px; \" class=\"wp-block-ub-styled-list ub_styled_list\" id=\"ub_styled_list-d34f014e-9ca6-46ba-8384-1b1c94e1a496\"><div class=\"ub-block-list__layout\" style=\"text-align: left; column-count: 1; --ub-list-mobile-column-count: 2; \">\n<li class=\"ub_styled_list_item\" style=\"--ub-list-item-icon-top: 3px; --ub-list-item-icon-size: 0.9em; --ub-list-item-background-image: url('data:image\/svg+xml;utf8,&lt;svg xmlns=&quot;http:\/\/www.w3.org\/2000\/svg&quot; viewBox=&quot;0 0 512 512&quot;&gt;&lt;path fill=&quot;%23000000&quot; d=&quot;M470.6 105.4c12.5 12.5 12.5 32.8 0 45.3l-256 256c-12.5 12.5-32.8 12.5-45.3 0l-128-128c-12.5-12.5-12.5-32.8 0-45.3s32.8-12.5 45.3 0L192 338.7 425.4 105.4c12.5-12.5 32.8-12.5 45.3 0z&quot;&gt;&lt;\/path&gt;&lt;\/svg&gt;'); \" id=\"ub-styled-list-item-f17ff387-11e8-4a2c-9c98-5a63753680e1\">\n\t\t\t<div class=\"ub_list_item_content\">\n\t\t\t\t<span class=\"ub_list_item_icon\">\n\t\t\t\t\t<svg width=\"0.9em\" height=\"0.9em\" xmlns=\"http:\/\/www.w3.org\/2000\/svg\" viewbox=\"0 0 512 512\">\n\t\t\t\t\t\t<path fill=\"#000000\" d=\"M470.6 105.4c12.5 12.5 12.5 32.8 0 45.3l-256 256c-12.5 12.5-32.8 12.5-45.3 0l-128-128c-12.5-12.5-12.5-32.8 0-45.3s32.8-12.5 45.3 0L192 338.7 425.4 105.4c12.5-12.5 32.8-12.5 45.3 0z\"><\/path>\n\t\t\t\t\t<\/svg>\n\t\t\t\t<\/span>\n\t\t\t\t<span class=\"ub_list_item_text\"><strong>Kulturni pretres<br><\/strong>Bogat teoreti\u010dni del: \u010dlanki, razmisleki in informacije o orientalskem plesu, njegovi zgodovini in kulturnem ozadju. \u010ce \u017eeli\u0161 razumeti ve\u010d kot le gib, je to prava zakladnica znanja!<\/span>\n\t\t\t<\/div>\n\t\t\t\n\t\t<\/li>\n\n<li class=\"ub_styled_list_item\" style=\"--ub-list-item-icon-top: 3px; --ub-list-item-icon-size: 0.9em; --ub-list-item-background-image: url('data:image\/svg+xml;utf8,&lt;svg xmlns=&quot;http:\/\/www.w3.org\/2000\/svg&quot; viewBox=&quot;0 0 512 512&quot;&gt;&lt;path fill=&quot;%23000000&quot; d=&quot;M470.6 105.4c12.5 12.5 12.5 32.8 0 45.3l-256 256c-12.5 12.5-32.8 12.5-45.3 0l-128-128c-12.5-12.5-12.5-32.8 0-45.3s32.8-12.5 45.3 0L192 338.7 425.4 105.4c12.5-12.5 32.8-12.5 45.3 0z&quot;&gt;&lt;\/path&gt;&lt;\/svg&gt;'); \" id=\"ub-styled-list-item-df496c40-e4e8-4a5f-8693-7eb3e6d53c9f\">\n\t\t\t<div class=\"ub_list_item_content\">\n\t\t\t\t<span class=\"ub_list_item_icon\">\n\t\t\t\t\t<svg width=\"0.9em\" height=\"0.9em\" xmlns=\"http:\/\/www.w3.org\/2000\/svg\" viewbox=\"0 0 512 512\">\n\t\t\t\t\t\t<path fill=\"#000000\" d=\"M470.6 105.4c12.5 12.5 12.5 32.8 0 45.3l-256 256c-12.5 12.5-32.8 12.5-45.3 0l-128-128c-12.5-12.5-12.5-32.8 0-45.3s32.8-12.5 45.3 0L192 338.7 425.4 105.4c12.5-12.5 32.8-12.5 45.3 0z\"><\/path>\n\t\t\t\t\t<\/svg>\n\t\t\t\t<\/span>\n\t\t\t\t<span class=\"ub_list_item_text\"><strong>Osnovni nivo<br><\/strong>Za vse, ki s plesom \u0161ele za\u010denjate ali bi rade utrdile osnove. V kratkih, u\u010dinkovitih videoposnetkih (25 minut) skupaj vadimo tehniko, osnovne gibe, kombinacije in prve plesne rekvizite.<\/span>\n\t\t\t<\/div>\n\t\t\t\n\t\t<\/li>\n\n<li class=\"ub_styled_list_item\" style=\"--ub-list-item-icon-top: 3px; --ub-list-item-icon-size: 0.9em; --ub-list-item-background-image: url('data:image\/svg+xml;utf8,&lt;svg xmlns=&quot;http:\/\/www.w3.org\/2000\/svg&quot; viewBox=&quot;0 0 512 512&quot;&gt;&lt;path fill=&quot;%23000000&quot; d=&quot;M470.6 105.4c12.5 12.5 12.5 32.8 0 45.3l-256 256c-12.5 12.5-32.8 12.5-45.3 0l-128-128c-12.5-12.5-12.5-32.8 0-45.3s32.8-12.5 45.3 0L192 338.7 425.4 105.4c12.5-12.5 32.8-12.5 45.3 0z&quot;&gt;&lt;\/path&gt;&lt;\/svg&gt;'); \" id=\"ub-styled-list-item-0b700a66-2877-45d1-b3e6-da58caec8ee9\">\n\t\t\t<div class=\"ub_list_item_content\">\n\t\t\t\t<span class=\"ub_list_item_icon\">\n\t\t\t\t\t<svg width=\"0.9em\" height=\"0.9em\" xmlns=\"http:\/\/www.w3.org\/2000\/svg\" viewbox=\"0 0 512 512\">\n\t\t\t\t\t\t<path fill=\"#000000\" d=\"M470.6 105.4c12.5 12.5 12.5 32.8 0 45.3l-256 256c-12.5 12.5-32.8 12.5-45.3 0l-128-128c-12.5-12.5-12.5-32.8 0-45.3s32.8-12.5 45.3 0L192 338.7 425.4 105.4c12.5-12.5 32.8-12.5 45.3 0z\"><\/path>\n\t\t\t\t\t<\/svg>\n\t\t\t\t<\/span>\n\t\t\t\t<span class=\"ub_list_item_text\"><strong>Nadaljevalni nivo<br><\/strong>Tukaj gremo \u0161e korak dlje \u2013 namenjen je plesalkam, ki si \u017eelijo nadgradnje. Poglobimo se v zahtevnej\u0161e kombinacije, rekvizite, tehniko in ustvarjanje koreografij.<\/span>\n\t\t\t<\/div>\n\t\t\t\n\t\t<\/li>\n\n<li class=\"ub_styled_list_item\" style=\"--ub-list-item-icon-top: 3px; --ub-list-item-icon-size: 0.9em; --ub-list-item-background-image: url('data:image\/svg+xml;utf8,&lt;svg xmlns=&quot;http:\/\/www.w3.org\/2000\/svg&quot; viewBox=&quot;0 0 512 512&quot;&gt;&lt;path fill=&quot;%23000000&quot; d=&quot;M470.6 105.4c12.5 12.5 12.5 32.8 0 45.3l-256 256c-12.5 12.5-32.8 12.5-45.3 0l-128-128c-12.5-12.5-12.5-32.8 0-45.3s32.8-12.5 45.3 0L192 338.7 425.4 105.4c12.5-12.5 32.8-12.5 45.3 0z&quot;&gt;&lt;\/path&gt;&lt;\/svg&gt;'); \" id=\"ub-styled-list-item-9fa5be2b-cddb-450f-9724-297cbec52d92\">\n\t\t\t<div class=\"ub_list_item_content\">\n\t\t\t\t<span class=\"ub_list_item_icon\">\n\t\t\t\t\t<svg width=\"0.9em\" height=\"0.9em\" xmlns=\"http:\/\/www.w3.org\/2000\/svg\" viewbox=\"0 0 512 512\">\n\t\t\t\t\t\t<path fill=\"#000000\" d=\"M470.6 105.4c12.5 12.5 12.5 32.8 0 45.3l-256 256c-12.5 12.5-32.8 12.5-45.3 0l-128-128c-12.5-12.5-12.5-32.8 0-45.3s32.8-12.5 45.3 0L192 338.7 425.4 105.4c12.5-12.5 32.8-12.5 45.3 0z\"><\/path>\n\t\t\t\t\t<\/svg>\n\t\t\t\t<\/span>\n\t\t\t\t<span class=\"ub_list_item_text\"><strong>U\u010diteljski koti\u010dek<br><\/strong> Poseben prostor za vse u\u010diteljice orientalskega plesa (ali tiste, ki to \u017eelite postati). Tu najde\u0161 nasvete za pou\u010devanje, ideje za ure in prakti\u010dne napotke, ki temeljijo na izku\u0161njah iz prakse.<\/span>\n\t\t\t<\/div>\n\t\t\t\n\t\t<\/li>\n\n<li class=\"ub_styled_list_item\" style=\"--ub-list-item-icon-top: 3px; --ub-list-item-icon-size: 0.9em; --ub-list-item-background-image: url('data:image\/svg+xml;utf8,&lt;svg xmlns=&quot;http:\/\/www.w3.org\/2000\/svg&quot; viewBox=&quot;0 0 512 512&quot;&gt;&lt;path fill=&quot;%23000000&quot; d=&quot;M0 256a256 256 0 1 0 512 0A256 256 0 1 0 0 256zM241 377c-9.4 9.4-24.6 9.4-33.9 0s-9.4-24.6 0-33.9l87-87-87-87c-9.4-9.4-9.4-24.6 0-33.9s24.6-9.4 33.9 0L345 239c9.4 9.4 9.4 24.6 0 33.9L241 377z&quot;&gt;&lt;\/path&gt;&lt;\/svg&gt;'); \" id=\"ub-styled-list-item-ea8f6f2a-8e12-4587-a42b-78da2e41bd09\">\n\t\t\t<div class=\"ub_list_item_content\">\n\t\t\t\t<span class=\"ub_list_item_icon\">\n\t\t\t\t\t<svg width=\"0.9em\" height=\"0.9em\" xmlns=\"http:\/\/www.w3.org\/2000\/svg\" viewbox=\"0 0 512 512\">\n\t\t\t\t\t\t<path fill=\"#000000\" d=\"M0 256a256 256 0 1 0 512 0A256 256 0 1 0 0 256zM241 377c-9.4 9.4-24.6 9.4-33.9 0s-9.4-24.6 0-33.9l87-87-87-87c-9.4-9.4-9.4-24.6 0-33.9s24.6-9.4 33.9 0L345 239c9.4 9.4 9.4 24.6 0 33.9L241 377z\"><\/path>\n\t\t\t\t\t<\/svg>\n\t\t\t\t<\/span>\n\t\t\t\t<span class=\"ub_list_item_text\"><strong>Vsi videoposnetki so oblikovani tako, da jih lahko vadi\u0161 kadarkoli ti ustreza \u2013 v ritmu, ki ga dolo\u010da\u0161 sama.<\/strong><\/span>\n\t\t\t<\/div>\n\t\t\t\n\t\t<\/li>\n<\/div><\/ul><\/div>\n\n\n\n<div class=\"wp-block-column is-layout-flow wp-block-column-is-layout-flow\"><\/div>\n<\/div>\n\n\n<div style=\"margin-left: var(--wp--preset--spacing--20); margin-right: var(--wp--preset--spacing--20); background-color: #e2e3e4; border-width: 2px; border-color: #ECECEC; \" class=\"ub_call_to_action wp-block-ub-call-to-action-block\" id=\"ub_call_to_action_c0c72e5a-bfe4-4272-8423-c08773c54ca6\">\n\t\t\t<div class=\"ub_call_to_action_headline\">\n\t\t\t\t<p class=\"ub_call_to_action_headline_text\" style=\"font-size: 32px; color: #000000; text-align: center; \">Prvih 7 dni dostopa je brezpla\u010dnih.<\/p>\n\t\t\t<\/div>\n\t\t\t<div class=\"ub_call_to_action_content\">\n\t\t\t\t<p class=\"ub_cta_content_text\" style=\"font-size: 14px; color: #000000; text-align: center; \">Razi\u0161\u010di vsebino brez zadr\u017ekov in se prepri\u010daj, da je prava zate. <\/p>\n\t\t\t<\/div>\n\t\t\t<div class=\"ub_call_to_action_button\">\n\t\t\t\t<a href=\"https:\/\/www.patreon.com\/user?u=55031203\" target=\"_blank\" rel=\"noopener noreferrer\" class=\"ub_cta_button\" style=\"background-color: #ab0c0c; width: 250px; \">\n\t\t\t\t\t<p class=\"ub_cta_button_text\" style=\"font-size: 14px; \">Oglej si spletno u\u010dilnico<\/p>\n\t\t\t\t<\/a>\n\t\t\t<\/div>\n\t\t<\/div>\n\n\n<p><\/p>\n","protected":false},"excerpt":{"rendered":"<p>Spletna u\u010dilnica Nata\u0161e Ko\u010dar je namenjena vsem, ki si \u017eelijo poglobiti svoje orientalsko plesno znanje, osve\u017eiti osnove ali preprosto ostati povezane s plesom \u2013 kjerkoli in kadarkoli. Ne glede na to, ali si za\u010detnica, izku\u0161ena plesalka ali u\u010diteljica, bo\u0161 tu na\u0161la vsebine, ki te bodo navdihnile in podprle na tvoji poti. Kaj najde\u0161 v u\u010dilnici?<\/p>\n","protected":false},"author":1,"featured_media":0,"parent":531,"menu_order":0,"comment_status":"closed","ping_status":"closed","template":"","meta":{"ub_ctt_via":"","footnotes":""},"class_list":["post-569","page","type-page","status-publish","hentry"],"featured_image_src":null,"_links":{"self":[{"href":"https:\/\/kuod-bayani.com\/index.php\/wp-json\/wp\/v2\/pages\/569","targetHints":{"allow":["GET"]}}],"collection":[{"href":"https:\/\/kuod-bayani.com\/index.php\/wp-json\/wp\/v2\/pages"}],"about":[{"href":"https:\/\/kuod-bayani.com\/index.php\/wp-json\/wp\/v2\/types\/page"}],"author":[{"embeddable":true,"href":"https:\/\/kuod-bayani.com\/index.php\/wp-json\/wp\/v2\/users\/1"}],"replies":[{"embeddable":true,"href":"https:\/\/kuod-bayani.com\/index.php\/wp-json\/wp\/v2\/comments?post=569"}],"version-history":[{"count":14,"href":"https:\/\/kuod-bayani.com\/index.php\/wp-json\/wp\/v2\/pages\/569\/revisions"}],"predecessor-version":[{"id":1015,"href":"https:\/\/kuod-bayani.com\/index.php\/wp-json\/wp\/v2\/pages\/569\/revisions\/1015"}],"up":[{"embeddable":true,"href":"https:\/\/kuod-bayani.com\/index.php\/wp-json\/wp\/v2\/pages\/531"}],"wp:attachment":[{"href":"https:\/\/kuod-bayani.com\/index.php\/wp-json\/wp\/v2\/media?parent=569"}],"curies":[{"name":"wp","href":"https:\/\/api.w.org\/{rel}","templated":true}]}}