{"id":667,"date":"2025-08-02T09:28:34","date_gmt":"2025-08-02T09:28:34","guid":{"rendered":"https:\/\/kuod-bayani.com\/?page_id=667"},"modified":"2025-08-18T14:14:20","modified_gmt":"2025-08-18T14:14:20","slug":"natasa-kocar","status":"publish","type":"page","link":"https:\/\/kuod-bayani.com\/index.php\/ekipa\/natasa-kocar\/","title":{"rendered":"NATA\u0160A KO\u010cAR"},"content":{"rendered":"\n<div class=\"wp-block-columns is-layout-flex wp-container-core-columns-is-layout-9d6595d7 wp-block-columns-is-layout-flex\">\n<div class=\"wp-block-column is-layout-flow wp-block-column-is-layout-flow\" style=\"flex-basis:15%\"><\/div>\n\n\n\n<div class=\"wp-block-column is-layout-flow wp-block-column-is-layout-flow\" style=\"flex-basis:25%\"><div style=\"width: 100%; \" class=\"ub-advanced-video-container wp-block-ub-advanced-video\" id=\"ub-advanced-video-f0e7c702-e7f9-40f3-85cf-d01cf98286fd\"><div class=\"ub-advanced-video-embed\" style=\"box-shadow: 0px -0px 0px 0px rgba(0, 0, 0, 1); border-top: 0px solid ; border-left: 0px solid ; border-right: 0px solid ; border-bottom: 0px solid ; border-top-left-radius: 0px; border-top-right-radius: 0px; border-bottom-left-radius: 0px; border-bottom-right-radius: 0px; \"><video loop autoplay controls width=\"720\" height=\"1280\"><source src=\"https:\/\/kuod-bayani.com\/wp-content\/uploads\/2025\/07\/Natasa-kolaz-video.mp4\"><\/source><\/video><\/div><\/div><\/div>\n\n\n\n<div class=\"wp-block-column is-layout-flow wp-block-column-is-layout-flow\" style=\"flex-basis:41.67%\"><h1 style=\"text-align: left;font-size: 27px;letter-spacing: 0px;text-transform: None;, sans-serif;font-weight: Normal;line-height: 40px\" class=\"ub_advanced_heading wp-block-ub-advanced-heading\" id=\"ub-advanced-heading-2a6cadac-cb9b-4c8b-8b29-31620484e516\" data-blockid=\"2a6cadac-cb9b-4c8b-8b29-31620484e516\"><strong>Nata\u0161a je gonilna sila in neuni\u010dljiv plamen Bayani plesne dru\u017eine. Skupine pou\u010duje v \u017eivo, prav tako pa ima odprto <a href=\"https:\/\/www.patreon.com\/user?u=55031203\"><em>spletno u\u010dilnico<\/em><\/a>, za plesalke in plesalke, ki bi \u017eelele postati u\u010diteljice plesa. Avtorica knjige o pou\u010devanju orientalskega plesa (1001 gib orientalskega plesa) je tudi <a href=\"https:\/\/www.natasakocar.eu\/sl\/domov\/\"><em>mednarodno priznana u\u010diteljica<\/em><\/a>, znana po svojem celostnem pristopu k orientalskemu plesu. <\/strong><\/h1>\n\n<h1 style=\"text-align: left;font-size: 27px;letter-spacing: 0px;text-transform: None;, sans-serif;font-weight: Normal;line-height: 40px\" class=\"ub_advanced_heading wp-block-ub-advanced-heading\" id=\"ub-advanced-heading-cdce1ff4-ce17-4d59-86ba-b1865e33cd58\" data-blockid=\"cdce1ff4-ce17-4d59-86ba-b1865e33cd58\"><strong>Svoje plesalke izobra\u017euje na plesnih potovanjih, med treningi pa se posveti tudi zgodovinskemu in kulturnemu ozadju stila plesa, ki ga pou\u010duje. Zadnja leta postaja posebej znana po svojih shaabi koreografijah. <\/strong><\/h1>\n\n<h1 style=\"text-align: left;font-size: 27px;letter-spacing: 0px;text-transform: None;, sans-serif;font-weight: Normal;line-height: 40px\" class=\"ub_advanced_heading wp-block-ub-advanced-heading\" id=\"ub-advanced-heading-7a3e9fec-2c16-4bb6-aea3-2f4a30ece24b\" data-blockid=\"7a3e9fec-2c16-4bb6-aea3-2f4a30ece24b\">Ve\u010d kot 20 let se aktivno ukvarja z jogo &#8211; predvsem Hatha, Flow in Jin. Pred kratkim, leta 2024, je pridobila tudi u\u010diteljski certifikat za pou\u010devanje Jin joge in s tem za\u010dela izvajati tudi vadbe Jin Joge v Bayaniju.\u00a0 <\/h1><\/div>\n\n\n\n<div class=\"wp-block-column is-layout-flow wp-block-column-is-layout-flow\" style=\"flex-basis:16.67%\"><\/div>\n<\/div>\n\n\n<div class=\"wp-block-ub-divider ub_divider ub-divider-orientation-horizontal\" id=\"ub_divider_4a8caf87-08df-4cb6-942c-4ce44ac9b1ee\"><div class=\"ub_divider_wrapper\" style=\"position: relative; margin-bottom: 79px; width: 100%; height: 79px; \" data-divider-alignment=\"center\"><div class=\"ub_divider_line\" style=\"border-top: 2px solid #ccc; margin-top: 79px; \"><\/div><\/div><\/div>\n\n\n<div class=\"wp-block-columns is-layout-flex wp-container-core-columns-is-layout-9d6595d7 wp-block-columns-is-layout-flex\">\n<div class=\"wp-block-column is-layout-flow wp-block-column-is-layout-flow\" style=\"flex-basis:33.33%\"><\/div>\n\n\n\n<div class=\"wp-block-column is-layout-flow wp-block-column-is-layout-flow\" style=\"flex-basis:33.33%\">\n<figure class=\"wp-block-embed is-type-video is-provider-youtube wp-block-embed-youtube wp-embed-aspect-16-9 wp-has-aspect-ratio\"><div class=\"wp-block-embed__wrapper\">\n<div class='embed-responsive embed-responsive-16by9'><iframe class=\"embed-responsive-item\" title=\"Ana Bashak\" width=\"660\" height=\"371\" src=\"https:\/\/www.youtube.com\/embed\/KmJItTUK6gE?feature=oembed&#038;modestbranding=1&#038;showinfo=0&#038;rel=0\"  allow=\"accelerometer; autoplay; clipboard-write; encrypted-media; gyroscope; picture-in-picture; web-share\" referrerpolicy=\"strict-origin-when-cross-origin\" allowfullscreen><\/iframe><\/div>\n<\/div><\/figure>\n<\/div>\n\n\n\n<div class=\"wp-block-column is-layout-flow wp-block-column-is-layout-flow\" style=\"flex-basis:33.33%\"><\/div>\n<\/div>\n\n\n\n<div class=\"wp-block-columns is-layout-flex wp-container-core-columns-is-layout-9d6595d7 wp-block-columns-is-layout-flex\">\n<div class=\"wp-block-column is-layout-flow wp-block-column-is-layout-flow\" style=\"flex-basis:20%\"><\/div>\n\n\n\n<div class=\"wp-block-column is-layout-flow wp-block-column-is-layout-flow\" style=\"flex-basis:20%\">\n<p>Nata\u0161a Ko\u010dar je diplomirana geografinja in profesorica sociologije z bogatimi pedago\u0161kimi in organizacijskimi izku\u0161njami. Leta 2010 je postala \u010dlanica CID (Conceli International de la danse) UNESCO. Svojo plesno pot je za\u010dela kot osnovno\u0161olka v plesni \u0161oli Ur\u0161ka, kjer je po kon\u010dani dveletni splo\u0161ni plesni izobrazbi za\u010dela s treningi jazz baleta pri Mimi Mar\u010dac Mir\u010deta ter se izpopolnjevala na jazz seminarjih pri Fredu Lasserju.<\/p>\n<\/div>\n\n\n\n<div class=\"wp-block-column is-layout-flow wp-block-column-is-layout-flow\" style=\"flex-basis:20%\">\n<p>Ko je konec devetdesetih let spoznala odli\u010dno glasbo Natache Atlas, so se ji na \u0161iroko odprla vrata v Orient. Svoje izobra\u017eevanje je za\u010dela pri <em>Mojci Rakipov \u2013 Nursel<\/em> ter nadaljevala pri nekaterih drugih doma\u010dih in predvsem tujih u\u010diteljicah, od katerih so nanjo najve\u010dji vtis naredile <em>Morocco, Sabuha Shahnaz, Helene Erikssen, Bahara, Astryd Farah de Michelle, Brigitte Ferchichi,<\/em> kasneje pa <em>Raqia Hassan, Randa Kamel, Aziza, Maria Aya, Nesma, Khairiya Mazin, Ahmed Abdel Razik<\/em> in \u0161tevilni drugi u\u010ditelji.<\/p>\n<\/div>\n\n\n\n<div class=\"wp-block-column is-layout-flow wp-block-column-is-layout-flow\" style=\"flex-basis:20%\">\n<p>Pri <em>Helene Eriksen<\/em>, plesalki, koreografinji, u\u010diteljici in plesni etnologinji se je izobra\u017eevala od leta 2004. Na njenih delavnicah ter privatnih urah je spoznala \u0161tevilne severnoafri\u0161ke, bli\u017enjevzhodne in centralnoazijske folklore ter ji pomagala pri prevodu strokovnih besedil iz plesne etnologije omenjenih plesov. Helene je leta 2009 nastopala kot gostja predstave <strong>Hayeti<\/strong>, ki so jo v KUOD Bayani plesalke pripravile ob 5. obletnici ustanovitve skupine Bayani.<\/p>\n<\/div>\n\n\n\n<div class=\"wp-block-column is-layout-flow wp-block-column-is-layout-flow\" style=\"flex-basis:20%\"><\/div>\n<\/div>\n\n\n\n<div class=\"wp-block-columns is-layout-flex wp-container-core-columns-is-layout-9d6595d7 wp-block-columns-is-layout-flex\">\n<div class=\"wp-block-column is-layout-flow wp-block-column-is-layout-flow\" style=\"flex-basis:20%\"><\/div>\n\n\n\n<div class=\"wp-block-column is-layout-flow wp-block-column-is-layout-flow\" style=\"flex-basis:50%\"><div style=\"margin-top: var(--wp--preset--spacing--40); margin-right: var(--wp--preset--spacing--80); margin-bottom: var(--wp--preset--spacing--80); margin-left: var(--wp--preset--spacing--40); min-height: 397px;; \" class=\"ub_image_slider swiper-container wp-block-ub-image-slider\" id=\"ub_image_slider_ba700940-bec1-4f35-bef2-c5aa5999dce5\" data-swiper-data='{\"speed\":300,\"spaceBetween\":20,\"slidesPerView\":1,\"loop\":true,\"pagination\":{\"el\": \".swiper-pagination\" , \"type\": \"bullets\", \"clickable\":true},\"navigation\": {\"nextEl\": \".swiper-button-next\", \"prevEl\": \".swiper-button-prev\"}, \"keyboard\": { \"enabled\": true }, \"effect\": \"fade\",\"fadeEffect\":{\"crossFade\": true},\"autoplay\":{\"delay\": 3000},\"simulateTouch\":false}'>\n            <div class=\"swiper-wrapper\"><figure class=\"swiper-slide\">\n                <img decoding=\"async\" src=\"https:\/\/kuod-bayani.com\/wp-content\/uploads\/2025\/07\/Jalla_26.jpg\" alt=\"\" style=\"height: 362px;; \">\n                <figcaption class=\"ub_image_slider_image_caption\"><\/figcaption>\n            <\/figure><figure class=\"swiper-slide\">\n                <img decoding=\"async\" src=\"https:\/\/kuod-bayani.com\/wp-content\/uploads\/2025\/07\/Image00051-e1753972013972.jpg\" alt=\"\" style=\"height: 362px;; \">\n                <figcaption class=\"ub_image_slider_image_caption\"><\/figcaption>\n            <\/figure><figure class=\"swiper-slide\">\n                <img decoding=\"async\" src=\"https:\/\/kuod-bayani.com\/wp-content\/uploads\/2025\/07\/Image00163.jpg\" alt=\"\" style=\"height: 362px;; \">\n                <figcaption class=\"ub_image_slider_image_caption\"><\/figcaption>\n            <\/figure><\/div>\n            <div class=\"swiper-pagination\"><\/div>\n            <div class=\"swiper-button-prev\"><\/div> <div class=\"swiper-button-next\"><\/div>\n        <\/div><\/div>\n\n\n\n<div class=\"wp-block-column is-layout-flow wp-block-column-is-layout-flow\" style=\"flex-basis:20%\"><\/div>\n<\/div>\n\n\n\n<p><\/p>\n\n\n\n<div class=\"wp-block-columns is-layout-flex wp-container-core-columns-is-layout-9d6595d7 wp-block-columns-is-layout-flex\">\n<div class=\"wp-block-column is-layout-flow wp-block-column-is-layout-flow\" style=\"flex-basis:20%\"><\/div>\n\n\n\n<div class=\"wp-block-column is-layout-flow wp-block-column-is-layout-flow\" style=\"flex-basis:20%\">\n<p>Pri <em>mag. Barbari Kazerouni \u2013 Bahari<\/em> z Dunaja se je med leti 2006 in 2008 izobra\u017eevala za u\u010diteljico orientalskih plesov. Aprila 2008 je to izobra\u017eevanje tudi uspe\u0161no dokon\u010dala in se odlo\u010dila za ponovno dveletno izobra\u017eevanje pod njenim mentorstvom, tokrat za odrsko plesalko.<\/p>\n<\/div>\n\n\n\n<div class=\"wp-block-column is-layout-flow wp-block-column-is-layout-flow\" style=\"flex-basis:20%\">\n<p>Med leti 2006 in 2010 je poleg rednih mese\u010dnih seminarjev za plesalko in u\u010diteljico (teh je bilo pribli\u017eno 40), obiskala vsaj \u0161e 60 plesnih delavnic in seminarjev drugih plesnih u\u010diteljic (poleg zgoraj na\u0161tetih \u0161e Sonia in Amara Gamal iz BDSS, Rachel Brice, Elizabeth Strong, Sherin, Mercedes Nieto, Leila Haddad, Marie El Fajr, Claudia Heinle, Zaza Hasan, dr. Hasan Khalil, Serena in Hossam Ramzy, Magda in Atef Farag, Aziza, Randa Kamel, Yasmina Ramzy, Dalyla Ramy, Michelle Joyce, Maria Aya &#8230;).&nbsp;&nbsp;<\/p>\n<\/div>\n\n\n\n<div class=\"wp-block-column is-layout-flow wp-block-column-is-layout-flow\" style=\"flex-basis:20%\">\n<p>V maju 2008 je s kolegico Julio Tom\u0161i\u010d, soplesalko iz skupine Bayani, odpotovala v Kairo, kjer je spoznala plesalko <em>Astryd Farah de Michelle<\/em>. Astyrd jima je odprla nove poglede na ples in predvsem na specifi\u010dno moderno orientalsko plesno tehniko, posebej zna\u010dilno za Kairo. Nata\u0161a se je navdu\u0161ila nad egip\u010danskim stilom (tako modernim kot folklornim), ki ji je zaradi svoje sr\u010dnosti in povezanosti z zemljo \u0161e posebej blizu. Dve leti je posvetila raziskovanju egip\u010danskega plesa pod okriljem studia Tanzraum iz \u0160vice. Gre za zanimiv koncept zdru\u017eevanja plesnih kvalitet egip\u010danskega giba in modernih plesnih tehnik.<\/p>\n<\/div>\n\n\n\n<div class=\"wp-block-column is-layout-flow wp-block-column-is-layout-flow\" style=\"flex-basis:20%\"><\/div>\n<\/div>\n\n\n\n<div class=\"wp-block-columns is-layout-flex wp-container-core-columns-is-layout-9d6595d7 wp-block-columns-is-layout-flex\">\n<div class=\"wp-block-column is-layout-flow wp-block-column-is-layout-flow\" style=\"flex-basis:35%\"><\/div>\n\n\n\n<div class=\"wp-block-column is-layout-flow wp-block-column-is-layout-flow\" style=\"flex-basis:59.4%\">\n<p class=\"has-text-align-right\">Poleg orientalskega plesa je njena druga velika plesna ljubezen <em>indijski ples<\/em>, tako klasi\u010dni kot Bollywood. Leta 2002 je prvi\u010d obiskala tedensko delavnico klasi\u010dnega ju\u017enoindijskega plesa bharat natyam pri u\u010ditelju <em>Ujwalu Bholeju<\/em>, ki jo je organiziral JSKD. Od takrat dalje je vsako leto obiskovala njegove tedenske plesne in joga seminarje, ki jih je JSKD organiziral dvakrat letno (spomladanski in jesenski plesni izziv). Leta 2005 se je pridru\u017eila rednim tedenskim vadbam bharat natyama, ki jih v Ljubljani vodi Ujwalova u\u010denka <em>Vesna Jev\u0161enak<\/em>, leta 2007 pa \u0161e plesni skupini za klasi\u010dni indijski ples Nataraj, ki deluje znotraj dru\u0161tva Salam ghazeea. Jeseni 2008 je organizirala seminar severnoindijskega plesa kathak z u\u010diteljico <em>Mayalo Bracha<\/em>. Navdu\u0161ena nad plesom je organizirala serijo njenih delavnic v \u0161olskih letih 2008-2012. S kolegico Sylvijo Valentine (tudi u\u010diteljico indijskih plesov v KUOD Bayani) je leta 2008 ustanovila plesno skupino <strong>Shakti<\/strong>, s katero so leta 2010 ustvarile prvi slovenski Bollywood spektakel <strong>Kundalini<\/strong>, leta 2013 pa predstavo <strong>Om shakti<\/strong>. Svoje plesno izpopolnjevanje je nadaljevala v New Delhiju pri profesorici <em>Geetanjali Lal<\/em>, upokojeni direktorici akademije Kathak Kendra v Delhiju, ter pri plesalcu in koroegrafu <em>Subhasu Vimanu Goranii<\/em>. Z intenzivnim izobra\u017eevanjem in pou\u010devanjem indijskega plesa je kon\u010dala leta 2019, a ta ples \u0161e vedno ostaja kot iskrica v njenem plesnem srcu.<\/p>\n<\/div>\n\n\n\n<div class=\"wp-block-column is-layout-flow wp-block-column-is-layout-flow\" style=\"flex-basis:5%\"><\/div>\n\n\n\n<div class=\"wp-block-column is-layout-flow wp-block-column-is-layout-flow\" style=\"flex-basis:50%\">\n<figure class=\"wp-block-embed is-type-video is-provider-youtube wp-block-embed-youtube wp-embed-aspect-16-9 wp-has-aspect-ratio\"><div class=\"wp-block-embed__wrapper\">\n<div class='embed-responsive embed-responsive-16by9'><iframe class=\"embed-responsive-item\" title=\"SHAKTI - CHOLI KHE PEECHE_5.flv\" width=\"660\" height=\"371\" src=\"https:\/\/www.youtube.com\/embed\/Fe1UHhL8mJ8?feature=oembed&#038;modestbranding=1&#038;showinfo=0&#038;rel=0\"  allow=\"accelerometer; autoplay; clipboard-write; encrypted-media; gyroscope; picture-in-picture; web-share\" referrerpolicy=\"strict-origin-when-cross-origin\" allowfullscreen><\/iframe><\/div>\n<\/div><\/figure>\n<\/div>\n\n\n\n<div class=\"wp-block-column is-layout-flow wp-block-column-is-layout-flow\" style=\"flex-basis:20%\"><\/div>\n<\/div>\n\n\n\n<div class=\"wp-block-columns is-layout-flex wp-container-core-columns-is-layout-9d6595d7 wp-block-columns-is-layout-flex\">\n<div class=\"wp-block-column is-layout-flow wp-block-column-is-layout-flow\" style=\"flex-basis:35%\"><\/div>\n\n\n\n<div class=\"wp-block-column is-layout-flow wp-block-column-is-layout-flow\" style=\"flex-basis:50%\"><div style=\"min-height: 285px;; \" class=\"ub_image_slider swiper-container wp-block-ub-image-slider\" id=\"ub_image_slider_8fe6415d-c867-4f7c-92bb-ec5d1a1ee086\" data-swiper-data='{\"speed\":300,\"spaceBetween\":20,\"slidesPerView\":1,\"loop\":true,\"pagination\":{\"el\": \".swiper-pagination\" , \"type\": \"bullets\", \"clickable\":true},\"navigation\": {\"nextEl\": \".swiper-button-next\", \"prevEl\": \".swiper-button-prev\"}, \"keyboard\": { \"enabled\": true }, \"effect\": \"slide\",\"simulateTouch\":false}'>\n            <div class=\"swiper-wrapper\"><figure class=\"swiper-slide\">\n                <img decoding=\"async\" src=\"https:\/\/kuod-bayani.com\/wp-content\/uploads\/2025\/07\/1-Khairiya-Luxor-2015.jpg\" alt=\"\" style=\"height: 250px;; \">\n                <figcaption class=\"ub_image_slider_image_caption\"><\/figcaption>\n            <\/figure><figure class=\"swiper-slide\">\n                <img decoding=\"async\" src=\"https:\/\/kuod-bayani.com\/wp-content\/uploads\/2025\/07\/4-me-and-Khairiya.jpg\" alt=\"\" style=\"height: 250px;; \">\n                <figcaption class=\"ub_image_slider_image_caption\"><\/figcaption>\n            <\/figure><figure class=\"swiper-slide\">\n                <img decoding=\"async\" src=\"https:\/\/kuod-bayani.com\/wp-content\/uploads\/2025\/07\/oglas_maria_v2.jpg\" alt=\"\" style=\"height: 250px;; \">\n                <figcaption class=\"ub_image_slider_image_caption\"><\/figcaption>\n            <\/figure><figure class=\"swiper-slide\">\n                <img decoding=\"async\" src=\"https:\/\/kuod-bayani.com\/wp-content\/uploads\/2025\/07\/1001_slo-1.jpg\" alt=\"\" style=\"height: 250px;; \">\n                <figcaption class=\"ub_image_slider_image_caption\"><\/figcaption>\n            <\/figure><\/div>\n            <div class=\"swiper-pagination\"><\/div>\n            <div class=\"swiper-button-prev\"><\/div> <div class=\"swiper-button-next\"><\/div>\n        <\/div><\/div>\n\n\n\n<div class=\"wp-block-column is-layout-flow wp-block-column-is-layout-flow\" style=\"flex-basis:59.4%\">\n<p class=\"has-text-align-left\">Med leti 2014 in 2019 se je intenzivno izobra\u017eevala pri <em>Mariyi Ayi<\/em> iz Gr\u010diji, kjer je osvojila osnovne koncepte njene mednarodne \u0161ole Hamsa. Med 2016 in 2018 je zaklju\u010dila izobra\u017eevanje iz osnov odrske folklorne tehnike Mahmuda Rede pri <em>Nesmi<\/em>. Od 2015 dalje pa vse do danes obiskuje ghawazee plesalko iz ju\u017enega egipta <em>Khairiyo Mazin<\/em>, kjer se u\u010di ghawazee plesnega stila. Poleg tega se v Egiptu redno izobra\u017euje \u0161e s folkloristom Ahmedom Abdel Razikom, vodjo folklorne skupine iz Luksorja; pri lokalnih u\u010diteljih tahtiba in nubijskega plesa ter v Kairu pri znanih plesalkah in u\u010diteljicah, kot je Dandash. V zadnjih letih jo mika tudi raziskovanje tur\u0161kega, ira\u0161kega in iranskega plesa. Svojo predanost pou\u010devanju orientalskega plesa je leta 2000 zaokro\u017eila z izdajo priro\u010dnika za pou\u010devanje z naslovom <strong>1001 gib orientalskega plesa<\/strong>. Leto dni kasneje, oktobra 2022, je materializirala \u0161e <strong>prvo slovensko <a href=\"https:\/\/kuod-bayani.com\/index.php\/tecaji\/spletna-ucilnica-natase-kocar\/\">spletno u\u010dilnico<\/a> za orientalski ples<\/strong>, ki je v resnici dvojezi\u010dna in dostopna tudi tujim u\u010denkam.<\/p>\n<\/div>\n\n\n\n<div class=\"wp-block-column is-layout-flow wp-block-column-is-layout-flow\" style=\"flex-basis:5%\"><\/div>\n\n\n\n<div class=\"wp-block-column is-layout-flow wp-block-column-is-layout-flow\" style=\"flex-basis:20%\"><\/div>\n<\/div>\n\n\n\n<div class=\"wp-block-columns is-layout-flex wp-container-core-columns-is-layout-9d6595d7 wp-block-columns-is-layout-flex\">\n<div class=\"wp-block-column is-layout-flow wp-block-column-is-layout-flow\" style=\"flex-basis:20%\">\n<p><br><\/p>\n<\/div>\n\n\n\n<div class=\"wp-block-column is-layout-flow wp-block-column-is-layout-flow\" style=\"flex-basis:50%\">\n<p class=\"has-text-align-right\">Nata\u0161a se \u017ee ve\u010d kot 20 let aktivno ukvarja tudi z jogo &#8211; predvsem Hatha, Flow in Jin. Pred kratkim, <strong>leta 2024<\/strong>, je pridobila tudi <strong>u\u010diteljski certifikat za pou\u010devanje Jin joge<\/strong>.\u00a0<\/p>\n<\/div>\n\n\n\n<div class=\"wp-block-column is-layout-flow wp-block-column-is-layout-flow\" style=\"flex-basis:50%\">\n<figure class=\"wp-block-image size-large\"><img fetchpriority=\"high\" decoding=\"async\" width=\"1024\" height=\"791\" src=\"https:\/\/kuod-bayani.com\/wp-content\/uploads\/2025\/08\/NATASA-KOCAR_MOKINI-YOGA-YIN-YOGA-TKM-CERTIFIKAT-1-1-1024x791.png\" alt=\"\" class=\"wp-image-1002\" srcset=\"https:\/\/kuod-bayani.com\/wp-content\/uploads\/2025\/08\/NATASA-KOCAR_MOKINI-YOGA-YIN-YOGA-TKM-CERTIFIKAT-1-1-1024x791.png 1024w, https:\/\/kuod-bayani.com\/wp-content\/uploads\/2025\/08\/NATASA-KOCAR_MOKINI-YOGA-YIN-YOGA-TKM-CERTIFIKAT-1-1-300x232.png 300w, https:\/\/kuod-bayani.com\/wp-content\/uploads\/2025\/08\/NATASA-KOCAR_MOKINI-YOGA-YIN-YOGA-TKM-CERTIFIKAT-1-1-768x593.png 768w, https:\/\/kuod-bayani.com\/wp-content\/uploads\/2025\/08\/NATASA-KOCAR_MOKINI-YOGA-YIN-YOGA-TKM-CERTIFIKAT-1-1.png 1056w\" sizes=\"(max-width: 1024px) 100vw, 1024px\" \/><\/figure>\n<\/div>\n\n\n\n<div class=\"wp-block-column is-layout-flow wp-block-column-is-layout-flow\" style=\"flex-basis:20%\"><\/div>\n<\/div>\n\n\n\n<div class=\"wp-block-columns is-layout-flex wp-container-core-columns-is-layout-9d6595d7 wp-block-columns-is-layout-flex\">\n<div class=\"wp-block-column is-layout-flow wp-block-column-is-layout-flow\" style=\"flex-basis:20%\"><\/div>\n\n\n\n<div class=\"wp-block-column is-layout-flow wp-block-column-is-layout-flow\" style=\"flex-basis:50%\"><\/div>\n\n\n\n<div class=\"wp-block-column is-layout-flow wp-block-column-is-layout-flow\" style=\"flex-basis:20%\"><\/div>\n<\/div>\n\n\n\n<div class=\"wp-block-columns is-layout-flex wp-container-core-columns-is-layout-9d6595d7 wp-block-columns-is-layout-flex\">\n<div class=\"wp-block-column is-layout-flow wp-block-column-is-layout-flow\" style=\"flex-basis:16.67%\"><\/div>\n\n\n\n<div class=\"wp-block-column is-layout-flow wp-block-column-is-layout-flow\" style=\"flex-basis:10%\"><\/div>\n\n\n\n<div class=\"wp-block-column is-layout-flow wp-block-column-is-layout-flow\" style=\"flex-basis:80%\">\n<p>Njeno izobra\u017eevanje in izpopolnjevanje se nadaljuje in z veseljem odkriva nove poglede na ples, vskrava nove gibe, stile, tehnike in zgodbe.<\/p>\n<\/div>\n\n\n\n<div class=\"wp-block-column is-layout-flow wp-block-column-is-layout-flow\" style=\"flex-basis:19%\"><\/div>\n\n\n\n<div class=\"wp-block-column is-layout-flow wp-block-column-is-layout-flow\" style=\"flex-basis:16.67%\"><\/div>\n\n\n\n<div class=\"wp-block-column is-layout-flow wp-block-column-is-layout-flow\" style=\"flex-basis:16.67%\"><\/div>\n<\/div>\n\n\n\n<div class=\"wp-block-columns is-layout-flex wp-container-core-columns-is-layout-9d6595d7 wp-block-columns-is-layout-flex\">\n<div class=\"wp-block-column is-layout-flow wp-block-column-is-layout-flow\" style=\"flex-basis:25%\"><\/div>\n\n\n\n<div class=\"wp-block-column is-layout-flow wp-block-column-is-layout-flow\" style=\"flex-basis:25%\">\n<figure class=\"wp-block-embed is-type-video is-provider-youtube wp-block-embed-youtube wp-embed-aspect-16-9 wp-has-aspect-ratio\"><div class=\"wp-block-embed__wrapper\">\n<div class='embed-responsive embed-responsive-16by9'><iframe class=\"embed-responsive-item\" title=\"RAKS SHARQI WITH SILK VEIL by Nata\u0161a Ko\u010dar\" width=\"660\" height=\"371\" src=\"https:\/\/www.youtube.com\/embed\/lRSz34amqEo?feature=oembed&#038;modestbranding=1&#038;showinfo=0&#038;rel=0\"  allow=\"accelerometer; autoplay; clipboard-write; encrypted-media; gyroscope; picture-in-picture; web-share\" referrerpolicy=\"strict-origin-when-cross-origin\" allowfullscreen><\/iframe><\/div>\n<\/div><\/figure>\n<\/div>\n\n\n\n<div class=\"wp-block-column is-layout-flow wp-block-column-is-layout-flow\" style=\"flex-basis:25%\">\n<figure class=\"wp-block-embed is-type-video is-provider-youtube wp-block-embed-youtube wp-embed-aspect-16-9 wp-has-aspect-ratio\"><div class=\"wp-block-embed__wrapper\">\n<div class='embed-responsive embed-responsive-16by9'><iframe class=\"embed-responsive-item\" title=\"Tamr Henna - colored version by  Natasa\" width=\"660\" height=\"371\" src=\"https:\/\/www.youtube.com\/embed\/nA7uq2ted7E?feature=oembed&#038;modestbranding=1&#038;showinfo=0&#038;rel=0\"  allow=\"accelerometer; autoplay; clipboard-write; encrypted-media; gyroscope; picture-in-picture; web-share\" referrerpolicy=\"strict-origin-when-cross-origin\" allowfullscreen><\/iframe><\/div>\n<\/div><\/figure>\n<\/div>\n\n\n\n<div class=\"wp-block-column is-layout-flow wp-block-column-is-layout-flow\" style=\"flex-basis:25%\"><\/div>\n<\/div>\n\n\n\n<p><\/p>\n","protected":false},"excerpt":{"rendered":"<p>Nata\u0161a je gonilna sila in neuni\u010dljiv plamen Bayani plesne dru\u017eine. Skupine pou\u010duje v \u017eivo, prav tako pa ima odprto spletno u\u010dilnico, za plesalke in plesalke, ki bi \u017eelele postati u\u010diteljice plesa. Avtorica knjige o pou\u010devanju orientalskega plesa (1001 gib orientalskega plesa) je tudi mednarodno priznana u\u010diteljica, znana po svojem celostnem pristopu k orientalskemu plesu.<\/p>\n<p>Svoje plesalke izobra\u017euje na plesnih potovanjih, med treningi pa se posveti tudi zgodovinskemu in kulturnemu ozadju stila plesa, ki ga pou\u010duje. Zadnja leta postaja posebej znana po svojih shaabi koreografijah.<\/p>\n","protected":false},"author":1,"featured_media":368,"parent":725,"menu_order":1,"comment_status":"closed","ping_status":"closed","template":"","meta":{"ub_ctt_via":"","footnotes":""},"class_list":["post-667","page","type-page","status-publish","has-post-thumbnail","hentry"],"featured_image_src":"https:\/\/kuod-bayani.com\/wp-content\/uploads\/2025\/07\/DSC_6917-scaled.jpg","_links":{"self":[{"href":"https:\/\/kuod-bayani.com\/index.php\/wp-json\/wp\/v2\/pages\/667","targetHints":{"allow":["GET"]}}],"collection":[{"href":"https:\/\/kuod-bayani.com\/index.php\/wp-json\/wp\/v2\/pages"}],"about":[{"href":"https:\/\/kuod-bayani.com\/index.php\/wp-json\/wp\/v2\/types\/page"}],"author":[{"embeddable":true,"href":"https:\/\/kuod-bayani.com\/index.php\/wp-json\/wp\/v2\/users\/1"}],"replies":[{"embeddable":true,"href":"https:\/\/kuod-bayani.com\/index.php\/wp-json\/wp\/v2\/comments?post=667"}],"version-history":[{"count":38,"href":"https:\/\/kuod-bayani.com\/index.php\/wp-json\/wp\/v2\/pages\/667\/revisions"}],"predecessor-version":[{"id":1026,"href":"https:\/\/kuod-bayani.com\/index.php\/wp-json\/wp\/v2\/pages\/667\/revisions\/1026"}],"up":[{"embeddable":true,"href":"https:\/\/kuod-bayani.com\/index.php\/wp-json\/wp\/v2\/pages\/725"}],"wp:featuredmedia":[{"embeddable":true,"href":"https:\/\/kuod-bayani.com\/index.php\/wp-json\/wp\/v2\/media\/368"}],"wp:attachment":[{"href":"https:\/\/kuod-bayani.com\/index.php\/wp-json\/wp\/v2\/media?parent=667"}],"curies":[{"name":"wp","href":"https:\/\/api.w.org\/{rel}","templated":true}]}}