{"id":725,"date":"2025-08-02T09:31:13","date_gmt":"2025-08-02T09:31:13","guid":{"rendered":"https:\/\/kuod-bayani.com\/?page_id=725"},"modified":"2025-08-05T14:22:38","modified_gmt":"2025-08-05T14:22:38","slug":"ekipa","status":"publish","type":"page","link":"https:\/\/kuod-bayani.com\/index.php\/ekipa\/","title":{"rendered":"EKIPA"},"content":{"rendered":"\n<div class=\"wp-block-columns is-layout-flex wp-container-core-columns-is-layout-9d6595d7 wp-block-columns-is-layout-flex\">\n<div class=\"wp-block-column is-layout-flow wp-block-column-is-layout-flow\" style=\"flex-basis:33.34%\"><\/div>\n\n\n\n<div class=\"wp-block-column is-layout-flow wp-block-column-is-layout-flow\" style=\"flex-basis:33.34%\"><div id=\"ccchildpages-1\" class=\"ccchildpages threecol simple ccclearfix\"><div class=\"ccchildpage  ccfirst ccodd ccpage-count-1 ccpage-id-667 ccpage-natasa-kocar ccpage-has-parent ccpage-pid-725 ccpage-parent-ekipa\"><h3>NATA\u0160A KO\u010cAR<\/h3><div class=\"ccpages_excerpt\">Nata\u0161a je gonilna sila in neuni\u010dljiv plamen Bayani plesne dru\u017eine. Skupine pou\u010duje v \u017eivo, prav tako pa ima odprto spletno u\u010dilnico, za plesalke in plesalke, ki bi \u017eelele postati u\u010diteljice plesa. Avtorica knjige o pou\u010devanju orientalskega plesa (1001 gib orientalskega plesa) je tudi mednarodno priznana u\u010diteljica, znana po svojem celostnem pristopu k orientalskemu plesu. Svoje...<\/div><p class=\"ccpages_more\"><a href=\"https:\/\/kuod-bayani.com\/index.php\/ekipa\/natasa-kocar\/\"  title=\"Read more ...\">Read more ...<\/a><\/p><\/div><div class=\"ccchildpage  cceven ccpage-count-2 ccpage-id-763 ccpage-nerlisa-osmicevic ccpage-has-parent ccpage-pid-725 ccpage-parent-ekipa\"><h3>NERLISA OSMI\u010cEVI\u0106<\/h3><div class=\"ccpages_excerpt\">Nerlisa pou\u010duje tribal fusion stil v KUOD Bayani od leta 2022 (u\u010di pa od koronskega leta 2020, za\u010den\u0161i z online in nato te\u010daji v \u017eivo), ple\u0161e od leta 2003, tribal fusion stil pa od leta 2012. Plesalke v Bayaniju zdru\u017euje v Silima tribe (pleme) ple\u0161o\u010dih \u010darovnic, kjer dajo zelo veliko na raziskovanje fusion gibov in...<\/div><p class=\"ccpages_more\"><a href=\"https:\/\/kuod-bayani.com\/index.php\/ekipa\/nerlisa-osmicevic\/\"  title=\"Read more ...\">Read more ...<\/a><\/p><\/div><div class=\"ccchildpage  cclast ccodd ccpage-count-3 ccpage-id-728 ccpage-nike-sekulo ccpage-has-parent ccpage-pid-725 ccpage-parent-ekipa\"><h3>NIKE SEKULO<\/h3><div class=\"ccpages_excerpt\">Nike je dolgoletna \u010dlanica KUOD Bayani, ki z izobrazbo za plesno u\u010diteljico pod vodstvom Nata\u0161e Ko\u010dar od leta 2023 v dru\u0161tvo uvaja nove \u010dlanice. Na te\u010dajih za\u010detnega orientalskega plesa bodo\u010de \u010dlanice pou\u010duje osnove temeljnih gibov orientalskega plesa in deli svojo ljubezen do zlasti klasi\u010dne arabske glasbe, te\u010dajnice pa seznani tudi s prvimi plesnimi koreografijami.<\/div><p class=\"ccpages_more\"><a href=\"https:\/\/kuod-bayani.com\/index.php\/ekipa\/nike-sekulo\/\"  title=\"Read more ...\">Read more ...<\/a><\/p><\/div><div class=\"ccchildpage  ccfirst cceven ccpage-count-4 ccpage-id-828 ccpage-hamsa-dream-team ccpage-has-parent ccpage-pid-725 ccpage-parent-ekipa\"><h3>HAMSA Dream Team<\/h3><div class=\"ccpages_excerpt\">V skupini Hamsa Dream Team sodelujejo u\u010diteljice in dolgoletne \u010dlanice dru\u0161tva Bayani, ki se profesionalno ali polprofesionalno ukvarjajo s plesom. Skupina je nastala leta 2016 po uspe\u0161ni premieri predstave Hamsa. V njej so na za\u010detku sodelovale skoraj vse plesalke omenjene predstave. Od leta 2021 dalje pa so aktivne \u010dlanice skupine \u0161e: Jana Bogdanovski, Nata\u0161a Ko\u010dar,...<\/div><p class=\"ccpages_more\"><a href=\"https:\/\/kuod-bayani.com\/index.php\/ekipa\/hamsa-dream-team\/\"  title=\"Read more ...\">Read more ...<\/a><\/p><\/div><\/div>\n<\/div>\n\n\n\n<div class=\"wp-block-column is-layout-flow wp-block-column-is-layout-flow\" style=\"flex-basis:33.33%\"><\/div>\n<\/div>\n\n\n\n<p><\/p>\n","protected":false},"excerpt":{"rendered":"V skupini Hamsa Dream Team sodelujejo u\u010diteljice in dolgoletne \u010dlanice dru\u0161tva Bayani, ki se profesionalno ali polprofesionalno ukvarjajo s plesom. Skupina je nastala leta 2016 po uspe\u0161ni premieri predstave Hamsa. V njej so na za\u010detku sodelovale skoraj vse plesalke omenjene predstave. Od leta 2021 dalje pa so aktivne \u010dlanice skupine \u0161e: Jana Bogdanovski, Nata\u0161a Ko\u010dar, Nerlisa Osmi\u010devi\u0107, \u0160pela Rakovec in [...]","protected":false},"author":1,"featured_media":0,"parent":0,"menu_order":0,"comment_status":"closed","ping_status":"closed","template":"","meta":{"ub_ctt_via":"","footnotes":""},"class_list":["post-725","page","type-page","status-publish","hentry"],"featured_image_src":null,"_links":{"self":[{"href":"https:\/\/kuod-bayani.com\/index.php\/wp-json\/wp\/v2\/pages\/725","targetHints":{"allow":["GET"]}}],"collection":[{"href":"https:\/\/kuod-bayani.com\/index.php\/wp-json\/wp\/v2\/pages"}],"about":[{"href":"https:\/\/kuod-bayani.com\/index.php\/wp-json\/wp\/v2\/types\/page"}],"author":[{"embeddable":true,"href":"https:\/\/kuod-bayani.com\/index.php\/wp-json\/wp\/v2\/users\/1"}],"replies":[{"embeddable":true,"href":"https:\/\/kuod-bayani.com\/index.php\/wp-json\/wp\/v2\/comments?post=725"}],"version-history":[{"count":6,"href":"https:\/\/kuod-bayani.com\/index.php\/wp-json\/wp\/v2\/pages\/725\/revisions"}],"predecessor-version":[{"id":858,"href":"https:\/\/kuod-bayani.com\/index.php\/wp-json\/wp\/v2\/pages\/725\/revisions\/858"}],"wp:attachment":[{"href":"https:\/\/kuod-bayani.com\/index.php\/wp-json\/wp\/v2\/media?parent=725"}],"curies":[{"name":"wp","href":"https:\/\/api.w.org\/{rel}","templated":true}]}}