{"id":728,"date":"2025-08-02T11:12:07","date_gmt":"2025-08-02T11:12:07","guid":{"rendered":"https:\/\/kuod-bayani.com\/?page_id=728"},"modified":"2025-08-05T14:10:07","modified_gmt":"2025-08-05T14:10:07","slug":"nike-sekulo","status":"publish","type":"page","link":"https:\/\/kuod-bayani.com\/index.php\/ekipa\/nike-sekulo\/","title":{"rendered":"NIKE SEKULO"},"content":{"rendered":"\n<div class=\"wp-block-columns is-layout-flex wp-container-core-columns-is-layout-9d6595d7 wp-block-columns-is-layout-flex\">\n<div class=\"wp-block-column is-layout-flow wp-block-column-is-layout-flow\" style=\"flex-basis:25%\"><\/div>\n\n\n\n<div class=\"wp-block-column is-layout-flow wp-block-column-is-layout-flow\" style=\"flex-basis:25%\"><div style=\"width: 100%; \" class=\"ub-advanced-video-container wp-block-ub-advanced-video\" id=\"ub-advanced-video-4592c00b-7a69-4a55-9727-ee98ebb456aa\"><div class=\"ub-advanced-video-embed\" style=\"box-shadow: 0px -0px 0px 0px rgba(0, 0, 0, 1); border-top: 0px solid ; border-left: 0px solid ; border-right: 0px solid ; border-bottom: 0px solid ; border-top-left-radius: 0px; border-top-right-radius: 0px; border-bottom-left-radius: 0px; border-bottom-right-radius: 0px; \"><video loop autoplay controls width=\"undefined\" height=\"undefined\"><source src=\"https:\/\/kuod-bayani.com\/wp-content\/uploads\/2025\/08\/Nike-kolaz.mp4\"><\/source><\/video><\/div><\/div><\/div>\n\n\n\n<div class=\"wp-block-column is-layout-flow wp-block-column-is-layout-flow\" style=\"flex-basis:25%\"><h2 style=\"font-size: 27px;letter-spacing: 0px;text-transform: None;, sans-serif;font-weight: Normal;line-height: 40px\" class=\"ub_advanced_heading wp-block-ub-advanced-heading\" id=\"ub-advanced-heading-68f4be81-a7a7-4b23-9bf8-1637a2832455\" data-blockid=\"68f4be81-a7a7-4b23-9bf8-1637a2832455\"><strong>Nike je dolgoletna \u010dlanica KUOD Bayani, ki z izobrazbo za plesno u\u010diteljico pod vodstvom Nata\u0161e Ko\u010dar od leta 2023 v dru\u0161tvo uvaja nove \u010dlanice. Na te\u010dajih za\u010detnega orientalskega plesa bodo\u010de \u010dlanice pou\u010duje osnove temeljnih gibov orientalskega plesa in deli svojo ljubezen do zlasti klasi\u010dne arabske glasbe, te\u010dajnice pa seznani tudi s prvimi plesnimi koreografijami.<\/strong><\/h2><\/div>\n\n\n\n<div class=\"wp-block-column is-layout-flow wp-block-column-is-layout-flow\" style=\"flex-basis:25%\"><\/div>\n<\/div>\n\n\n\n<div class=\"wp-block-columns is-layout-flex wp-container-core-columns-is-layout-9d6595d7 wp-block-columns-is-layout-flex\">\n<div class=\"wp-block-column is-layout-flow wp-block-column-is-layout-flow\" style=\"flex-basis:20%\"><\/div>\n\n\n\n<div class=\"wp-block-column is-layout-flow wp-block-column-is-layout-flow\" style=\"flex-basis:80%\">\n<p>Klasi\u010dni orientalski ples jo je povsem o\u010daral, ko si je v domu kulture Kamnik ogledala predstavo KUOD Bayani, <em>Zaghareet<\/em> (2007). \u0160e isto leto se je vpisala na te\u010daj tribal fusiona pri <em>Manci Pavli<\/em> in na te\u010daj orientalskega plesa na osnovi egip\u010danske tehnike pri <em>Nata\u0161i Ko\u010dar<\/em>. Slednji jo je povsem osvojil in od takrat dalje je nadobudna u\u010denka dru\u0161tva KOUD Bayani in se hkrati udele\u017euje tudi razli\u010dnih delavnic orientalskega plesa doma in v tujini z mednarodno priznanimi u\u010diteljicami in u\u010ditelji, kot so: <em>Mateja Mikulan, Astryd Farah, Zoe Jakes, Jillina, Kathreen Derouet, Nesma, Badriyah, Ozgen Ozgec, Maria Aya &#8211; Malema, Khyria Mazin, Shahrzad, Serkan Tutar, Melissa Gamal, Mercedes Nieto<\/em> &#8230; Je redna obiskovalka festivalov, v zadnjih letih so bili to festivali Infusion Emporium v Angliji, Spring Oriental Dreamcamp v Sloveniji, Rakkas Istanbul v Tur\u010diji.&nbsp;<\/p>\n<\/div>\n\n\n\n<div class=\"wp-block-column is-layout-flow wp-block-column-is-layout-flow\" style=\"flex-basis:20%\"><\/div>\n<\/div>\n\n\n\n<div class=\"wp-block-columns is-layout-flex wp-container-core-columns-is-layout-9d6595d7 wp-block-columns-is-layout-flex\">\n<div class=\"wp-block-column is-layout-flow wp-block-column-is-layout-flow\" style=\"flex-basis:20%\"><\/div>\n\n\n\n<div class=\"wp-block-column is-layout-flow wp-block-column-is-layout-flow\" style=\"flex-basis:50%\"><div style=\"min-height: 535px;; \" class=\"ub_image_slider swiper-container wp-block-ub-image-slider\" id=\"ub_image_slider_68a4b292-6370-4168-9bbc-e93b2ab29d10\" data-swiper-data='{\"speed\":300,\"spaceBetween\":20,\"slidesPerView\":1,\"loop\":true,\"pagination\":{\"el\": \".swiper-pagination\" , \"type\": \"bullets\", \"clickable\":true},\"navigation\": {\"nextEl\": \".swiper-button-next\", \"prevEl\": \".swiper-button-prev\"}, \"keyboard\": { \"enabled\": true }, \"effect\": \"fade\",\"fadeEffect\":{\"crossFade\": true},\"autoplay\":{\"delay\": 3000},\"simulateTouch\":false}'>\n            <div class=\"swiper-wrapper\"><figure class=\"swiper-slide\">\n                <img decoding=\"async\" src=\"https:\/\/kuod-bayani.com\/wp-content\/uploads\/2025\/08\/2024_06_08-bayani-20-let-5104.jpg\" alt=\"\" style=\"height: 500px;; \">\n                <figcaption class=\"ub_image_slider_image_caption\"><\/figcaption>\n            <\/figure><figure class=\"swiper-slide\">\n                <img decoding=\"async\" src=\"https:\/\/kuod-bayani.com\/wp-content\/uploads\/2025\/08\/IMG_9199-scaled.jpg\" alt=\"\" style=\"height: 500px;; \">\n                <figcaption class=\"ub_image_slider_image_caption\"><\/figcaption>\n            <\/figure><figure class=\"swiper-slide\">\n                <img decoding=\"async\" src=\"https:\/\/kuod-bayani.com\/wp-content\/uploads\/2025\/08\/2024_06_08-bayani-20-let-4992.jpg\" alt=\"\" style=\"height: 500px;; \">\n                <figcaption class=\"ub_image_slider_image_caption\"><\/figcaption>\n            <\/figure><figure class=\"swiper-slide\">\n                <img decoding=\"async\" src=\"https:\/\/kuod-bayani.com\/wp-content\/uploads\/2025\/08\/2024_06_08-bayani-20-let-4948.jpg\" alt=\"\" style=\"height: 500px;; \">\n                <figcaption class=\"ub_image_slider_image_caption\"><\/figcaption>\n            <\/figure><figure class=\"swiper-slide\">\n                <img decoding=\"async\" src=\"https:\/\/kuod-bayani.com\/wp-content\/uploads\/2025\/08\/IMG_9050-scaled.jpg\" alt=\"\" style=\"height: 500px;; \">\n                <figcaption class=\"ub_image_slider_image_caption\"><\/figcaption>\n            <\/figure><figure class=\"swiper-slide\">\n                <img decoding=\"async\" src=\"https:\/\/kuod-bayani.com\/wp-content\/uploads\/2025\/08\/DSC01932-scaled.jpg\" alt=\"\" style=\"height: 500px;; \">\n                <figcaption class=\"ub_image_slider_image_caption\"><\/figcaption>\n            <\/figure><figure class=\"swiper-slide\">\n                <img decoding=\"async\" src=\"https:\/\/kuod-bayani.com\/wp-content\/uploads\/2025\/08\/2024_06_08-bayani-20-let-5557.jpg\" alt=\"\" style=\"height: 500px;; \">\n                <figcaption class=\"ub_image_slider_image_caption\"><\/figcaption>\n            <\/figure><figure class=\"swiper-slide\">\n                <img decoding=\"async\" src=\"https:\/\/kuod-bayani.com\/wp-content\/uploads\/2025\/08\/2024_06_08-bayani-20-let-5788.jpg\" alt=\"\" style=\"height: 500px;; \">\n                <figcaption class=\"ub_image_slider_image_caption\"><\/figcaption>\n            <\/figure><figure class=\"swiper-slide\">\n                <img decoding=\"async\" src=\"https:\/\/kuod-bayani.com\/wp-content\/uploads\/2025\/08\/IMG_6994.jpg\" alt=\"\" style=\"height: 500px;; \">\n                <figcaption class=\"ub_image_slider_image_caption\"><\/figcaption>\n            <\/figure><figure class=\"swiper-slide\">\n                <img decoding=\"async\" src=\"https:\/\/kuod-bayani.com\/wp-content\/uploads\/2025\/07\/Izdelek-brez-naslova-4.png\" alt=\"\" style=\"height: 500px;; \">\n                <figcaption class=\"ub_image_slider_image_caption\"><\/figcaption>\n            <\/figure><figure class=\"swiper-slide\">\n                <img decoding=\"async\" src=\"https:\/\/kuod-bayani.com\/wp-content\/uploads\/2025\/07\/2023_06_03-bayani-produkcija-9141-scaled.jpg\" alt=\"\" style=\"height: 500px;; \">\n                <figcaption class=\"ub_image_slider_image_caption\"><\/figcaption>\n            <\/figure><figure class=\"swiper-slide\">\n                <img decoding=\"async\" src=\"https:\/\/kuod-bayani.com\/wp-content\/uploads\/2025\/07\/2023_06_03-bayani-produkcija-8747-scaled.jpg\" alt=\"\" style=\"height: 500px;; \">\n                <figcaption class=\"ub_image_slider_image_caption\"><\/figcaption>\n            <\/figure><\/div>\n            <div class=\"swiper-pagination\"><\/div>\n            <div class=\"swiper-button-prev\"><\/div> <div class=\"swiper-button-next\"><\/div>\n        <\/div><\/div>\n\n\n\n<div class=\"wp-block-column is-layout-flow wp-block-column-is-layout-flow\" style=\"flex-basis:20%\"><\/div>\n<\/div>\n\n\n\n<div class=\"wp-block-columns is-layout-flex wp-container-core-columns-is-layout-9d6595d7 wp-block-columns-is-layout-flex\">\n<div class=\"wp-block-column is-layout-flow wp-block-column-is-layout-flow\" style=\"flex-basis:20%\"><\/div>\n\n\n\n<div class=\"wp-block-column is-layout-flow wp-block-column-is-layout-flow\" style=\"flex-basis:80%\">\n<p>Poleg egip\u010danskega stila jo navdu\u0161ujejo tudi folklorni plesi, kot so ples Perzijskega zaliva khalegee; ghawazee, al\u017eirski ples plemena Ouled Nail, romsko-tur\u0161ki ter sufijski ples. Zadnje tri leta se u\u010di tudi tribal stila pri <em>Nerlisi Osmi\u010devi\u0107<\/em>.<\/p>\n<\/div>\n\n\n\n<div class=\"wp-block-column is-layout-flow wp-block-column-is-layout-flow\" style=\"flex-basis:20%\"><\/div>\n<\/div>\n\n\n\n<div class=\"wp-block-columns is-layout-flex wp-container-core-columns-is-layout-9d6595d7 wp-block-columns-is-layout-flex\">\n<div class=\"wp-block-column is-layout-flow wp-block-column-is-layout-flow\" style=\"flex-basis:20%\"><\/div>\n\n\n\n<div class=\"wp-block-column is-layout-flow wp-block-column-is-layout-flow\" style=\"flex-basis:80%\">\n<p>Po ve\u010dletnem izobra\u017eevanju (narejen certifikat <strong>Bayani Orient Akademije<\/strong>) je na pobudo mentorice Nata\u0161e Ko\u010dar leta 2023 za\u010dela pou\u010devati osnove klasi\u010dnega orientalskega plesa in je sama mentorica vsem, ki se \u0161ele podajajo na pot orientalskega plesa.&nbsp;<\/p>\n<\/div>\n\n\n\n<div class=\"wp-block-column is-layout-flow wp-block-column-is-layout-flow\" style=\"flex-basis:20%\"><\/div>\n<\/div>\n\n\n\n<p><\/p>\n","protected":false},"excerpt":{"rendered":"<p>Nike je dolgoletna \u010dlanica KUOD Bayani, ki z izobrazbo za plesno u\u010diteljico pod vodstvom Nata\u0161e Ko\u010dar od leta 2023 v dru\u0161tvo uvaja nove \u010dlanice. Na te\u010dajih za\u010detnega orientalskega plesa bodo\u010de \u010dlanice pou\u010duje osnove temeljnih gibov orientalskega plesa in deli svojo ljubezen do zlasti klasi\u010dne arabske glasbe, te\u010dajnice pa seznani tudi s prvimi plesnimi koreografijami.<\/p>\n","protected":false},"author":1,"featured_media":0,"parent":725,"menu_order":3,"comment_status":"closed","ping_status":"closed","template":"","meta":{"ub_ctt_via":"","footnotes":""},"class_list":["post-728","page","type-page","status-publish","hentry"],"featured_image_src":null,"_links":{"self":[{"href":"https:\/\/kuod-bayani.com\/index.php\/wp-json\/wp\/v2\/pages\/728","targetHints":{"allow":["GET"]}}],"collection":[{"href":"https:\/\/kuod-bayani.com\/index.php\/wp-json\/wp\/v2\/pages"}],"about":[{"href":"https:\/\/kuod-bayani.com\/index.php\/wp-json\/wp\/v2\/types\/page"}],"author":[{"embeddable":true,"href":"https:\/\/kuod-bayani.com\/index.php\/wp-json\/wp\/v2\/users\/1"}],"replies":[{"embeddable":true,"href":"https:\/\/kuod-bayani.com\/index.php\/wp-json\/wp\/v2\/comments?post=728"}],"version-history":[{"count":10,"href":"https:\/\/kuod-bayani.com\/index.php\/wp-json\/wp\/v2\/pages\/728\/revisions"}],"predecessor-version":[{"id":863,"href":"https:\/\/kuod-bayani.com\/index.php\/wp-json\/wp\/v2\/pages\/728\/revisions\/863"}],"up":[{"embeddable":true,"href":"https:\/\/kuod-bayani.com\/index.php\/wp-json\/wp\/v2\/pages\/725"}],"wp:attachment":[{"href":"https:\/\/kuod-bayani.com\/index.php\/wp-json\/wp\/v2\/media?parent=728"}],"curies":[{"name":"wp","href":"https:\/\/api.w.org\/{rel}","templated":true}]}}