{"id":828,"date":"2025-08-05T13:19:15","date_gmt":"2025-08-05T13:19:15","guid":{"rendered":"https:\/\/kuod-bayani.com\/?page_id=828"},"modified":"2025-08-05T14:09:01","modified_gmt":"2025-08-05T14:09:01","slug":"hamsa-dream-team","status":"publish","type":"page","link":"https:\/\/kuod-bayani.com\/index.php\/ekipa\/hamsa-dream-team\/","title":{"rendered":"HAMSA Dream Team"},"content":{"rendered":"\n<div class=\"wp-block-columns is-layout-flex wp-container-core-columns-is-layout-9d6595d7 wp-block-columns-is-layout-flex\">\n<div class=\"wp-block-column is-layout-flow wp-block-column-is-layout-flow\" style=\"flex-basis:25%\"><\/div>\n\n\n\n<div class=\"wp-block-column is-layout-flow wp-block-column-is-layout-flow\" style=\"flex-basis:25%\"><div style=\"width: 100%; \" class=\"ub-advanced-video-container wp-block-ub-advanced-video\" id=\"ub-advanced-video-9540c89c-31eb-4459-bf34-91cb44a5359d\"><div class=\"ub-advanced-video-embed\" style=\"box-shadow: 0px -0px 0px 0px rgba(0, 0, 0, 1); border-top: 0px solid ; border-left: 0px solid ; border-right: 0px solid ; border-bottom: 0px solid ; border-top-left-radius: 0px; border-top-right-radius: 0px; border-bottom-left-radius: 0px; border-bottom-right-radius: 0px; \"><video loop autoplay controls width=\"undefined\" height=\"undefined\"><source src=\"https:\/\/kuod-bayani.com\/wp-content\/uploads\/2025\/08\/Hamsa-dream-team-kolaz.mp4\"><\/source><\/video><\/div><\/div><\/div>\n\n\n\n<div class=\"wp-block-column is-layout-flow wp-block-column-is-layout-flow\" style=\"flex-basis:25%\">\n<p>V skupini <strong>Hamsa Dream Team <\/strong>sodelujejo u\u010diteljice in dolgoletne \u010dlanice dru\u0161tva Bayani, ki se profesionalno ali polprofesionalno ukvarjajo s plesom. <\/p>\n\n\n\n<p>Skupina je nastala leta 2016 po uspe\u0161ni premieri predstave Hamsa. V njej so na za\u010detku sodelovale skoraj vse plesalke omenjene predstave. Od leta 2021 dalje pa so aktivne \u010dlanice skupine \u0161e: <em>Jana Bogdanovski, Nata\u0161a Ko\u010dar, Nerlisa Osmi\u010devi\u0107, \u0160pela Rakovec in Nike Sekulo<\/em>. <\/p>\n\n\n\n<p>Skupina nastopa na eksluzivnih dogodkih doma in v tujini.<\/p>\n<\/div>\n\n\n\n<div class=\"wp-block-column is-layout-flow wp-block-column-is-layout-flow\" style=\"flex-basis:25%\"><\/div>\n<\/div>\n\n\n\n<div class=\"wp-block-columns is-layout-flex wp-container-core-columns-is-layout-9d6595d7 wp-block-columns-is-layout-flex\">\n<div class=\"wp-block-column is-layout-flow wp-block-column-is-layout-flow\" style=\"flex-basis:33.34%\">\n<figure class=\"wp-block-embed is-type-video is-provider-youtube wp-block-embed-youtube wp-embed-aspect-16-9 wp-has-aspect-ratio\"><div class=\"wp-block-embed__wrapper\">\n<div class='embed-responsive embed-responsive-16by9'><iframe class=\"embed-responsive-item\" title=\"A THEATRICAL SHAABI\" width=\"660\" height=\"371\" src=\"https:\/\/www.youtube.com\/embed\/ugXlCH3AuxA?feature=oembed&#038;modestbranding=1&#038;showinfo=0&#038;rel=0\"  allow=\"accelerometer; autoplay; clipboard-write; encrypted-media; gyroscope; picture-in-picture; web-share\" referrerpolicy=\"strict-origin-when-cross-origin\" allowfullscreen><\/iframe><\/div>\n<\/div><\/figure>\n<\/div>\n\n\n\n<div class=\"wp-block-column is-layout-flow wp-block-column-is-layout-flow\" style=\"flex-basis:33.34%\">\n<figure class=\"wp-block-embed is-type-video is-provider-youtube wp-block-embed-youtube wp-embed-aspect-16-9 wp-has-aspect-ratio\"><div class=\"wp-block-embed__wrapper\">\n<div class='embed-responsive embed-responsive-16by9'><iframe class=\"embed-responsive-item\" title=\"BAHLAM BEEK, by KUOD Bayani\" width=\"660\" height=\"371\" src=\"https:\/\/www.youtube.com\/embed\/VUEd0ONDPK0?feature=oembed&#038;modestbranding=1&#038;showinfo=0&#038;rel=0\"  allow=\"accelerometer; autoplay; clipboard-write; encrypted-media; gyroscope; picture-in-picture; web-share\" referrerpolicy=\"strict-origin-when-cross-origin\" allowfullscreen><\/iframe><\/div>\n<\/div><\/figure>\n<\/div>\n\n\n\n<div class=\"wp-block-column is-layout-flow wp-block-column-is-layout-flow\" style=\"flex-basis:33.33%\">\n<figure class=\"wp-block-embed is-type-video is-provider-youtube wp-block-embed-youtube wp-embed-aspect-4-3 wp-has-aspect-ratio\"><div class=\"wp-block-embed__wrapper\">\n<div class='embed-responsive embed-responsive-16by9'><iframe class=\"embed-responsive-item\" title=\"Baladi\/Shaabi by KUOD Bayani\" width=\"660\" height=\"495\" src=\"https:\/\/www.youtube.com\/embed\/V3cUrgI-0Uk?feature=oembed&#038;modestbranding=1&#038;showinfo=0&#038;rel=0\"  allow=\"accelerometer; autoplay; clipboard-write; encrypted-media; gyroscope; picture-in-picture; web-share\" referrerpolicy=\"strict-origin-when-cross-origin\" allowfullscreen><\/iframe><\/div>\n<\/div><\/figure>\n<\/div>\n<\/div>\n","protected":false},"excerpt":{"rendered":"<p>V skupini Hamsa Dream Team sodelujejo u\u010diteljice in dolgoletne \u010dlanice dru\u0161tva Bayani, ki se profesionalno ali polprofesionalno ukvarjajo s plesom. Skupina je nastala leta 2016 po uspe\u0161ni premieri predstave Hamsa. V njej so na za\u010detku sodelovale skoraj vse plesalke omenjene predstave. Od leta 2021 dalje pa so aktivne \u010dlanice skupine \u0161e: Jana Bogdanovski, Nata\u0161a Ko\u010dar, Nerlisa Osmi\u010devi\u0107, \u0160pela Rakovec in [&hellip;]<\/p>\n","protected":false},"author":1,"featured_media":0,"parent":725,"menu_order":4,"comment_status":"closed","ping_status":"closed","template":"","meta":{"ub_ctt_via":"","footnotes":""},"class_list":["post-828","page","type-page","status-publish","hentry"],"featured_image_src":null,"_links":{"self":[{"href":"https:\/\/kuod-bayani.com\/index.php\/wp-json\/wp\/v2\/pages\/828","targetHints":{"allow":["GET"]}}],"collection":[{"href":"https:\/\/kuod-bayani.com\/index.php\/wp-json\/wp\/v2\/pages"}],"about":[{"href":"https:\/\/kuod-bayani.com\/index.php\/wp-json\/wp\/v2\/types\/page"}],"author":[{"embeddable":true,"href":"https:\/\/kuod-bayani.com\/index.php\/wp-json\/wp\/v2\/users\/1"}],"replies":[{"embeddable":true,"href":"https:\/\/kuod-bayani.com\/index.php\/wp-json\/wp\/v2\/comments?post=828"}],"version-history":[{"count":4,"href":"https:\/\/kuod-bayani.com\/index.php\/wp-json\/wp\/v2\/pages\/828\/revisions"}],"predecessor-version":[{"id":860,"href":"https:\/\/kuod-bayani.com\/index.php\/wp-json\/wp\/v2\/pages\/828\/revisions\/860"}],"up":[{"embeddable":true,"href":"https:\/\/kuod-bayani.com\/index.php\/wp-json\/wp\/v2\/pages\/725"}],"wp:attachment":[{"href":"https:\/\/kuod-bayani.com\/index.php\/wp-json\/wp\/v2\/media?parent=828"}],"curies":[{"name":"wp","href":"https:\/\/api.w.org\/{rel}","templated":true}]}}