{"id":926,"date":"2025-08-07T14:13:38","date_gmt":"2025-08-07T14:13:38","guid":{"rendered":"https:\/\/kuod-bayani.com\/?page_id=926"},"modified":"2025-08-11T20:04:43","modified_gmt":"2025-08-11T20:04:43","slug":"domov","status":"publish","type":"page","link":"https:\/\/kuod-bayani.com\/","title":{"rendered":"DOMOV"},"content":{"rendered":"\t\t<div data-elementor-type=\"wp-page\" data-elementor-id=\"926\" class=\"elementor elementor-926\">\n\t\t\t\t<div class=\"elementor-element elementor-element-bde946b e-flex e-con-boxed e-con e-parent\" data-id=\"bde946b\" data-element_type=\"container\">\n\t\t\t\t\t<div class=\"e-con-inner\">\n\t\t\t\t<div class=\"elementor-element elementor-element-f0d4876 elementor-widget__width-auto elementor-widget elementor-widget-heading\" data-id=\"f0d4876\" data-element_type=\"widget\" data-widget_type=\"heading.default\">\n\t\t\t\t\t<h2 class=\"elementor-heading-title elementor-size-default\">KUOD BAYANI<\/h2>\t\t\t\t<\/div>\n\t\t\t\t<div class=\"elementor-element elementor-element-fa3fe0c elementor-widget elementor-widget-text-editor\" data-id=\"fa3fe0c\" data-element_type=\"widget\" data-widget_type=\"text-editor.default\">\n\t\t\t\t\t\t\t\t\t<p>Plesno dru\u0161tvo, ki goji orientalski (tako folklorne kot moderne stile) in tribal fusion ples kot odrsko umetnost ter skrbi tudi za zgodovinsko in kulturno izobra\u017eevanje svojih \u010dlanic o plesih, ki jih ple\u0161ejo. Redni te\u010daji orientalskega plesa, tribal fusiona in jin joge potekajo v kamni\u0161kem Bayani studiu, najdete pa nas tudi drugod na gostujo\u010dih delavnicah in te\u010dajih.\u00a0<\/p>\t\t\t\t\t\t\t\t<\/div>\n\t\t\t\t\t<\/div>\n\t\t\t\t<\/div>\n\t\t<div class=\"elementor-element elementor-element-b650b48 e-grid e-con-boxed e-con e-parent\" data-id=\"b650b48\" data-element_type=\"container\">\n\t\t\t\t\t<div class=\"e-con-inner\">\n\t\t\t\t<div class=\"elementor-element elementor-element-1dbfc3e elementor-widget elementor-widget-image\" data-id=\"1dbfc3e\" data-element_type=\"widget\" data-widget_type=\"image.default\">\n\t\t\t\t\t\t\t\t\t\t\t\t\t\t\t\t<a href=\"https:\/\/kuod-bayani.com\/index.php\/tecaji\/orientalski-ples\/\">\n\t\t\t\t\t\t\t<img fetchpriority=\"high\" decoding=\"async\" width=\"660\" height=\"495\" src=\"https:\/\/kuod-bayani.com\/wp-content\/uploads\/2025\/08\/Orientalski-ples-Homepage-768x576.jpg\" class=\"attachment-medium_large size-medium_large wp-image-941\" alt=\"\" srcset=\"https:\/\/kuod-bayani.com\/wp-content\/uploads\/2025\/08\/Orientalski-ples-Homepage-768x576.jpg 768w, https:\/\/kuod-bayani.com\/wp-content\/uploads\/2025\/08\/Orientalski-ples-Homepage-300x225.jpg 300w, https:\/\/kuod-bayani.com\/wp-content\/uploads\/2025\/08\/Orientalski-ples-Homepage.jpg 1024w\" sizes=\"(max-width: 660px) 100vw, 660px\" \/>\t\t\t\t\t\t\t\t<\/a>\n\t\t\t\t\t\t\t\t\t\t\t\t\t\t\t<\/div>\n\t\t\t\t<div class=\"elementor-element elementor-element-9185140 elementor-widget elementor-widget-image\" data-id=\"9185140\" data-element_type=\"widget\" data-widget_type=\"image.default\">\n\t\t\t\t\t\t\t\t\t\t\t\t\t\t\t\t<a href=\"https:\/\/kuod-bayani.com\/index.php\/tecaji\/tribal-fusion\/\">\n\t\t\t\t\t\t\t<img decoding=\"async\" width=\"660\" height=\"495\" src=\"https:\/\/kuod-bayani.com\/wp-content\/uploads\/2025\/08\/TF-homepage-button.jpg\" class=\"attachment-large size-large wp-image-942\" alt=\"\" srcset=\"https:\/\/kuod-bayani.com\/wp-content\/uploads\/2025\/08\/TF-homepage-button.jpg 1024w, https:\/\/kuod-bayani.com\/wp-content\/uploads\/2025\/08\/TF-homepage-button-300x225.jpg 300w, https:\/\/kuod-bayani.com\/wp-content\/uploads\/2025\/08\/TF-homepage-button-768x576.jpg 768w\" sizes=\"(max-width: 660px) 100vw, 660px\" \/>\t\t\t\t\t\t\t\t<\/a>\n\t\t\t\t\t\t\t\t\t\t\t\t\t\t\t<\/div>\n\t\t\t\t<div class=\"elementor-element elementor-element-70cbc64 elementor-widget elementor-widget-image\" data-id=\"70cbc64\" data-element_type=\"widget\" data-widget_type=\"image.default\">\n\t\t\t\t\t\t\t\t\t\t\t\t\t\t\t\t<a href=\"https:\/\/kuod-bayani.com\/index.php\/tecaji\/jin-joga\/\">\n\t\t\t\t\t\t\t<img decoding=\"async\" width=\"660\" height=\"495\" src=\"https:\/\/kuod-bayani.com\/wp-content\/uploads\/2025\/08\/Jin-Joga-homepage.png\" class=\"attachment-large size-large wp-image-1016\" alt=\"\" srcset=\"https:\/\/kuod-bayani.com\/wp-content\/uploads\/2025\/08\/Jin-Joga-homepage.png 1024w, https:\/\/kuod-bayani.com\/wp-content\/uploads\/2025\/08\/Jin-Joga-homepage-300x225.png 300w, https:\/\/kuod-bayani.com\/wp-content\/uploads\/2025\/08\/Jin-Joga-homepage-768x576.png 768w\" sizes=\"(max-width: 660px) 100vw, 660px\" \/>\t\t\t\t\t\t\t\t<\/a>\n\t\t\t\t\t\t\t\t\t\t\t\t\t\t\t<\/div>\n\t\t\t\t<div class=\"elementor-element elementor-element-c974955 elementor-widget elementor-widget-image\" data-id=\"c974955\" data-element_type=\"widget\" data-widget_type=\"image.default\">\n\t\t\t\t\t\t\t\t\t\t\t\t\t\t\t\t<a href=\"https:\/\/kuod-bayani.com\/index.php\/tecaji\/spletna-ucilnica-natase-kocar\/\">\n\t\t\t\t\t\t\t<img loading=\"lazy\" decoding=\"async\" width=\"660\" height=\"495\" src=\"https:\/\/kuod-bayani.com\/wp-content\/uploads\/2025\/08\/spletna-ucilnica-homepage.jpg\" class=\"attachment-large size-large wp-image-944\" alt=\"\" srcset=\"https:\/\/kuod-bayani.com\/wp-content\/uploads\/2025\/08\/spletna-ucilnica-homepage.jpg 1024w, https:\/\/kuod-bayani.com\/wp-content\/uploads\/2025\/08\/spletna-ucilnica-homepage-300x225.jpg 300w, https:\/\/kuod-bayani.com\/wp-content\/uploads\/2025\/08\/spletna-ucilnica-homepage-768x576.jpg 768w\" sizes=\"(max-width: 660px) 100vw, 660px\" \/>\t\t\t\t\t\t\t\t<\/a>\n\t\t\t\t\t\t\t\t\t\t\t\t\t\t\t<\/div>\n\t\t\t\t\t<\/div>\n\t\t\t\t<\/div>\n\t\t<div class=\"elementor-element elementor-element-8986fc9 e-flex e-con-boxed e-con e-parent\" data-id=\"8986fc9\" data-element_type=\"container\" data-settings=\"{&quot;background_background&quot;:&quot;classic&quot;,&quot;shape_divider_top&quot;:&quot;mountains&quot;,&quot;animation&quot;:&quot;none&quot;}\">\n\t\t\t\t\t<div class=\"e-con-inner\">\n\t\t\t\t<div class=\"elementor-shape elementor-shape-top\" aria-hidden=\"true\" data-negative=\"false\">\n\t\t\t<svg xmlns=\"http:\/\/www.w3.org\/2000\/svg\" viewBox=\"0 0 1000 100\" preserveAspectRatio=\"none\">\n\t<path class=\"elementor-shape-fill\" opacity=\"0.33\" d=\"M473,67.3c-203.9,88.3-263.1-34-320.3,0C66,119.1,0,59.7,0,59.7V0h1000v59.7 c0,0-62.1,26.1-94.9,29.3c-32.8,3.3-62.8-12.3-75.8-22.1C806,49.6,745.3,8.7,694.9,4.7S492.4,59,473,67.3z\"\/>\n\t<path class=\"elementor-shape-fill\" opacity=\"0.66\" d=\"M734,67.3c-45.5,0-77.2-23.2-129.1-39.1c-28.6-8.7-150.3-10.1-254,39.1 s-91.7-34.4-149.2,0C115.7,118.3,0,39.8,0,39.8V0h1000v36.5c0,0-28.2-18.5-92.1-18.5C810.2,18.1,775.7,67.3,734,67.3z\"\/>\n\t<path class=\"elementor-shape-fill\" d=\"M766.1,28.9c-200-57.5-266,65.5-395.1,19.5C242,1.8,242,5.4,184.8,20.6C128,35.8,132.3,44.9,89.9,52.5C28.6,63.7,0,0,0,0 h1000c0,0-9.9,40.9-83.6,48.1S829.6,47,766.1,28.9z\"\/>\n<\/svg>\t\t<\/div>\n\t\t\t\t<div class=\"elementor-element elementor-element-bad894e elementor-button-info elementor-align-justify elementor-widget elementor-widget-button\" data-id=\"bad894e\" data-element_type=\"widget\" data-settings=\"{&quot;_animation&quot;:&quot;none&quot;}\" data-widget_type=\"button.default\">\n\t\t\t\t\t\t\t\t\t\t<a class=\"elementor-button elementor-button-link elementor-size-sm elementor-animation-pulse-shrink\" href=\"https:\/\/kuod-bayani.com\/index.php\/tecaji-2025-2026\/\">\n\t\t\t\t\t\t<span class=\"elementor-button-content-wrapper\">\n\t\t\t\t\t\t<span class=\"elementor-button-icon\">\n\t\t\t\t<svg aria-hidden=\"true\" class=\"e-font-icon-svg e-far-calendar-alt\" viewBox=\"0 0 448 512\" xmlns=\"http:\/\/www.w3.org\/2000\/svg\"><path d=\"M148 288h-40c-6.6 0-12-5.4-12-12v-40c0-6.6 5.4-12 12-12h40c6.6 0 12 5.4 12 12v40c0 6.6-5.4 12-12 12zm108-12v-40c0-6.6-5.4-12-12-12h-40c-6.6 0-12 5.4-12 12v40c0 6.6 5.4 12 12 12h40c6.6 0 12-5.4 12-12zm96 0v-40c0-6.6-5.4-12-12-12h-40c-6.6 0-12 5.4-12 12v40c0 6.6 5.4 12 12 12h40c6.6 0 12-5.4 12-12zm-96 96v-40c0-6.6-5.4-12-12-12h-40c-6.6 0-12 5.4-12 12v40c0 6.6 5.4 12 12 12h40c6.6 0 12-5.4 12-12zm-96 0v-40c0-6.6-5.4-12-12-12h-40c-6.6 0-12 5.4-12 12v40c0 6.6 5.4 12 12 12h40c6.6 0 12-5.4 12-12zm192 0v-40c0-6.6-5.4-12-12-12h-40c-6.6 0-12 5.4-12 12v40c0 6.6 5.4 12 12 12h40c6.6 0 12-5.4 12-12zm96-260v352c0 26.5-21.5 48-48 48H48c-26.5 0-48-21.5-48-48V112c0-26.5 21.5-48 48-48h48V12c0-6.6 5.4-12 12-12h40c6.6 0 12 5.4 12 12v52h128V12c0-6.6 5.4-12 12-12h40c6.6 0 12 5.4 12 12v52h48c26.5 0 48 21.5 48 48zm-48 346V160H48v298c0 3.3 2.7 6 6 6h340c3.3 0 6-2.7 6-6z\"><\/path><\/svg>\t\t\t<\/span>\n\t\t\t\t\t\t\t\t\t<span class=\"elementor-button-text\">URNIK TE\u010cAJEV 2025\/2026<\/span>\n\t\t\t\t\t<\/span>\n\t\t\t\t\t<\/a>\n\t\t\t\t\t\t\t\t<\/div>\n\t\t\t\t\t<\/div>\n\t\t\t\t<\/div>\n\t\t<div class=\"elementor-element elementor-element-7e95a0a e-flex e-con-boxed e-con e-parent\" data-id=\"7e95a0a\" data-element_type=\"container\">\n\t\t\t\t\t<div class=\"e-con-inner\">\n\t\t\t\t<div class=\"elementor-element elementor-element-44e082d elementor-widget elementor-widget-heading\" data-id=\"44e082d\" data-element_type=\"widget\" data-widget_type=\"heading.default\">\n\t\t\t\t\t<h2 class=\"elementor-heading-title elementor-size-default\">Spoznajte Bayani u\u010diteljice<\/h2>\t\t\t\t<\/div>\n\t\t\t\t\t<\/div>\n\t\t\t\t<\/div>\n\t\t<div class=\"elementor-element elementor-element-917a370 e-grid e-con-boxed e-con e-parent\" data-id=\"917a370\" data-element_type=\"container\">\n\t\t\t\t\t<div class=\"e-con-inner\">\n\t\t\t\t<div class=\"elementor-element elementor-element-45d6127 elementor-widget elementor-widget-image\" data-id=\"45d6127\" data-element_type=\"widget\" data-widget_type=\"image.default\">\n\t\t\t\t\t\t\t\t\t\t\t\t\t\t\t\t<a href=\"https:\/\/kuod-bayani.com\/index.php\/ekipa\/natasa-kocar\/\">\n\t\t\t\t\t\t\t<img loading=\"lazy\" decoding=\"async\" width=\"1000\" height=\"250\" src=\"https:\/\/kuod-bayani.com\/wp-content\/uploads\/2025\/08\/Natasa.jpg\" class=\"attachment-full size-full wp-image-946\" alt=\"\" srcset=\"https:\/\/kuod-bayani.com\/wp-content\/uploads\/2025\/08\/Natasa.jpg 1000w, https:\/\/kuod-bayani.com\/wp-content\/uploads\/2025\/08\/Natasa-300x75.jpg 300w, https:\/\/kuod-bayani.com\/wp-content\/uploads\/2025\/08\/Natasa-768x192.jpg 768w\" sizes=\"(max-width: 1000px) 100vw, 1000px\" \/>\t\t\t\t\t\t\t\t<\/a>\n\t\t\t\t\t\t\t\t\t\t\t\t\t\t\t<\/div>\n\t\t\t\t<div class=\"elementor-element elementor-element-111740d elementor-widget elementor-widget-image\" data-id=\"111740d\" data-element_type=\"widget\" data-widget_type=\"image.default\">\n\t\t\t\t\t\t\t\t\t\t\t\t\t\t\t\t<a href=\"https:\/\/kuod-bayani.com\/index.php\/ekipa\/nerlisa-osmicevic\/\">\n\t\t\t\t\t\t\t<img loading=\"lazy\" decoding=\"async\" width=\"1000\" height=\"250\" src=\"https:\/\/kuod-bayani.com\/wp-content\/uploads\/2025\/08\/Nerlisa.png\" class=\"attachment-full size-full wp-image-947\" alt=\"\" srcset=\"https:\/\/kuod-bayani.com\/wp-content\/uploads\/2025\/08\/Nerlisa.png 1000w, https:\/\/kuod-bayani.com\/wp-content\/uploads\/2025\/08\/Nerlisa-300x75.png 300w, https:\/\/kuod-bayani.com\/wp-content\/uploads\/2025\/08\/Nerlisa-768x192.png 768w\" sizes=\"(max-width: 1000px) 100vw, 1000px\" \/>\t\t\t\t\t\t\t\t<\/a>\n\t\t\t\t\t\t\t\t\t\t\t\t\t\t\t<\/div>\n\t\t\t\t<div class=\"elementor-element elementor-element-a7b9d84 elementor-widget elementor-widget-image\" data-id=\"a7b9d84\" data-element_type=\"widget\" data-widget_type=\"image.default\">\n\t\t\t\t\t\t\t\t\t\t\t\t\t\t\t\t<a href=\"https:\/\/kuod-bayani.com\/index.php\/ekipa\/nike-sekulo\/\">\n\t\t\t\t\t\t\t<img loading=\"lazy\" decoding=\"async\" width=\"1000\" height=\"250\" src=\"https:\/\/kuod-bayani.com\/wp-content\/uploads\/2025\/08\/Nike-1.jpg\" class=\"attachment-full size-full wp-image-948\" alt=\"\" srcset=\"https:\/\/kuod-bayani.com\/wp-content\/uploads\/2025\/08\/Nike-1.jpg 1000w, https:\/\/kuod-bayani.com\/wp-content\/uploads\/2025\/08\/Nike-1-300x75.jpg 300w, https:\/\/kuod-bayani.com\/wp-content\/uploads\/2025\/08\/Nike-1-768x192.jpg 768w\" sizes=\"(max-width: 1000px) 100vw, 1000px\" \/>\t\t\t\t\t\t\t\t<\/a>\n\t\t\t\t\t\t\t\t\t\t\t\t\t\t\t<\/div>\n\t\t\t\t\t<\/div>\n\t\t\t\t<\/div>\n\t\t<div class=\"elementor-element elementor-element-ee67f58 e-flex e-con-boxed e-con e-parent\" data-id=\"ee67f58\" data-element_type=\"container\">\n\t\t\t\t\t<div class=\"e-con-inner\">\n\t\t\t\t<div class=\"elementor-element elementor-element-4b1c5f5 elementor-widget elementor-widget-heading\" data-id=\"4b1c5f5\" data-element_type=\"widget\" data-widget_type=\"heading.default\">\n\t\t\t\t\t<h3 class=\"elementor-heading-title elementor-size-default\">Novi\u010dnik<\/h3>\t\t\t\t<\/div>\n\t\t\t\t<div class=\"elementor-element elementor-element-f800634 elementor-widget elementor-widget-shortcode\" data-id=\"f800634\" data-element_type=\"widget\" data-widget_type=\"shortcode.default\">\n\t\t\t\t\t\t\t<div class=\"elementor-shortcode\"><\/div>\n\t\t\t\t\t\t<\/div>\n\t\t\t\t\t<\/div>\n\t\t\t\t<\/div>\n\t\t<div class=\"elementor-element elementor-element-401e1fa e-grid e-con-boxed e-con e-parent\" data-id=\"401e1fa\" data-element_type=\"container\">\n\t\t\t\t\t<div class=\"e-con-inner\">\n\t\t\t\t<div class=\"elementor-element elementor-element-9d32557 elementor-widget elementor-widget-shortcode\" data-id=\"9d32557\" data-element_type=\"widget\" data-widget_type=\"shortcode.default\">\n\t\t\t\t\t\t\t<div class=\"elementor-shortcode\"><ul class=\"display-posts-listing\"><li class=\"listing-item\"><a class=\"image\" href=\"https:\/\/kuod-bayani.com\/index.php\/2026\/04\/10\/1001-noc-veceri-solo-duo-tock-kamnik-ptuj-kras\/\"><img loading=\"lazy\" decoding=\"async\" width=\"212\" height=\"300\" src=\"https:\/\/kuod-bayani.com\/wp-content\/uploads\/2026\/04\/mala.1001-noc_na-3-lokacijah-212x300.jpg\" class=\"attachment-medium size-medium wp-post-image\" alt=\"\" srcset=\"https:\/\/kuod-bayani.com\/wp-content\/uploads\/2026\/04\/mala.1001-noc_na-3-lokacijah-212x300.jpg 212w, https:\/\/kuod-bayani.com\/wp-content\/uploads\/2026\/04\/mala.1001-noc_na-3-lokacijah-724x1024.jpg 724w, https:\/\/kuod-bayani.com\/wp-content\/uploads\/2026\/04\/mala.1001-noc_na-3-lokacijah-768x1086.jpg 768w, https:\/\/kuod-bayani.com\/wp-content\/uploads\/2026\/04\/mala.1001-noc_na-3-lokacijah.jpg 1061w\" sizes=\"(max-width: 212px) 100vw, 212px\" \/><\/a> <a class=\"title\" href=\"https:\/\/kuod-bayani.com\/index.php\/2026\/04\/10\/1001-noc-veceri-solo-duo-tock-kamnik-ptuj-kras\/\">1001 NO\u010c &#8211; VE\u010cERI SOLO\/DUO TO\u010cK (KAMNIK, PTUJ, KRAS)<\/a> <span class=\"excerpt-dash\">-<\/span> <span class=\"excerpt\">Bayani ponosno predstavlja 1001 no\u010d - ve\u010der solo\/duo to\u010dk Bayani plesalk in \u010dlanic z gostjami. Prvi se ima zgoditi \u017ee jutri, 11.4., v Klubu doma kulture Kamnik in je skorajda&hellip; <span class=\"excerpt-more\"><\/span><\/span><\/li><li class=\"listing-item\"><a class=\"image\" href=\"https:\/\/kuod-bayani.com\/index.php\/2026\/03\/17\/tretja-edicija-festivala-spring-oriental-dreamcamp-je-za-nami\/\"><img loading=\"lazy\" decoding=\"async\" width=\"300\" height=\"169\" src=\"https:\/\/kuod-bayani.com\/wp-content\/uploads\/2026\/03\/611741017_122232167570121735_8231076339585009248_n-300x169.png\" class=\"attachment-medium size-medium wp-post-image\" alt=\"\" srcset=\"https:\/\/kuod-bayani.com\/wp-content\/uploads\/2026\/03\/611741017_122232167570121735_8231076339585009248_n-300x169.png 300w, https:\/\/kuod-bayani.com\/wp-content\/uploads\/2026\/03\/611741017_122232167570121735_8231076339585009248_n-768x433.png 768w, https:\/\/kuod-bayani.com\/wp-content\/uploads\/2026\/03\/611741017_122232167570121735_8231076339585009248_n.png 960w\" sizes=\"(max-width: 300px) 100vw, 300px\" \/><\/a> <a class=\"title\" href=\"https:\/\/kuod-bayani.com\/index.php\/2026\/03\/17\/tretja-edicija-festivala-spring-oriental-dreamcamp-je-za-nami\/\">Tretja edicija festivala Spring Oriental Dreamcamp je za nami<\/a> <span class=\"excerpt-dash\">-<\/span> <span class=\"excerpt\">Ta vikend smo KUOD Bayani u\u010diteljice in \u010dlanice pre\u017eivele na \u010dudovitem plesnem festivalu Spring Oriental Dreamcamp. Zgodil se je tretji\u010d zapored, v Ljubljani, pod organizatorsko taktirko Mateje Mikulan. Me smo&hellip; <span class=\"excerpt-more\"><\/span><\/span><\/li><\/ul>\n\n<\/div>\n\t\t\t\t\t\t<\/div>\n\t\t\t\t<div class=\"elementor-element elementor-element-940036f elementor-widget elementor-widget-html\" data-id=\"940036f\" data-element_type=\"widget\" data-widget_type=\"html.default\">\n\t\t\t\t\t<div class=\"google-form-container\">\r\n  <iframe src=\"https:\/\/docs.google.com\/forms\/d\/e\/1FAIpQLSeNTtjm3qHm4G40v3pNv1oocNrChdj2-zUGJyhfqHAlqsSsgg\/viewform?embedded=true\" width=\"240\" height=\"300\" frameborder=\"0\" marginheight=\"0\" marginwidth=\"0\">Loading\u2026<\/iframe>\r\n<\/div>\r\n\t\t\t\t<\/div>\n\t\t\t\t\t<\/div>\n\t\t\t\t<\/div>\n\t\t<div class=\"elementor-element elementor-element-16bfb44 e-flex e-con-boxed e-con e-parent\" data-id=\"16bfb44\" data-element_type=\"container\">\n\t\t\t\t\t<div class=\"e-con-inner\">\n\t\t\t\t\t<\/div>\n\t\t\t\t<\/div>\n\t\t\t\t<\/div>\n\t\t","protected":false},"excerpt":{"rendered":"<p>KUOD BAYANI Plesno dru\u0161tvo, ki goji orientalski (tako folklorne kot moderne stile) in tribal fusion ples kot odrsko umetnost ter skrbi tudi za zgodovinsko in kulturno izobra\u017eevanje svojih \u010dlanic o plesih, ki jih ple\u0161ejo. Redni te\u010daji orientalskega plesa, tribal fusiona in jin joge potekajo v kamni\u0161kem Bayani studiu, najdete pa nas tudi drugod na gostujo\u010dih delavnicah in te\u010dajih.\u00a0 URNIK TE\u010cAJEV [&hellip;]<\/p>\n","protected":false},"author":1,"featured_media":0,"parent":0,"menu_order":0,"comment_status":"closed","ping_status":"closed","template":"elementor_header_footer","meta":{"ub_ctt_via":"","footnotes":""},"class_list":["post-926","page","type-page","status-publish","hentry"],"featured_image_src":null,"_links":{"self":[{"href":"https:\/\/kuod-bayani.com\/index.php\/wp-json\/wp\/v2\/pages\/926","targetHints":{"allow":["GET"]}}],"collection":[{"href":"https:\/\/kuod-bayani.com\/index.php\/wp-json\/wp\/v2\/pages"}],"about":[{"href":"https:\/\/kuod-bayani.com\/index.php\/wp-json\/wp\/v2\/types\/page"}],"author":[{"embeddable":true,"href":"https:\/\/kuod-bayani.com\/index.php\/wp-json\/wp\/v2\/users\/1"}],"replies":[{"embeddable":true,"href":"https:\/\/kuod-bayani.com\/index.php\/wp-json\/wp\/v2\/comments?post=926"}],"version-history":[{"count":23,"href":"https:\/\/kuod-bayani.com\/index.php\/wp-json\/wp\/v2\/pages\/926\/revisions"}],"predecessor-version":[{"id":1019,"href":"https:\/\/kuod-bayani.com\/index.php\/wp-json\/wp\/v2\/pages\/926\/revisions\/1019"}],"wp:attachment":[{"href":"https:\/\/kuod-bayani.com\/index.php\/wp-json\/wp\/v2\/media?parent=926"}],"curies":[{"name":"wp","href":"https:\/\/api.w.org\/{rel}","templated":true}]}}