{"id":979,"date":"2025-08-11T13:32:15","date_gmt":"2025-08-11T13:32:15","guid":{"rendered":"https:\/\/kuod-bayani.com\/?page_id=979"},"modified":"2025-08-25T16:01:18","modified_gmt":"2025-08-25T16:01:18","slug":"kontakt","status":"publish","type":"page","link":"https:\/\/kuod-bayani.com\/index.php\/kontakt\/","title":{"rendered":"KONTAKT"},"content":{"rendered":"\t\t<div data-elementor-type=\"wp-page\" data-elementor-id=\"979\" class=\"elementor elementor-979\">\n\t\t\t\t<div class=\"elementor-element elementor-element-2fd0bdd e-flex e-con-boxed e-con e-parent\" data-id=\"2fd0bdd\" data-element_type=\"container\">\n\t\t\t\t\t<div class=\"e-con-inner\">\n\t\t\t\t<div class=\"elementor-element elementor-element-4120c2a elementor-widget elementor-widget-text-editor\" data-id=\"4120c2a\" data-element_type=\"widget\" data-widget_type=\"text-editor.default\">\n\t\t\t\t\t\t\t\t\t<p>Za vsa vpra\u0161anja glede te\u010dajev, delavnic in nastopov ostajamo z veseljem na voljo na dru\u0161tvenem mailu <a href=\"mailto:drustvo.bayani@gmail.com\"><b><u>drustvo.bayani@gmail.com<\/u><\/b><\/a>.\u00a0<\/p>\t\t\t\t\t\t\t\t<\/div>\n\t\t<div class=\"elementor-element elementor-element-f1693b7 e-con-full e-flex e-con e-child\" data-id=\"f1693b7\" data-element_type=\"container\">\n\t\t\t\t<div class=\"elementor-element elementor-element-11a2629 e-grid-align-left elementor-shape-rounded elementor-grid-0 elementor-widget elementor-widget-social-icons\" data-id=\"11a2629\" data-element_type=\"widget\" data-widget_type=\"social-icons.default\">\n\t\t\t\t\t\t\t<div class=\"elementor-social-icons-wrapper elementor-grid\" role=\"list\">\n\t\t\t\t\t\t\t<span class=\"elementor-grid-item\" role=\"listitem\">\n\t\t\t\t\t<a class=\"elementor-icon elementor-social-icon elementor-social-icon-envelope elementor-repeater-item-13ec9bc\" href=\"https:\/\/docs.google.com\/forms\/d\/e\/1FAIpQLSeNTtjm3qHm4G40v3pNv1oocNrChdj2-zUGJyhfqHAlqsSsgg\/viewform?usp=header\" target=\"_blank\">\n\t\t\t\t\t\t<span class=\"elementor-screen-only\">Envelope<\/span>\n\t\t\t\t\t\t<svg class=\"e-font-icon-svg e-fas-envelope\" viewBox=\"0 0 512 512\" xmlns=\"http:\/\/www.w3.org\/2000\/svg\"><path d=\"M502.3 190.8c3.9-3.1 9.7-.2 9.7 4.7V400c0 26.5-21.5 48-48 48H48c-26.5 0-48-21.5-48-48V195.6c0-5 5.7-7.8 9.7-4.7 22.4 17.4 52.1 39.5 154.1 113.6 21.1 15.4 56.7 47.8 92.2 47.6 35.7.3 72-32.8 92.3-47.6 102-74.1 131.6-96.3 154-113.7zM256 320c23.2.4 56.6-29.2 73.4-41.4 132.7-96.3 142.8-104.7 173.4-128.7 5.8-4.5 9.2-11.5 9.2-18.9v-19c0-26.5-21.5-48-48-48H48C21.5 64 0 85.5 0 112v19c0 7.4 3.4 14.3 9.2 18.9 30.6 23.9 40.7 32.4 173.4 128.7 16.8 12.2 50.2 41.8 73.4 41.4z\"><\/path><\/svg>\t\t\t\t\t<\/a>\n\t\t\t\t<\/span>\n\t\t\t\t\t\t\t<span class=\"elementor-grid-item\" role=\"listitem\">\n\t\t\t\t\t<a class=\"elementor-icon elementor-social-icon elementor-social-icon-youtube elementor-repeater-item-5995fb9\" href=\"https:\/\/www.youtube.com\/@NatasaBAYANI\" target=\"_blank\">\n\t\t\t\t\t\t<span class=\"elementor-screen-only\">Youtube<\/span>\n\t\t\t\t\t\t<svg class=\"e-font-icon-svg e-fab-youtube\" viewBox=\"0 0 576 512\" xmlns=\"http:\/\/www.w3.org\/2000\/svg\"><path d=\"M549.655 124.083c-6.281-23.65-24.787-42.276-48.284-48.597C458.781 64 288 64 288 64S117.22 64 74.629 75.486c-23.497 6.322-42.003 24.947-48.284 48.597-11.412 42.867-11.412 132.305-11.412 132.305s0 89.438 11.412 132.305c6.281 23.65 24.787 41.5 48.284 47.821C117.22 448 288 448 288 448s170.78 0 213.371-11.486c23.497-6.321 42.003-24.171 48.284-47.821 11.412-42.867 11.412-132.305 11.412-132.305s0-89.438-11.412-132.305zm-317.51 213.508V175.185l142.739 81.205-142.739 81.201z\"><\/path><\/svg>\t\t\t\t\t<\/a>\n\t\t\t\t<\/span>\n\t\t\t\t\t\t\t<span class=\"elementor-grid-item\" role=\"listitem\">\n\t\t\t\t\t<a class=\"elementor-icon elementor-social-icon elementor-social-icon-instagram elementor-repeater-item-6e31a3e\" href=\"https:\/\/www.instagram.com\/kuod_bayani\/?hl=en\" target=\"_blank\">\n\t\t\t\t\t\t<span class=\"elementor-screen-only\">Instagram<\/span>\n\t\t\t\t\t\t<svg class=\"e-font-icon-svg e-fab-instagram\" viewBox=\"0 0 448 512\" xmlns=\"http:\/\/www.w3.org\/2000\/svg\"><path d=\"M224.1 141c-63.6 0-114.9 51.3-114.9 114.9s51.3 114.9 114.9 114.9S339 319.5 339 255.9 287.7 141 224.1 141zm0 189.6c-41.1 0-74.7-33.5-74.7-74.7s33.5-74.7 74.7-74.7 74.7 33.5 74.7 74.7-33.6 74.7-74.7 74.7zm146.4-194.3c0 14.9-12 26.8-26.8 26.8-14.9 0-26.8-12-26.8-26.8s12-26.8 26.8-26.8 26.8 12 26.8 26.8zm76.1 27.2c-1.7-35.9-9.9-67.7-36.2-93.9-26.2-26.2-58-34.4-93.9-36.2-37-2.1-147.9-2.1-184.9 0-35.8 1.7-67.6 9.9-93.9 36.1s-34.4 58-36.2 93.9c-2.1 37-2.1 147.9 0 184.9 1.7 35.9 9.9 67.7 36.2 93.9s58 34.4 93.9 36.2c37 2.1 147.9 2.1 184.9 0 35.9-1.7 67.7-9.9 93.9-36.2 26.2-26.2 34.4-58 36.2-93.9 2.1-37 2.1-147.8 0-184.8zM398.8 388c-7.8 19.6-22.9 34.7-42.6 42.6-29.5 11.7-99.5 9-132.1 9s-102.7 2.6-132.1-9c-19.6-7.8-34.7-22.9-42.6-42.6-11.7-29.5-9-99.5-9-132.1s-2.6-102.7 9-132.1c7.8-19.6 22.9-34.7 42.6-42.6 29.5-11.7 99.5-9 132.1-9s102.7-2.6 132.1 9c19.6 7.8 34.7 22.9 42.6 42.6 11.7 29.5 9 99.5 9 132.1s2.7 102.7-9 132.1z\"><\/path><\/svg>\t\t\t\t\t<\/a>\n\t\t\t\t<\/span>\n\t\t\t\t\t<\/div>\n\t\t\t\t\t\t<\/div>\n\t\t\t\t<\/div>\n\t\t\t\t\t<\/div>\n\t\t\t\t<\/div>\n\t\t<div class=\"elementor-element elementor-element-9d2db0c e-flex e-con-boxed e-con e-parent\" data-id=\"9d2db0c\" data-element_type=\"container\">\n\t\t\t\t\t<div class=\"e-con-inner\">\n\t\t<div class=\"elementor-element elementor-element-ecfc4eb e-con-full e-flex e-con e-child\" data-id=\"ecfc4eb\" data-element_type=\"container\">\n\t\t\t\t<div class=\"elementor-element elementor-element-cb488be elementor-widget elementor-widget-text-editor\" data-id=\"cb488be\" data-element_type=\"widget\" data-widget_type=\"text-editor.default\">\n\t\t\t\t\t\t\t\t\t<p><em><strong>Kulturno umetni\u0161ko orientalsko dru\u0161tvo Bayani<\/strong><\/em><\/p><p>Sede\u017e: Cankarjeva cesta 17, Mekinje, 1241 Kamnik<\/p><p><strong>Studio<\/strong>: <strong>Trg svobode 6, 1241 Kamnik<\/strong><\/p><p>TRR: SI56 0231 2025 5542 629<\/p>\t\t\t\t\t\t\t\t<\/div>\n\t\t\t\t<\/div>\n\t\t<div class=\"elementor-element elementor-element-e17dcd2 e-con-full e-flex e-con e-child\" data-id=\"e17dcd2\" data-element_type=\"container\">\n\t\t\t\t<div class=\"elementor-element elementor-element-eac690c elementor-widget elementor-widget-google_maps\" data-id=\"eac690c\" data-element_type=\"widget\" data-widget_type=\"google_maps.default\">\n\t\t\t\t\t\t\t<div class=\"elementor-custom-embed\">\n\t\t\t<iframe loading=\"lazy\"\n\t\t\t\t\tsrc=\"https:\/\/maps.google.com\/maps?q=Trg%20svobode%206%2C%20Kamnik&#038;t=m&#038;z=19&#038;output=embed&#038;iwloc=near\"\n\t\t\t\t\ttitle=\"Trg svobode 6, Kamnik\"\n\t\t\t\t\taria-label=\"Trg svobode 6, Kamnik\"\n\t\t\t><\/iframe>\n\t\t<\/div>\n\t\t\t\t\t\t<\/div>\n\t\t\t\t<\/div>\n\t\t\t\t\t<\/div>\n\t\t\t\t<\/div>\n\t\t<div class=\"elementor-element elementor-element-8361806 e-grid e-con-boxed e-con e-parent\" data-id=\"8361806\" data-element_type=\"container\">\n\t\t\t\t\t<div class=\"e-con-inner\">\n\t\t\t\t<div class=\"elementor-element elementor-element-a87c611 elementor-widget elementor-widget-spacer\" data-id=\"a87c611\" data-element_type=\"widget\" data-widget_type=\"spacer.default\">\n\t\t\t\t\t\t\t<div class=\"elementor-spacer\">\n\t\t\t<div class=\"elementor-spacer-inner\"><\/div>\n\t\t<\/div>\n\t\t\t\t\t\t<\/div>\n\t\t\t\t<div class=\"elementor-element elementor-element-0ea4116 elementor-widget elementor-widget-html\" data-id=\"0ea4116\" data-element_type=\"widget\" data-widget_type=\"html.default\">\n\t\t\t\t\t<div class=\"google-form-container\">\r\n  <iframe src=\"https:\/\/docs.google.com\/forms\/d\/e\/1FAIpQLSeNTtjm3qHm4G40v3pNv1oocNrChdj2-zUGJyhfqHAlqsSsgg\/viewform?embedded=true\" width=\"240\" height=\"50\" frameborder=\"0\" marginheight=\"0\" marginwidth=\"0\">Loading\u2026<\/iframe>\r\n<\/div>\r\n\t\t\t\t<\/div>\n\t\t\t\t\t<\/div>\n\t\t\t\t<\/div>\n\t\t\t\t<\/div>\n\t\t","protected":false},"excerpt":{"rendered":"<p>Za vsa vpra\u0161anja glede te\u010dajev, delavnic in nastopov ostajamo z veseljem na voljo na dru\u0161tvenem mailu drustvo.bayani@gmail.com.\u00a0 Envelope Youtube Instagram Kulturno umetni\u0161ko orientalsko dru\u0161tvo Bayani Sede\u017e: Cankarjeva cesta 17, Mekinje, 1241 Kamnik Studio: Trg svobode 6, 1241 Kamnik TRR: SI56 0231 2025 5542 629 Loading\u2026<\/p>\n","protected":false},"author":1,"featured_media":0,"parent":0,"menu_order":0,"comment_status":"closed","ping_status":"closed","template":"","meta":{"ub_ctt_via":"","footnotes":""},"class_list":["post-979","page","type-page","status-publish","hentry"],"featured_image_src":null,"_links":{"self":[{"href":"https:\/\/kuod-bayani.com\/index.php\/wp-json\/wp\/v2\/pages\/979","targetHints":{"allow":["GET"]}}],"collection":[{"href":"https:\/\/kuod-bayani.com\/index.php\/wp-json\/wp\/v2\/pages"}],"about":[{"href":"https:\/\/kuod-bayani.com\/index.php\/wp-json\/wp\/v2\/types\/page"}],"author":[{"embeddable":true,"href":"https:\/\/kuod-bayani.com\/index.php\/wp-json\/wp\/v2\/users\/1"}],"replies":[{"embeddable":true,"href":"https:\/\/kuod-bayani.com\/index.php\/wp-json\/wp\/v2\/comments?post=979"}],"version-history":[{"count":11,"href":"https:\/\/kuod-bayani.com\/index.php\/wp-json\/wp\/v2\/pages\/979\/revisions"}],"predecessor-version":[{"id":1029,"href":"https:\/\/kuod-bayani.com\/index.php\/wp-json\/wp\/v2\/pages\/979\/revisions\/1029"}],"wp:attachment":[{"href":"https:\/\/kuod-bayani.com\/index.php\/wp-json\/wp\/v2\/media?parent=979"}],"curies":[{"name":"wp","href":"https:\/\/api.w.org\/{rel}","templated":true}]}}